{"id":4271,"date":"2016-03-30T08:42:46","date_gmt":"2016-03-30T08:42:46","guid":{"rendered":"http:\/\/emailchef.com\/cs\/?page_id=4271"},"modified":"2016-03-30T08:42:46","modified_gmt":"2016-03-30T08:42:46","slug":"mistr-chef-podminky","status":"publish","type":"page","link":"https:\/\/emailchef.com\/cs\/mistr-chef-podminky\/","title":{"rendered":"Mistr Chef podm\u00ednky"},"content":{"rendered":"<p><img fetchpriority=\"high\" decoding=\"async\" class=\"alignnone wp-image-2077\" src=\"http:\/\/emailchef.com\/wp-content\/uploads\/2015\/02\/executive-chef.png\" alt=\"Mistr Chef podm\u00ednky\" width=\"636\" height=\"216\" \/><br \/>\n\n<ul id=\"\" class=\"g1-list g1-list--icon g1-list--none \">\n<li><i class=\"fa fa-arrow-right g1-list__icon\"><\/i>M\u016f\u017eete znovu p\u0159ihl\u00e1sit kontakt, kter\u00fd jste p\u0159edt\u00edm sami odhl\u00e1sili.<\/li>\n<li><i class=\"fa fa-arrow-right g1-list__icon\"><\/i>Odhl\u00e1\u0161en\u00ed neodstran\u00ed kontakt ze v\u0161ech seznam\u016f v \u00fa\u010dtu a nezabr\u00e1n\u00ed v\u0161em budouc\u00edm pokus\u016fm o znovu p\u0159ihl\u00e1\u0161en\u00ed.<\/li>\n<li><i class=\"fa fa-arrow-right g1-list__icon\"><\/i>Kontakt je mo\u017en\u00e9 znovu p\u0159ihl\u00e1sit s pou\u017eit\u00edm p\u0159ihla\u0161ovac\u00edho formul\u00e1\u0159e.<\/li>\n<li><i class=\"fa fa-arrow-right g1-list__icon\"><\/i>Single opt-in p\u0159ihl\u00e1\u0161en\u00ed jsou dovolena.<\/li>\n<li><i class=\"fa fa-arrow-right g1-list__icon\"><\/i>Nen\u00ed mo\u017eno pos\u00edlat emaily bez CAN-SPAM tag\u016f (anti spam politika)<\/li>\n<li><i class=\"fa fa-arrow-right g1-list__icon\"><\/i>P\u0159ipomenut\u00ed ohledn\u011b CAN-SPAM tag\u016f jsou v\u017edy aktivn\u00ed<\/li>\n<\/ul>\n<\/p>\n<hr \/>\n<p>Zjist\u011bte v\u00edce o podm\u00ednk\u00e1ch a pravidlech \u00fa\u010dtu:<\/p>\n<ul>\n<li><a title=\"Sous-Chef podm\u00ednky \" href=\"http:\/\/emailchef.com\/cs\/sous-chef-podminky\/\">Sous-Chef podm\u00ednky <\/a><\/li>\n<li><a title=\"Hlavn\u00ed Chef podm\u00ednky\" href=\"http:\/\/emailchef.com\/cs\/hlavni-chef-podminky\/\">Hlavn\u00ed Chef podm\u00ednky<\/a><\/li>\n<\/ul>\n","protected":false},"excerpt":{"rendered":"<p>Zjist\u011bte v\u00edce o podm\u00ednk\u00e1ch a pravidlech \u00fa\u010dtu: Sous-Chef podm\u00ednky Hlavn\u00ed Chef podm\u00ednky<\/p>\n","protected":false},"author":1,"featured_media":0,"parent":0,"menu_order":119,"comment_status":"closed","ping_status":"closed","template":"g1_template_page_sidebar_right.php","meta":{"_acf_changed":false,"inline_featured_image":false,"footnotes":""},"g1_relation_tag":[],"class_list":["post-4271","page","type-page","status-publish","hentry"],"acf":[],"yoast_head":"<!-- This site is optimized with the Yoast SEO plugin v24.8.1 - https:\/\/yoast.com\/wordpress\/plugins\/seo\/ -->\n<title>Mistr Chef podm\u00ednky - Emailchef<\/title>\n<meta name=\"robots\" content=\"index, follow, max-snippet:-1, max-image-preview:large, max-video-preview:-1\" \/>\n<link rel=\"canonical\" href=\"https:\/\/emailchef.com\/cs\/mistr-chef-podminky\/\" \/>\n<meta name=\"twitter:label1\" content=\"Odhadovan\u00e1 doba \u010dten\u00ed\" \/>\n\t<meta name=\"twitter:data1\" content=\"1 minuta\" \/>\n<!-- \/ Yoast SEO plugin. -->","yoast_head_json":{"title":"Mistr Chef podm\u00ednky - Emailchef","robots":{"index":"index","follow":"follow","max-snippet":"max-snippet:-1","max-image-preview":"max-image-preview:large","max-video-preview":"max-video-preview:-1"},"canonical":"https:\/\/emailchef.com\/cs\/mistr-chef-podminky\/","twitter_misc":{"Odhadovan\u00e1 doba \u010dten\u00ed":"1 minuta"},"schema":{"@context":"https:\/\/schema.org","@graph":[{"@type":"WebPage","@id":"https:\/\/emailchef.com\/cs\/mistr-chef-podminky\/","url":"https:\/\/emailchef.com\/cs\/mistr-chef-podminky\/","name":"Mistr Chef podm\u00ednky - Emailchef","isPartOf":{"@id":"https:\/\/emailchef.com\/cs\/#website"},"primaryImageOfPage":{"@id":"https:\/\/emailchef.com\/cs\/mistr-chef-podminky\/#primaryimage"},"image":{"@id":"https:\/\/emailchef.com\/cs\/mistr-chef-podminky\/#primaryimage"},"thumbnailUrl":"http:\/\/emailchef.com\/wp-content\/uploads\/2015\/02\/executive-chef.png","datePublished":"2016-03-30T08:42:46+00:00","breadcrumb":{"@id":"https:\/\/emailchef.com\/cs\/mistr-chef-podminky\/#breadcrumb"},"inLanguage":"cs","potentialAction":[{"@type":"ReadAction","target":["https:\/\/emailchef.com\/cs\/mistr-chef-podminky\/"]}]},{"@type":"ImageObject","inLanguage":"cs","@id":"https:\/\/emailchef.com\/cs\/mistr-chef-podminky\/#primaryimage","url":"http:\/\/emailchef.com\/wp-content\/uploads\/2015\/02\/executive-chef.png","contentUrl":"http:\/\/emailchef.com\/wp-content\/uploads\/2015\/02\/executive-chef.png"},{"@type":"BreadcrumbList","@id":"https:\/\/emailchef.com\/cs\/mistr-chef-podminky\/#breadcrumb","itemListElement":[{"@type":"ListItem","position":1,"name":"Home","item":"https:\/\/emailchef.com\/cs\/emailchef-sluzby-email-marketingu\/"},{"@type":"ListItem","position":2,"name":"Mistr Chef podm\u00ednky"}]},{"@type":"WebSite","@id":"https:\/\/emailchef.com\/cs\/#website","url":"https:\/\/emailchef.com\/cs\/","name":"Emailchef","description":"Chutn\u00e9 recepty pro email marketing","publisher":{"@id":"https:\/\/emailchef.com\/cs\/#organization"},"potentialAction":[{"@type":"SearchAction","target":{"@type":"EntryPoint","urlTemplate":"https:\/\/emailchef.com\/cs\/?s={search_term_string}"},"query-input":{"@type":"PropertyValueSpecification","valueRequired":true,"valueName":"search_term_string"}}],"inLanguage":"cs"},{"@type":"Organization","@id":"https:\/\/emailchef.com\/cs\/#organization","name":"Delivery Tech Corp.","url":"https:\/\/emailchef.com\/cs\/","logo":{"@type":"ImageObject","inLanguage":"cs","@id":"https:\/\/emailchef.com\/cs\/#\/schema\/logo\/image\/","url":"https:\/\/emailchef.com\/wp-content\/uploads\/2022\/04\/logo-sama.png","contentUrl":"https:\/\/emailchef.com\/wp-content\/uploads\/2022\/04\/logo-sama.png","width":237,"height":80,"caption":"Delivery Tech Corp."},"image":{"@id":"https:\/\/emailchef.com\/cs\/#\/schema\/logo\/image\/"}}]}},"_links":{"self":[{"href":"https:\/\/emailchef.com\/cs\/wp-json\/wp\/v2\/pages\/4271"}],"collection":[{"href":"https:\/\/emailchef.com\/cs\/wp-json\/wp\/v2\/pages"}],"about":[{"href":"https:\/\/emailchef.com\/cs\/wp-json\/wp\/v2\/types\/page"}],"author":[{"embeddable":true,"href":"https:\/\/emailchef.com\/cs\/wp-json\/wp\/v2\/users\/1"}],"replies":[{"embeddable":true,"href":"https:\/\/emailchef.com\/cs\/wp-json\/wp\/v2\/comments?post=4271"}],"version-history":[{"count":1,"href":"https:\/\/emailchef.com\/cs\/wp-json\/wp\/v2\/pages\/4271\/revisions"}],"predecessor-version":[{"id":4272,"href":"https:\/\/emailchef.com\/cs\/wp-json\/wp\/v2\/pages\/4271\/revisions\/4272"}],"wp:attachment":[{"href":"https:\/\/emailchef.com\/cs\/wp-json\/wp\/v2\/media?parent=4271"}],"wp:term":[{"taxonomy":"g1_relation_tag","embeddable":true,"href":"https:\/\/emailchef.com\/cs\/wp-json\/wp\/v2\/g1_relation_tag?post=4271"}],"curies":[{"name":"wp","href":"https:\/\/api.w.org\/{rel}","templated":true}]}}