{"id":4259,"date":"2015-10-01T15:33:24","date_gmt":"2015-10-01T15:33:24","guid":{"rendered":"http:\/\/emailchef.com\/cs\/?page_id=4259"},"modified":"2016-12-29T10:45:19","modified_gmt":"2016-12-29T10:45:19","slug":"anti-spam-politika","status":"publish","type":"page","link":"https:\/\/emailchef.com\/cs\/anti-spam-politika\/","title":{"rendered":"Anti-Spam Politika"},"content":{"rendered":"<p>My jsme si v\u011bdomi na\u0161\u00ed zodpov\u011bdnosti a sd\u00edl\u00edme obavy ohledn\u011b ochrany osobn\u00edch \u00fadaj\u016f lid\u00ed na internetu. Jsme energicky proti jak\u00fdmkoli nevy\u017e\u00e1dan\u00fdm email\u016fm (spamu).<br \/>\nEmailchef nedovoluje nikomu, aby pou\u017e\u00edval jeho slu\u017eeb pro \u00fa\u010dely zas\u00edl\u00e1n\u00ed spamu. Pokud rozpozn\u00e1me spamery, pak jim na\u0161e slu\u017eby okam\u017eit\u011b ukon\u010d\u00edme. Pokud st\u00e1vaj\u00edc\u00ed Emailchef z\u00e1kazn\u00edk pou\u017e\u00edv\u00e1 na\u0161e slu\u017eby ke spamov\u00e1n\u00ed, jeho slu\u017eba bude okam\u017eit\u011b ukon\u010dena bez vr\u00e1cen\u00ed pen\u011bz.<br \/>\nPokud p\u0159\u00edjemce zavol\u00e1 do na\u0161\u00ed kancel\u00e1\u0159e a po\u017e\u00e1d\u00e1 o manu\u00e1ln\u00ed odstran\u011bn\u00ed ze seznamu na\u0161eho z\u00e1kazn\u00edka, pak jej z toho seznamu odstran\u00edme. <\/p>\n<p>Jsou t\u0159i zp\u016fsoby, jak m\u016f\u017ee z\u00e1kazn\u00edk poru\u0161it Anti-Spam pravidla:<br \/>\n1. Pos\u00edl\u00e1n\u00edm spamu.<br \/>\n2. Neodpov\u00edd\u00e1n\u00edm na \u0161et\u0159en\u00ed Emailchef pracovn\u00edka ohledn\u011b zdroje ur\u010dit\u00e9ho seznamu kontakt\u016f nebo emailov\u00e9 adresy.<br \/>\n3. Zas\u00edl\u00e1n\u00edm email\u016f na p\u0159\u00edjemce, co se ji\u017e d\u0159\u00edve odhl\u00e1sili ze zas\u00edl\u00e1n\u00ed email\u016f. <\/p>\n<p>Emailchef se m\u016f\u017ee s\u00e1m rozhodnout, jestli z\u00e1kazn\u00edk spamuje. Je n\u011bkolik faktor\u016f, kter\u00e9 Emailchef pou\u017e\u00edv\u00e1 k jejich ur\u010den\u00ed. Jsou to nap\u0159.: st\u00ed\u017enosti zaslan\u00e9 \u00fa\u0159ad\u016fm, reporty SpamCop, st\u00ed\u017enosti zaslan\u00e9 kter\u00e9mukoli z distributor\u016f produktu Emailchef, a vyhodnocov\u00e1n\u00edm statistik z\u00e1kazn\u00edk\u016f a adres p\u0159\u00edjemc\u016f. V\u0161echna rozhodnut\u00ed od Emailchef zam\u011bstnanc\u016f t\u00fdkaj\u00edc\u00ed se na\u0161\u00ed slu\u017eby jsou kone\u010dn\u00e1. <\/p>\n<h2>V\u00edce informac\u00ed o spamu<\/h2>\n<p><strong>Definice spamu<\/strong><br \/>\nSpam je nevy\u017e\u00e1dan\u00fd email poslan\u00fd v hromadn\u00e9 d\u00e1vce. Jak\u00e1koli nab\u00eddka, informace nebo prosba, poslan\u00e1 n\u011bjak\u00e9 osob\u011b emailem bez jej\u00edho p\u0159edchoz\u00edho souhlasu, kde neexistuje p\u0159edchoz\u00ed vztah mezi odes\u00edlatelem a p\u0159\u00edjemcem, je<br \/>\nspam.<\/p>\n<p><strong>P\u0159\u00edklady spamu<\/strong><br \/>\n1. Ka\u017ed\u00e1 emailov\u00e1 zpr\u00e1va poslan\u00e1 p\u0159\u00edjemci, kter\u00fd se d\u0159\u00edve p\u0159ihl\u00e1sil k odeb\u00edr\u00e1n\u00ed newsletter\u016f, produktov\u00fdch informac\u00ed nebo jin\u00fdch hromadn\u00fdch email\u016f, ale pozd\u011bji se odhl\u00e1sil, necht\u00edc d\u00e1le odeb\u00edrat dal\u0161\u00ed emaily, to je spam.<br \/>\n2. Jak\u00e1koli emailov\u00e1 zpr\u00e1va poslan\u00e1 u\u017eivatel\u016fm bez jak\u00e9hokoli p\u0159edchoz\u00edho vztahu s organizac\u00ed nebo s p\u0159ij\u00edm\u00e1n\u00edm email\u016f nesouhlasili, i toto je spam.<br \/>\n3. Jak\u00e1koli hromadn\u00e1 emailov\u00e1 kampa\u0148, kter\u00e1 je poslan\u00e1 osob\u011b bez mo\u017enosti dan\u00e9 osoby se ze seznamu odhl\u00e1sit nebo po\u017e\u00e1dat o nezas\u00edl\u00e1n\u00ed dal\u0161\u00edch zpr\u00e1v, toto je spam.<br \/>\n4. Jak\u00e1koli emailov\u00e1 zpr\u00e1va, kter\u00e1 nem\u00e1 uvedenu pravou emailovou adresu v kolonce odes\u00edlatel zpr\u00e1vy \u2026 je spam.<br \/>\n5. Jak\u00e1koli emailov\u00e1 zpr\u00e1va, kter\u00e1 obsahuje \u0161kodliv\u00e9 nebo zav\u00e1d\u011bj\u00edc\u00ed informace v hlavi\u010dce zpr\u00e1vy, p\u0159edm\u011btu nebo samotn\u00e9m t\u011ble zpr\u00e1vy, je spam.<br \/>\n6. Ka\u017ed\u00fd email, kter\u00fd slibuje snadn\u00fd v\u00fdd\u011blek z domova ($1000 za t\u00fdden) \u2026 je spam.<br \/>\n7. Ka\u017ed\u00e1 emailov\u00e1 zpr\u00e1va, kter\u00e1 podporuje str\u00e1nky pro dosp\u011bl\u00e9 je spam, pokud si je u\u017eivatel nevy\u017e\u00e1dal p\u0159\u00edmo u dan\u00e9 spole\u010dnosti.<br \/>\n8. Jak\u00e1koli emailov\u00e1 zpr\u00e1va, kter\u00e1 obsahuje \u201cADV:\u201d, \u201cADV ADLT:\u201d, nebo \u201cADV ADULT\u201d v p\u0159edm\u011btu zpr\u00e1vy je spam.<br \/>\n9. Ka\u017ed\u00e1 zpr\u00e1va odeslan\u00e1 na emailov\u00e9 adresy, kter\u00e9 byly z\u00edsk\u00e1ny vykop\u00edrov\u00e1n\u00edm z webov\u00fdch str\u00e1nek, zpr\u00e1v, nebo jin\u00fdch oblast\u00ed internetu, je spam.<br \/>\n10. Ka\u017ed\u00e1 zpr\u00e1va odeslan\u00e1 na emailov\u00e9 adresy, kter\u00e9 byly sebr\u00e1ny pomoc\u00ed tzv. \u201cemail appending\u201d, tak\u00e9 zn\u00e1m\u00e9ho jako e-pending, je spam. E-pending je praxe, p\u0159i kter\u00e9 se spojuj datab\u00e1ze informac\u00ed o z\u00e1kazn\u00edc\u00edch, kter\u00e9 neobsahuj\u00ed emailov\u00e9 adresy, s datab\u00e1z\u00ed t\u0159et\u00ed strany plnou emailov\u00fdch adres ve snaze propojit emailov\u00e9 adresy k p\u016fvodn\u00edm informac\u00edm u\u017eivatel\u016f a jejich adres\u00e1m. <\/p>\n<p>Co nen\u00ed Spam<br \/>\n1. Emailov\u00e1 zpr\u00e1va NEN\u00cd spam, pokud p\u0159\u00edjemce jak\u00fdmkoli zp\u016fsobem po\u017e\u00e1dal o zasl\u00e1n\u00ed emailu od odes\u00edlatele nebo jeho organizace.<br \/>\n2. Kdykoli po\u0161le organizace emailovou zpr\u00e1vu komukoli ze sv\u00fdch z\u00e1kazn\u00edk\u016f s prosbou o schv\u00e1len\u00ed budouc\u00edch hromadn\u00fdch zpr\u00e1v. Nen\u00ed to spam, pokud organizace nab\u00eddne z\u00e1kazn\u00edkovi odhl\u00e1sit se z budouc\u00edch zpr\u00e1v a z\u00e1kazn\u00edk se ji\u017e d\u0159\u00edve neodhl\u00e1sil.<br \/>\n3. Emailov\u00e1 zpr\u00e1va NEN\u00cd spam, kdy\u017e je odesl\u00e1na p\u0159\u00edjemci, kter\u00fd s p\u0159ij\u00edm\u00e1n\u00edm informac\u00ed a nab\u00eddek od partnersk\u00e9 organizace souhlasil (a je tam jasn\u011b uveden\u00e1 mo\u017enost odhl\u00e1\u0161en\u00ed).<br \/>\nKa\u017ed\u00fd z\u00e1kazn\u00edk, kter\u00fd rozes\u00edl\u00e1 spam je v rozporu s touto Anti-spam politikou.<\/p>\n<h2>Proces odpov\u011bdi na st\u00ed\u017enost<\/h2>\n<p><strong>Jak jedn\u00e1me se st\u00ed\u017enostmi<\/strong><br \/>\nI p\u0159es skute\u010dnost, \u017ee z\u00e1kazn\u00edk nemus\u00ed rozes\u00edlat spam, m\u016f\u017eeme obdr\u017eet st\u00ed\u017enosti od jeho p\u0159\u00edjemc\u016f. Je politikou firmy Emailchef odpov\u00eddat individu\u00e1ln\u011b na ka\u017edou st\u00ed\u017enost tak, aby se st\u011b\u017eovatel mohl spolehnout, \u017ee jeho adresa nebude zneu\u017eita, prod\u00e1na, pronajata nebo jinak nekale vlo\u017eena na z\u00e1kazn\u00edk\u016fv seznam. N\u00e1\u0161 team prov\u00e1d\u00ed n\u00e1sleduj\u00edc\u00ed kroky poka\u017ed\u00e9, kdy\u017e obdr\u017e\u00edme st\u00ed\u017enost:<br \/>\n1. Kontaktuje mana\u017eera emailov\u00e9ho \u00fa\u010dtu s po\u017eadavkem na ofici\u00e1ln\u00ed vysv\u011btlen\u00ed (tzv. Emailchef Abuse Inquiry). Tato \u017e\u00e1dost po\u017eaduje po z\u00e1kazn\u00edkovi, aby potvrdil zdroj emailov\u00e9 adresy obecn\u011b, a tak\u00e9 poskytnout v\u0161echny pot\u0159ebn\u00e9 a specifick\u00e9 informace vztahuj\u00edc\u00ed se k dan\u00e9 emailov\u00e9 adrese. Z\u00e1kazn\u00edci by m\u011bli odpov\u011bd\u011bt do 2 pracovn\u00edch dn\u016f od doru\u010den\u00ed \u017e\u00e1dosti od spole\u010dnosti Emailchef. Pokud tak neu\u010din\u00ed v dan\u00e9 lh\u016ft\u011b, je to poru\u0161en\u00ed Anti-spam politiky. Z\u00e1kazn\u00edk nesm\u00ed kontaktovat st\u011b\u017eovatele bez svolen\u00ed na\u0161eho teamu pro zneu\u017eit\u00ed.<br \/>\n2. Emailchef team pro zneu\u017eit\u00ed zv\u00e1\u017e\u00ed odpov\u011b\u010f z\u00e1kazn\u00edka a celou st\u00ed\u017enost a posoud\u00ed, zda je nebo nen\u00ed z\u00e1kazn\u00edk v souladu s Anti-spam politikou.<br \/>\n3. Emailchef odpov\u00ed st\u011b\u017eovatelovi. Ve chv\u00edli, kdy byl z\u00e1kazn\u00edk v souladu s A-s politikou, Emailchef odpov\u00ed st\u011b\u017eovateli informac\u00ed, jak se p\u0159ihl\u00e1sil k odb\u011bru hromadn\u00fdch email\u016f a ujist\u00ed jej, \u017ee byla jeho adresa odhl\u00e1\u0161ena z dal\u0161\u00edch zpr\u00e1v v budoucnu. Odpov\u011b\u010f je zasl\u00e1na i z\u00e1kazn\u00edkovi jako skryt\u00e1 kopie.<br \/>\n4. Pokud je z\u00e1kazn\u00edk p\u0159isti\u017een, \u017ee poru\u0161uje pravidla t\u00e9to politiky, dostane Spam odhaluj\u00edc\u00ed odpov\u011b\u010f se specifick\u00fdmi informacemi k poru\u0161en\u00ed pravidel. <\/p>\n<p><strong>Pro\u010d odpov\u00edd\u00e1me jednotliv\u011b na ka\u017edou st\u00ed\u017enost?<\/strong><br \/>\nMus\u00edme se ujistit, \u017ee slou\u017e\u00edme na\u0161im z\u00e1kazn\u00edk\u016fm tak dob\u0159e, jak je to jen mo\u017en\u00e9. Spr\u00e1vn\u00e1 odpov\u011b\u010f na spam st\u00ed\u017enosti je z\u00e1kladem pro udr\u017een\u00ed na\u0161\u00ed reputace u emailov\u00fdch poskytovatel\u016f po cel\u00e9m sv\u011bt\u011b. Pokud je Emailchef pou\u017e\u00edv\u00e1n k rozes\u00edl\u00e1n\u00ed spamu nebo pokud nezareagujeme na st\u00ed\u017enosti a neinformuje st\u011b\u017eovatele, kdy se zapsali na p\u0159\u00edjem email\u016f, riskujeme na\u0161i reputaci u ISP poskytovatel\u016f po cel\u00e9m sv\u011bt\u011b a to \u017ee n\u00e1m zablokuj\u00ed servery.<br \/>\nJsme zde, abychom maximalizovali efektivitu mailing\u016f na\u0161ich z\u00e1kazn\u00edk\u016f, vyu\u010dovali je nejlep\u0161\u00edm emailov\u00fdm praktik\u00e1m a pom\u00e1hali vyhnout se spamov\u00fdm st\u00ed\u017enostem. <\/p>\n<p><strong>Povinn\u00e9 sou\u010d\u00e1sti ka\u017ed\u00e9ho hromadn\u00e9ho emailu<\/strong><br \/>\nPokud je Emailchef  pou\u017eit\u00fd pro hromadnou emailovou kampa\u0148 v protikladu k transak\u010dn\u00edmu emailu pro jednoho p\u0159\u00edjemce, mus\u00ed zpr\u00e1va obsahovat:<br \/>\n1. Informace o tom, jak se p\u0159\u00edjemce dostal na seznam<br \/>\n2. Mechanismus pro odhl\u00e1\u0161en\u00ed, jako nap\u0159. odkaz pro odhl\u00e1\u0161en\u00ed (pro HTML zpr\u00e1vy) nebo instrukce pro odpov\u011b\u010f na email spole\u010dn\u011b s p\u0159edm\u011btem \u201codhl\u00e1sit\u201d (pro pouze textov\u00e9 zpr\u00e1vy)<br \/>\n3. Po\u0161tovn\u00ed adresu odes\u00edlatele<br \/>\nPokud byste se cht\u011bli ohledn\u011b anti spam politiky na n\u011bco zeptat nebo reportovat spam aktivitu n\u011bjak\u00e9ho z na\u0161ich u\u017eivatel\u016f, kontaktujte pros\u00edm n\u00e1\u0161 team na adrese:<\/p>\n<p>Delivery Tech Corp.<br \/>\n4411 Morena Blvd #230<br \/>\nSan Diego, CA 92117<br \/>\nEmail to: abuse AT Emailchef.com<\/p>\n","protected":false},"excerpt":{"rendered":"<p>My jsme si v\u011bdomi na\u0161\u00ed zodpov\u011bdnosti a sd\u00edl\u00edme obavy ohledn\u011b ochrany osobn\u00edch \u00fadaj\u016f lid\u00ed na internetu. Jsme energicky proti jak\u00fdmkoli nevy\u017e\u00e1dan\u00fdm email\u016fm (spamu). Emailchef nedovoluje nikomu, aby pou\u017e\u00edval jeho slu\u017eeb pro \u00fa\u010dely zas\u00edl\u00e1n\u00ed spamu. Pokud rozpozn\u00e1me spamery, pak jim na\u0161e slu\u017eby okam\u017eit\u011b ukon\u010d\u00edme. Pokud st\u00e1vaj\u00edc\u00ed Emailchef z\u00e1kazn\u00edk pou\u017e\u00edv\u00e1 na\u0161e slu\u017eby ke spamov\u00e1n\u00ed, jeho slu\u017eba bude [&hellip;]<\/p>\n","protected":false},"author":1,"featured_media":0,"parent":0,"menu_order":28,"comment_status":"closed","ping_status":"closed","template":"","meta":{"_acf_changed":false,"inline_featured_image":false,"footnotes":""},"g1_relation_tag":[],"class_list":["post-4259","page","type-page","status-publish","hentry"],"acf":[],"yoast_head":"<!-- This site is optimized with the Yoast SEO plugin v24.8.1 - https:\/\/yoast.com\/wordpress\/plugins\/seo\/ -->\n<title>Anti-Spam Politika - Emailchef<\/title>\n<meta name=\"robots\" content=\"index, follow, max-snippet:-1, max-image-preview:large, max-video-preview:-1\" \/>\n<link rel=\"canonical\" href=\"https:\/\/emailchef.com\/cs\/anti-spam-politika\/\" \/>\n<meta name=\"twitter:label1\" content=\"Odhadovan\u00e1 doba \u010dten\u00ed\" \/>\n\t<meta name=\"twitter:data1\" content=\"7 minut\" \/>\n<!-- \/ Yoast SEO plugin. -->","yoast_head_json":{"title":"Anti-Spam Politika - Emailchef","robots":{"index":"index","follow":"follow","max-snippet":"max-snippet:-1","max-image-preview":"max-image-preview:large","max-video-preview":"max-video-preview:-1"},"canonical":"https:\/\/emailchef.com\/cs\/anti-spam-politika\/","twitter_misc":{"Odhadovan\u00e1 doba \u010dten\u00ed":"7 minut"},"schema":{"@context":"https:\/\/schema.org","@graph":[{"@type":"WebPage","@id":"https:\/\/emailchef.com\/cs\/anti-spam-politika\/","url":"https:\/\/emailchef.com\/cs\/anti-spam-politika\/","name":"Anti-Spam Politika - Emailchef","isPartOf":{"@id":"https:\/\/emailchef.com\/cs\/#website"},"datePublished":"2015-10-01T15:33:24+00:00","dateModified":"2016-12-29T10:45:19+00:00","breadcrumb":{"@id":"https:\/\/emailchef.com\/cs\/anti-spam-politika\/#breadcrumb"},"inLanguage":"cs","potentialAction":[{"@type":"ReadAction","target":["https:\/\/emailchef.com\/cs\/anti-spam-politika\/"]}]},{"@type":"BreadcrumbList","@id":"https:\/\/emailchef.com\/cs\/anti-spam-politika\/#breadcrumb","itemListElement":[{"@type":"ListItem","position":1,"name":"Home","item":"https:\/\/emailchef.com\/cs\/emailchef-sluzby-email-marketingu\/"},{"@type":"ListItem","position":2,"name":"Anti-Spam Politika"}]},{"@type":"WebSite","@id":"https:\/\/emailchef.com\/cs\/#website","url":"https:\/\/emailchef.com\/cs\/","name":"Emailchef","description":"Chutn\u00e9 recepty pro email marketing","publisher":{"@id":"https:\/\/emailchef.com\/cs\/#organization"},"potentialAction":[{"@type":"SearchAction","target":{"@type":"EntryPoint","urlTemplate":"https:\/\/emailchef.com\/cs\/?s={search_term_string}"},"query-input":{"@type":"PropertyValueSpecification","valueRequired":true,"valueName":"search_term_string"}}],"inLanguage":"cs"},{"@type":"Organization","@id":"https:\/\/emailchef.com\/cs\/#organization","name":"Delivery Tech Corp.","url":"https:\/\/emailchef.com\/cs\/","logo":{"@type":"ImageObject","inLanguage":"cs","@id":"https:\/\/emailchef.com\/cs\/#\/schema\/logo\/image\/","url":"https:\/\/emailchef.com\/wp-content\/uploads\/2022\/04\/logo-sama.png","contentUrl":"https:\/\/emailchef.com\/wp-content\/uploads\/2022\/04\/logo-sama.png","width":237,"height":80,"caption":"Delivery Tech Corp."},"image":{"@id":"https:\/\/emailchef.com\/cs\/#\/schema\/logo\/image\/"}}]}},"_links":{"self":[{"href":"https:\/\/emailchef.com\/cs\/wp-json\/wp\/v2\/pages\/4259"}],"collection":[{"href":"https:\/\/emailchef.com\/cs\/wp-json\/wp\/v2\/pages"}],"about":[{"href":"https:\/\/emailchef.com\/cs\/wp-json\/wp\/v2\/types\/page"}],"author":[{"embeddable":true,"href":"https:\/\/emailchef.com\/cs\/wp-json\/wp\/v2\/users\/1"}],"replies":[{"embeddable":true,"href":"https:\/\/emailchef.com\/cs\/wp-json\/wp\/v2\/comments?post=4259"}],"version-history":[{"count":3,"href":"https:\/\/emailchef.com\/cs\/wp-json\/wp\/v2\/pages\/4259\/revisions"}],"predecessor-version":[{"id":4262,"href":"https:\/\/emailchef.com\/cs\/wp-json\/wp\/v2\/pages\/4259\/revisions\/4262"}],"wp:attachment":[{"href":"https:\/\/emailchef.com\/cs\/wp-json\/wp\/v2\/media?parent=4259"}],"wp:term":[{"taxonomy":"g1_relation_tag","embeddable":true,"href":"https:\/\/emailchef.com\/cs\/wp-json\/wp\/v2\/g1_relation_tag?post=4259"}],"curies":[{"name":"wp","href":"https:\/\/api.w.org\/{rel}","templated":true}]}}