{"id":4246,"date":"2016-03-30T07:52:32","date_gmt":"2016-03-30T07:52:32","guid":{"rendered":"http:\/\/emailchef.com\/cs\/?page_id=4246"},"modified":"2016-03-30T07:52:32","modified_gmt":"2016-03-30T07:52:32","slug":"bezpecne-odesilani","status":"publish","type":"page","link":"https:\/\/emailchef.com\/cs\/bezpecne-odesilani\/","title":{"rendered":"Bezpe\u010dn\u00e9 odes\u00edl\u00e1n\u00ed"},"content":{"rendered":"<p>Emailchef si v\u00e1\u017e\u00ed va\u0161\u00ed bezpe\u010dnosti a soukrom\u00ed, jako t\u011bch nejd\u016fle\u017eit\u011bj\u0161\u00edch v\u011bc\u00ed t\u00fdkaj\u00edc\u00edch se odes\u00edl\u00e1n\u00ed hromadn\u00fdch email\u016f.<\/p>\n<p>Garantujeme bezpe\u010dn\u00e9 odesl\u00e1n\u00ed skrze mnohovrstv\u00fd syst\u00e9m ochrany proti hacker\u016fm. V\u0161echny informace, kter\u00e9 hostujeme na na\u0161\u00ed platform\u011b (kontakty, odeslan\u00e9 i p\u0159ipraven\u00e9 emaily, \u0161ablony \u2026) budou v bezpe\u010d\u00ed a nikdy nebudu sd\u00edleny s nik\u00fdm mimo na\u0161e ujedn\u00e1n\u00ed slu\u017eby. Stejn\u011b tak se to t\u00fdk\u00e1 va\u0161ich osobn\u00edch dat. <\/p>\n<p>V p\u0159\u00edpad\u011b dotaz\u016f n\u00e1s nev\u00e1hejte kontaktovat. <\/p>\n","protected":false},"excerpt":{"rendered":"<p>Emailchef si v\u00e1\u017e\u00ed va\u0161\u00ed bezpe\u010dnosti a soukrom\u00ed, jako t\u011bch nejd\u016fle\u017eit\u011bj\u0161\u00edch v\u011bc\u00ed t\u00fdkaj\u00edc\u00edch se odes\u00edl\u00e1n\u00ed hromadn\u00fdch email\u016f. Garantujeme bezpe\u010dn\u00e9 odesl\u00e1n\u00ed skrze mnohovrstv\u00fd syst\u00e9m ochrany proti hacker\u016fm. V\u0161echny informace, kter\u00e9 hostujeme na na\u0161\u00ed platform\u011b (kontakty, odeslan\u00e9 i p\u0159ipraven\u00e9 emaily, \u0161ablony \u2026) budou v bezpe\u010d\u00ed a nikdy nebudu sd\u00edleny s nik\u00fdm mimo na\u0161e ujedn\u00e1n\u00ed slu\u017eby. Stejn\u011b tak se [&hellip;]<\/p>\n","protected":false},"author":1,"featured_media":0,"parent":0,"menu_order":227,"comment_status":"closed","ping_status":"closed","template":"g1_template_page_sidebar_right.php","meta":{"_acf_changed":false,"inline_featured_image":false,"footnotes":""},"g1_relation_tag":[],"class_list":["post-4246","page","type-page","status-publish","hentry"],"acf":[],"yoast_head":"<!-- This site is optimized with the Yoast SEO plugin v24.8.1 - https:\/\/yoast.com\/wordpress\/plugins\/seo\/ -->\n<title>Bezpe\u010dn\u00e9 odes\u00edl\u00e1n\u00ed - Emailchef<\/title>\n<meta name=\"robots\" content=\"index, follow, max-snippet:-1, max-image-preview:large, max-video-preview:-1\" \/>\n<link rel=\"canonical\" href=\"https:\/\/emailchef.com\/cs\/bezpecne-odesilani\/\" \/>\n<!-- \/ Yoast SEO plugin. -->","yoast_head_json":{"title":"Bezpe\u010dn\u00e9 odes\u00edl\u00e1n\u00ed - Emailchef","robots":{"index":"index","follow":"follow","max-snippet":"max-snippet:-1","max-image-preview":"max-image-preview:large","max-video-preview":"max-video-preview:-1"},"canonical":"https:\/\/emailchef.com\/cs\/bezpecne-odesilani\/","schema":{"@context":"https:\/\/schema.org","@graph":[{"@type":"WebPage","@id":"https:\/\/emailchef.com\/cs\/bezpecne-odesilani\/","url":"https:\/\/emailchef.com\/cs\/bezpecne-odesilani\/","name":"Bezpe\u010dn\u00e9 odes\u00edl\u00e1n\u00ed - Emailchef","isPartOf":{"@id":"https:\/\/emailchef.com\/cs\/#website"},"datePublished":"2016-03-30T07:52:32+00:00","breadcrumb":{"@id":"https:\/\/emailchef.com\/cs\/bezpecne-odesilani\/#breadcrumb"},"inLanguage":"cs","potentialAction":[{"@type":"ReadAction","target":["https:\/\/emailchef.com\/cs\/bezpecne-odesilani\/"]}]},{"@type":"BreadcrumbList","@id":"https:\/\/emailchef.com\/cs\/bezpecne-odesilani\/#breadcrumb","itemListElement":[{"@type":"ListItem","position":1,"name":"Home","item":"https:\/\/emailchef.com\/cs\/emailchef-sluzby-email-marketingu\/"},{"@type":"ListItem","position":2,"name":"Bezpe\u010dn\u00e9 odes\u00edl\u00e1n\u00ed"}]},{"@type":"WebSite","@id":"https:\/\/emailchef.com\/cs\/#website","url":"https:\/\/emailchef.com\/cs\/","name":"Emailchef","description":"Chutn\u00e9 recepty pro email marketing","publisher":{"@id":"https:\/\/emailchef.com\/cs\/#organization"},"potentialAction":[{"@type":"SearchAction","target":{"@type":"EntryPoint","urlTemplate":"https:\/\/emailchef.com\/cs\/?s={search_term_string}"},"query-input":{"@type":"PropertyValueSpecification","valueRequired":true,"valueName":"search_term_string"}}],"inLanguage":"cs"},{"@type":"Organization","@id":"https:\/\/emailchef.com\/cs\/#organization","name":"Delivery Tech Corp.","url":"https:\/\/emailchef.com\/cs\/","logo":{"@type":"ImageObject","inLanguage":"cs","@id":"https:\/\/emailchef.com\/cs\/#\/schema\/logo\/image\/","url":"https:\/\/emailchef.com\/wp-content\/uploads\/2022\/04\/logo-sama.png","contentUrl":"https:\/\/emailchef.com\/wp-content\/uploads\/2022\/04\/logo-sama.png","width":237,"height":80,"caption":"Delivery Tech Corp."},"image":{"@id":"https:\/\/emailchef.com\/cs\/#\/schema\/logo\/image\/"}}]}},"_links":{"self":[{"href":"https:\/\/emailchef.com\/cs\/wp-json\/wp\/v2\/pages\/4246"}],"collection":[{"href":"https:\/\/emailchef.com\/cs\/wp-json\/wp\/v2\/pages"}],"about":[{"href":"https:\/\/emailchef.com\/cs\/wp-json\/wp\/v2\/types\/page"}],"author":[{"embeddable":true,"href":"https:\/\/emailchef.com\/cs\/wp-json\/wp\/v2\/users\/1"}],"replies":[{"embeddable":true,"href":"https:\/\/emailchef.com\/cs\/wp-json\/wp\/v2\/comments?post=4246"}],"version-history":[{"count":1,"href":"https:\/\/emailchef.com\/cs\/wp-json\/wp\/v2\/pages\/4246\/revisions"}],"predecessor-version":[{"id":4247,"href":"https:\/\/emailchef.com\/cs\/wp-json\/wp\/v2\/pages\/4246\/revisions\/4247"}],"wp:attachment":[{"href":"https:\/\/emailchef.com\/cs\/wp-json\/wp\/v2\/media?parent=4246"}],"wp:term":[{"taxonomy":"g1_relation_tag","embeddable":true,"href":"https:\/\/emailchef.com\/cs\/wp-json\/wp\/v2\/g1_relation_tag?post=4246"}],"curies":[{"name":"wp","href":"https:\/\/api.w.org\/{rel}","templated":true}]}}