{"id":4233,"date":"2014-10-23T08:31:14","date_gmt":"2014-10-23T08:31:14","guid":{"rendered":"http:\/\/emailchef.com\/cs\/?page_id=4233"},"modified":"2024-07-23T15:28:04","modified_gmt":"2024-07-23T15:28:04","slug":"bezplatny-partnersky-program","status":"publish","type":"page","link":"https:\/\/emailchef.com\/cs\/bezplatny-partnersky-program\/","title":{"rendered":"Bezplatn\u00fd partnersk\u00fd program"},"content":{"rendered":"\t\t<div data-elementor-type=\"wp-page\" data-elementor-id=\"4233\" class=\"elementor elementor-4233 elementor-971\" data-elementor-post-type=\"page\">\n\t\t\t\t\t\t<section class=\"elementor-section elementor-top-section elementor-element elementor-element-e307d55 elementor-section-boxed elementor-section-height-default elementor-section-height-default\" data-id=\"e307d55\" data-element_type=\"section\">\n\t\t\t\t\t\t<div class=\"elementor-container elementor-column-gap-default\">\n\t\t\t\t\t<div class=\"elementor-column elementor-col-100 elementor-top-column elementor-element elementor-element-62225277\" data-id=\"62225277\" data-element_type=\"column\">\n\t\t\t<div class=\"elementor-widget-wrap elementor-element-populated\">\n\t\t\t\t\t\t<div class=\"elementor-element elementor-element-4bf75d32 elementor-widget elementor-widget-heading\" data-id=\"4bf75d32\" data-element_type=\"widget\" data-widget_type=\"heading.default\">\n\t\t\t\t<div class=\"elementor-widget-container\">\n\t\t\t\t\t<h2 class=\"elementor-heading-title elementor-size-default\">Jste web developer, konzultant nebo agentura?<br>\nDoporu\u010dte Emailchef Va\u0161im klient\u016fm a vyd\u011blejte 30% bez \u010dasov\u00e9ho omezen\u00ed.<\/h2>\t\t\t\t<\/div>\n\t\t\t\t<\/div>\n\t\t\t\t<div class=\"elementor-element elementor-element-5d73d9cb elementor-widget elementor-widget-heading\" data-id=\"5d73d9cb\" data-element_type=\"widget\" data-widget_type=\"heading.default\">\n\t\t\t\t<div class=\"elementor-widget-container\">\n\t\t\t\t\t<p class=\"elementor-heading-title elementor-size-default\">Partnersk\u00fd program Emailchef je navr\u017een\u00fd speci\u00e1ln\u011b pro marketingov\u00e9 a IT konzultanty, v\u00fdvoj\u00e1\u0159e a web agentury, kter\u00e9 si p\u0159ej\u00ed nab\u00eddnout sv\u00fdm klient\u016fm extra slu\u017ebu a p\u0159itom je nepos\u00edlat na jin\u00e9 platformy a slu\u017eby. Je to tak\u00e9 neopakovateln\u00e1 p\u0159\u00edle\u017eitost na zv\u00fd\u0161en\u00ed firemn\u00edch zisk\u016f.\n<br><br>\nS partnersk\u00fdm programem Emailchef z\u00edsk\u00e1te:<\/p>\t\t\t\t<\/div>\n\t\t\t\t<\/div>\n\t\t\t\t<div class=\"elementor-element elementor-element-353c3272 elementor-position-left elementor-widget__width-auto elementor-view-default elementor-mobile-position-top elementor-vertical-align-top elementor-widget elementor-widget-icon-box\" data-id=\"353c3272\" data-element_type=\"widget\" data-widget_type=\"icon-box.default\">\n\t\t\t\t<div class=\"elementor-widget-container\">\n\t\t\t\t\t\t\t<div class=\"elementor-icon-box-wrapper\">\n\n\t\t\t\t\t\t<div class=\"elementor-icon-box-icon\">\n\t\t\t\t<span  class=\"elementor-icon\">\n\t\t\t\t<i aria-hidden=\"true\" class=\"fas fa-check\"><\/i>\t\t\t\t<\/span>\n\t\t\t<\/div>\n\t\t\t\n\t\t\t\t\t\t<div class=\"elementor-icon-box-content\">\n\n\t\t\t\t\n\t\t\t\t\t\t\t\t\t<p class=\"elementor-icon-box-description\">\n\t\t\t\t\t\t<b>30% provizi ze v\u0161ech transakc\u00ed uskute\u010dn\u011bn\u00fdch va\u0161imi klienty, a to nav\u017edy.<\/b><br>\nKdy\u017e n\u00e1m za\u0161lete emailov\u00e9 adresy Va\u0161ich klient\u016f, kter\u00fdm jste na\u0161i slu\u017ebu nab\u00eddli, a oni se registrovali \u010di o tom uva\u017euj\u00ed, n\u00e1\u0161 t\u00fdm V\u00e1m p\u0159iprav\u00ed va\u0161i soukromou datab\u00e1zi, ze kter\u00e9 okam\u017eit\u011b vyd\u011bl\u00e1te 30% p\u0159i ka\u017ed\u00e9m n\u00e1kupu produktu Emailchef n\u011bkter\u00fdm z Va\u0161ich klient\u016f. A nic jin\u00e9ho opravdu d\u011blat nemus\u00edte.<br><br>\nNap\u0159\u00edklad: V\u00e1\u0161 klient se p\u0159ihl\u00e1s\u00ed k Emailchef a nakoup\u00ed za 60 EUR (m\u011bs\u00ed\u010dn\u00ed pl\u00e1n). V\u00fdborn\u011b! Vyd\u011bl\u00e1te 18 EUR ka\u017ed\u00fd m\u011bs\u00edc po celou dobu, co bude V\u00e1\u0161 klient z\u00e1kazn\u00edkem Emailchef. A co v\u00edce, pokud se rozhodne pov\u00fd\u0161it na dra\u017e\u0161\u00ed verzi, va\u0161e v\u00fdplata se tak\u00e9 automaticky nav\u00fd\u0161\u00ed!<br><br> V\u00fdplaty V\u00e1m garantujeme nav\u017edy, po celou dobu Va\u0161eho partnerstv\u00ed v n\u00e1mi.\t\t\t\t\t<\/p>\n\t\t\t\t\n\t\t\t<\/div>\n\t\t\t\n\t\t<\/div>\n\t\t\t\t\t\t<\/div>\n\t\t\t\t<\/div>\n\t\t\t\t<div class=\"elementor-element elementor-element-698facf1 elementor-position-left elementor-widget__width-auto elementor-view-default elementor-mobile-position-top elementor-vertical-align-top elementor-widget elementor-widget-icon-box\" data-id=\"698facf1\" data-element_type=\"widget\" data-widget_type=\"icon-box.default\">\n\t\t\t\t<div class=\"elementor-widget-container\">\n\t\t\t\t\t\t\t<div class=\"elementor-icon-box-wrapper\">\n\n\t\t\t\t\t\t<div class=\"elementor-icon-box-icon\">\n\t\t\t\t<span  class=\"elementor-icon\">\n\t\t\t\t<i aria-hidden=\"true\" class=\"fas fa-check\"><\/i>\t\t\t\t<\/span>\n\t\t\t<\/div>\n\t\t\t\n\t\t\t\t\t\t<div class=\"elementor-icon-box-content\">\n\n\t\t\t\t\n\t\t\t\t\t\t\t\t\t<p class=\"elementor-icon-box-description\">\n\t\t\t\t\t\t<b>Detailn\u00ed reporty <\/b> va\u0161ich v\u00fdplat d\u00edky online p\u0159ehledu, kter\u00fd je neust\u00e1le aktualizov\u00e1n v re\u00e1ln\u00e9m \u010dase. Ukazuje cel\u00fd seznam aktivn\u00edch klient\u016f, jejich platby a va\u0161e n\u00e1sledn\u00e9 zisky.\t\t\t\t\t<\/p>\n\t\t\t\t\n\t\t\t<\/div>\n\t\t\t\n\t\t<\/div>\n\t\t\t\t\t\t<\/div>\n\t\t\t\t<\/div>\n\t\t\t\t<div class=\"elementor-element elementor-element-1eaa19c6 elementor-position-left elementor-widget__width-auto elementor-view-default elementor-mobile-position-top elementor-vertical-align-top elementor-widget elementor-widget-icon-box\" data-id=\"1eaa19c6\" data-element_type=\"widget\" data-widget_type=\"icon-box.default\">\n\t\t\t\t<div class=\"elementor-widget-container\">\n\t\t\t\t\t\t\t<div class=\"elementor-icon-box-wrapper\">\n\n\t\t\t\t\t\t<div class=\"elementor-icon-box-icon\">\n\t\t\t\t<span  class=\"elementor-icon\">\n\t\t\t\t<i aria-hidden=\"true\" class=\"fas fa-check\"><\/i>\t\t\t\t<\/span>\n\t\t\t<\/div>\n\t\t\t\n\t\t\t\t\t\t<div class=\"elementor-icon-box-content\">\n\n\t\t\t\t\n\t\t\t\t\t\t\t\t\t<p class=\"elementor-icon-box-description\">\n\t\t\t\t\t\t<b>Platby na \u010das<\/b> pro V\u00e1s, kter\u00e9 dostanete v\u017edy, kdy\u017e dos\u00e1hnete 100 EUR v proviz\u00edch, po\u010d\u00edt\u00e1no od 30. dne po klientov\u011b transakci (<i><small>Vyhrazujeme si pr\u00e1vo na pozdr\u017een\u00ed platby v p\u0159\u00edpad\u011b spamov\u00e1n\u00ed nebo technick\u00fdch probl\u00e9m\u016f zp\u016fsoben\u00fdch va\u0161imi klientys.<\/small><\/i>).\t\t\t\t\t<\/p>\n\t\t\t\t\n\t\t\t<\/div>\n\t\t\t\n\t\t<\/div>\n\t\t\t\t\t\t<\/div>\n\t\t\t\t<\/div>\n\t\t\t\t<div class=\"elementor-element elementor-element-12bcfd46 elementor-position-left elementor-widget__width-auto elementor-view-default elementor-mobile-position-top elementor-vertical-align-top elementor-widget elementor-widget-icon-box\" data-id=\"12bcfd46\" data-element_type=\"widget\" data-widget_type=\"icon-box.default\">\n\t\t\t\t<div class=\"elementor-widget-container\">\n\t\t\t\t\t\t\t<div class=\"elementor-icon-box-wrapper\">\n\n\t\t\t\t\t\t<div class=\"elementor-icon-box-icon\">\n\t\t\t\t<span  class=\"elementor-icon\">\n\t\t\t\t<i aria-hidden=\"true\" class=\"fas fa-check\"><\/i>\t\t\t\t<\/span>\n\t\t\t<\/div>\n\t\t\t\n\t\t\t\t\t\t<div class=\"elementor-icon-box-content\">\n\n\t\t\t\t\n\t\t\t\t\t\t\t\t\t<p class=\"elementor-icon-box-description\">\n\t\t\t\t\t\t<b>N\u00e1\u0161 bezpe\u010dn\u00fd a p\u0159esn\u00fd z\u00e1kaznick\u00fd servis,<\/b> kter\u00fd je v\u017edy ochotn\u00fd pomoci s organizac\u00ed a spr\u00e1vou va\u0161eho \u00fa\u010dtu.\t\t\t\t\t<\/p>\n\t\t\t\t\n\t\t\t<\/div>\n\t\t\t\n\t\t<\/div>\n\t\t\t\t\t\t<\/div>\n\t\t\t\t<\/div>\n\t\t\t\t<div class=\"elementor-element elementor-element-30a2e006 elementor-widget elementor-widget-heading\" data-id=\"30a2e006\" data-element_type=\"widget\" data-widget_type=\"heading.default\">\n\t\t\t\t<div class=\"elementor-widget-container\">\n\t\t\t\t\t<p class=\"elementor-heading-title elementor-size-default\">T\u00edm, \u017ee nab\u00eddnete va\u0161im klient\u016fm extra slu\u017ebu s kvalitou platformy Emailchef, V\u00e1\u0161 business z\u00edsk\u00e1 na presti\u017ei, a z\u00e1rove\u0148 z\u00edsk\u00e1te na fixn\u00edch a vysok\u00fdch proviz\u00edch nav\u017edy; za ka\u017ed\u00e9ho klienta ve va\u0161\u00ed datab\u00e1zi.<\/p>\t\t\t\t<\/div>\n\t\t\t\t<\/div>\n\t\t\t\t<div class=\"elementor-element elementor-element-51cf4448 elementor-widget elementor-widget-heading\" data-id=\"51cf4448\" data-element_type=\"widget\" data-widget_type=\"heading.default\">\n\t\t\t\t<div class=\"elementor-widget-container\">\n\t\t\t\t\t<h2 class=\"elementor-heading-title elementor-size-default\">P\u0159ive\u010fte sv\u00e9 klienty k emailchef dnes a za\u010dn\u011bte okam\u017eit\u011b vyd\u011bl\u00e1vat!<\/h2>\t\t\t\t<\/div>\n\t\t\t\t<\/div>\n\t\t\t\t<div class=\"elementor-element elementor-element-50a14a0b elementor-widget elementor-widget-heading\" data-id=\"50a14a0b\" data-element_type=\"widget\" data-widget_type=\"heading.default\">\n\t\t\t\t<div class=\"elementor-widget-container\">\n\t\t\t\t\t<p class=\"elementor-heading-title elementor-size-default\">Pokud chcete hovo\u0159it s n\u011bk\u00fdm z na\u0161eho obchodn\u00edho teamu, za\u0161lete email na adresu <b><a href=\"mailto:libor.malach@emailchef.com\">libor.malach@emailchef.com<\/a><\/b>, volejte <b>(+42 0) 774 983 624<\/b> nebo se s n\u00e1mi spoj\u00edte s pomoc\u00ed tohoto formul\u00e1\u0159e:<\/p>\t\t\t\t<\/div>\n\t\t\t\t<\/div>\n\t\t\t\t<section class=\"elementor-section elementor-inner-section elementor-element elementor-element-15819ba6 elementor-section-boxed elementor-section-height-default elementor-section-height-default\" data-id=\"15819ba6\" data-element_type=\"section\">\n\t\t\t\t\t\t<div class=\"elementor-container elementor-column-gap-default\">\n\t\t\t\t\t<div class=\"elementor-column elementor-col-100 elementor-inner-column elementor-element elementor-element-2db61891\" data-id=\"2db61891\" data-element_type=\"column\">\n\t\t\t<div class=\"elementor-widget-wrap elementor-element-populated\">\n\t\t\t\t\t\t<div class=\"elementor-element elementor-element-8ed7a7d custom-form-style elementor-widget elementor-widget-shortcode\" data-id=\"8ed7a7d\" data-element_type=\"widget\" data-widget_type=\"shortcode.default\">\n\t\t\t\t<div class=\"elementor-widget-container\">\n\t\t\t\t\t\t\t<div class=\"elementor-shortcode\">\n<div class=\"wpcf7 no-js\" id=\"wpcf7-f4768-o1\" lang=\"en-US\" dir=\"ltr\" data-wpcf7-id=\"4768\">\n<div class=\"screen-reader-response\"><p role=\"status\" aria-live=\"polite\" aria-atomic=\"true\"><\/p> <ul><\/ul><\/div>\n<form action=\"\/cs\/wp-json\/wp\/v2\/pages\/4233#wpcf7-f4768-o1\" method=\"post\" class=\"wpcf7-form init wpcf7-acceptance-as-validation\" aria-label=\"Contact form\" novalidate=\"novalidate\" data-status=\"init\">\n<div style=\"display: none;\">\n<input type=\"hidden\" name=\"_wpcf7\" value=\"4768\" \/>\n<input type=\"hidden\" name=\"_wpcf7_version\" value=\"6.0.6\" \/>\n<input type=\"hidden\" name=\"_wpcf7_locale\" value=\"en_US\" \/>\n<input type=\"hidden\" name=\"_wpcf7_unit_tag\" value=\"wpcf7-f4768-o1\" \/>\n<input type=\"hidden\" name=\"_wpcf7_container_post\" value=\"0\" \/>\n<input type=\"hidden\" name=\"_wpcf7_posted_data_hash\" value=\"\" \/>\n<input type=\"hidden\" name=\"_wpcf7_recaptcha_response\" value=\"\" \/>\n<\/div>\n<p>Jm\u00e9no a p\u0159\u00edjmen\u00ed *\n<\/p>\n<p><span class=\"wpcf7-form-control-wrap\" data-name=\"your-name\"><input size=\"40\" maxlength=\"400\" class=\"wpcf7-form-control wpcf7-text wpcf7-validates-as-required\" aria-required=\"true\" aria-invalid=\"false\" value=\"\" type=\"text\" name=\"your-name\" \/><\/span>\n<\/p>\n<p>Email *\n<\/p>\n<p><span class=\"wpcf7-form-control-wrap\" data-name=\"your-email\"><input size=\"40\" maxlength=\"400\" class=\"wpcf7-form-control wpcf7-email wpcf7-validates-as-required wpcf7-text wpcf7-validates-as-email\" aria-required=\"true\" aria-invalid=\"false\" value=\"\" type=\"email\" name=\"your-email\" \/><\/span>\n<\/p>\n<p>Spole\u010dnost *\n<\/p>\n<p><span class=\"wpcf7-form-control-wrap\" data-name=\"your-company-name\"><input size=\"40\" maxlength=\"400\" class=\"wpcf7-form-control wpcf7-text wpcf7-validates-as-required\" aria-required=\"true\" aria-invalid=\"false\" value=\"\" type=\"text\" name=\"your-company-name\" \/><\/span>\n<\/p>\n<p>Web *\n<\/p>\n<p><span class=\"wpcf7-form-control-wrap\" data-name=\"your-website\"><input size=\"40\" maxlength=\"400\" class=\"wpcf7-form-control wpcf7-text wpcf7-validates-as-required\" aria-required=\"true\" aria-invalid=\"false\" value=\"\" type=\"text\" name=\"your-website\" \/><\/span>\n<\/p>\n<p>Telefon *\n<\/p>\n<p><span class=\"wpcf7-form-control-wrap\" data-name=\"your-phone\"><input size=\"40\" maxlength=\"400\" class=\"wpcf7-form-control wpcf7-text wpcf7-validates-as-required\" aria-required=\"true\" aria-invalid=\"false\" value=\"\" type=\"text\" name=\"your-phone\" \/><\/span>\n<\/p>\n<p>Kategorie *\n<\/p>\n<p><span class=\"wpcf7-form-control-wrap\" data-name=\"menu-category\"><select class=\"wpcf7-form-control wpcf7-select wpcf7-validates-as-required\" aria-required=\"true\" aria-invalid=\"false\" name=\"menu-category\"><option value=\"\">&#8212;Please choose an option&#8212;<\/option><option value=\"Web agentura\">Web agentura<\/option><option value=\"Marketingov\u00e1 agentura\">Marketingov\u00e1 agentura<\/option><option value=\"Nez\u00e1visl\u00fd v\u00fdvoj\u00e1\u0159\">Nez\u00e1visl\u00fd v\u00fdvoj\u00e1\u0159<\/option><option value=\"Jin\u00e9\">Jin\u00e9<\/option><\/select><\/span>\n<\/p>\n<p>Pozn\u00e1mka\n<\/p>\n<p><span class=\"wpcf7-form-control-wrap\" data-name=\"your-notes\"><textarea cols=\"40\" rows=\"10\" maxlength=\"2000\" class=\"wpcf7-form-control wpcf7-textarea\" aria-invalid=\"false\" name=\"your-notes\"><\/textarea><\/span>\n<\/p>\n<div class=\"contact-form-checkboxes\">\n\t<p><span class=\"wpcf7-form-control-wrap\" data-name=\"privacy\"><span class=\"wpcf7-form-control wpcf7-acceptance\"><span class=\"wpcf7-list-item\"><input type=\"checkbox\" name=\"privacy\" value=\"1\" aria-invalid=\"false\" \/><\/span><\/span><\/span> \u010cetl jsem a souhlas\u00edm s <a href=\"http:\/\/emailchef.com\/cs\/pravidla-ochrany-osobnich-udaju\/\" target=\"_blank\">politikou ochrany osobn\u00edch \u00fadaj\u016f<\/a> *\n\t<\/p>\n\t<p><span class=\"wpcf7-form-control-wrap\" data-name=\"newsletter\"><span class=\"wpcf7-form-control wpcf7-checkbox\"><span class=\"wpcf7-list-item first last\"><input type=\"checkbox\" name=\"newsletter[]\" value=\"Informujte m\u011b o novink\u00e1ch a nab\u00eddk\u00e1ch od Emailchef\" \/><span class=\"wpcf7-list-item-label\">Informujte m\u011b o novink\u00e1ch a nab\u00eddk\u00e1ch od Emailchef<\/span><\/span><\/span><\/span>\n\t<\/p>\n<\/div>\n<div class=\"contact-form-recaptcha\">\n\n<\/div>\n<p><input class=\"wpcf7-form-control wpcf7-submit has-spinner\" type=\"submit\" value=\"Odeslat po\u017eadavek\" \/>\n<\/p><div class=\"wpcf7-response-output\" aria-hidden=\"true\"><\/div>\n<\/form>\n<\/div>\n<\/div>\n\t\t\t\t\t\t<\/div>\n\t\t\t\t<\/div>\n\t\t\t\t\t<\/div>\n\t\t<\/div>\n\t\t\t\t\t<\/div>\n\t\t<\/section>\n\t\t\t\t\t<\/div>\n\t\t<\/div>\n\t\t\t\t\t<\/div>\n\t\t<\/section>\n\t\t\t\t<\/div>\n\t\t","protected":false},"excerpt":{"rendered":"<p>Jste web developer, konzultant nebo agentura? Doporu\u010dte Emailchef Va\u0161im klient\u016fm a vyd\u011blejte 30% bez \u010dasov\u00e9ho omezen\u00ed. Partnersk\u00fd program Emailchef je navr\u017een\u00fd speci\u00e1ln\u011b pro marketingov\u00e9 a IT konzultanty, v\u00fdvoj\u00e1\u0159e a web agentury, kter\u00e9 si p\u0159ej\u00ed nab\u00eddnout sv\u00fdm klient\u016fm extra slu\u017ebu a p\u0159itom je nepos\u00edlat na jin\u00e9 platformy a slu\u017eby. Je to tak\u00e9 neopakovateln\u00e1 p\u0159\u00edle\u017eitost na zv\u00fd\u0161en\u00ed [&hellip;]<\/p>\n","protected":false},"author":3,"featured_media":0,"parent":0,"menu_order":210,"comment_status":"closed","ping_status":"closed","template":"elementor_header_footer","meta":{"_acf_changed":false,"inline_featured_image":false,"footnotes":""},"g1_relation_tag":[],"class_list":["post-4233","page","type-page","status-publish","hentry"],"acf":[],"yoast_head":"<!-- This site is optimized with the Yoast SEO plugin v24.8.1 - https:\/\/yoast.com\/wordpress\/plugins\/seo\/ -->\n<title>Bezplatn\u00fd partnersk\u00fd program - Emailchef<\/title>\n<meta name=\"description\" content=\"Maybe you didn&#039;t know \u2014 but you already are our partner and can get a 30% commission on each purchase triggered by a link on your banners.\" \/>\n<meta name=\"robots\" content=\"index, follow, max-snippet:-1, max-image-preview:large, max-video-preview:-1\" \/>\n<link rel=\"canonical\" href=\"https:\/\/emailchef.com\/cs\/bezplatny-partnersky-program\/\" \/>\n<meta name=\"twitter:label1\" content=\"Odhadovan\u00e1 doba \u010dten\u00ed\" \/>\n\t<meta name=\"twitter:data1\" content=\"1 minuta\" \/>\n<!-- \/ Yoast SEO plugin. -->","yoast_head_json":{"title":"Bezplatn\u00fd partnersk\u00fd program - Emailchef","description":"Maybe you didn't know \u2014 but you already are our partner and can get a 30% commission on each purchase triggered by a link on your banners.","robots":{"index":"index","follow":"follow","max-snippet":"max-snippet:-1","max-image-preview":"max-image-preview:large","max-video-preview":"max-video-preview:-1"},"canonical":"https:\/\/emailchef.com\/cs\/bezplatny-partnersky-program\/","twitter_misc":{"Odhadovan\u00e1 doba \u010dten\u00ed":"1 minuta"},"schema":{"@context":"https:\/\/schema.org","@graph":[{"@type":"WebPage","@id":"https:\/\/emailchef.com\/cs\/bezplatny-partnersky-program\/","url":"https:\/\/emailchef.com\/cs\/bezplatny-partnersky-program\/","name":"Bezplatn\u00fd partnersk\u00fd program - Emailchef","isPartOf":{"@id":"https:\/\/emailchef.com\/cs\/#website"},"datePublished":"2014-10-23T08:31:14+00:00","dateModified":"2024-07-23T15:28:04+00:00","description":"Maybe you didn't know \u2014 but you already are our partner and can get a 30% commission on each purchase triggered by a link on your banners.","breadcrumb":{"@id":"https:\/\/emailchef.com\/cs\/bezplatny-partnersky-program\/#breadcrumb"},"inLanguage":"cs","potentialAction":[{"@type":"ReadAction","target":["https:\/\/emailchef.com\/cs\/bezplatny-partnersky-program\/"]}]},{"@type":"BreadcrumbList","@id":"https:\/\/emailchef.com\/cs\/bezplatny-partnersky-program\/#breadcrumb","itemListElement":[{"@type":"ListItem","position":1,"name":"Home","item":"https:\/\/emailchef.com\/cs\/emailchef-sluzby-email-marketingu\/"},{"@type":"ListItem","position":2,"name":"Bezplatn\u00fd partnersk\u00fd program"}]},{"@type":"WebSite","@id":"https:\/\/emailchef.com\/cs\/#website","url":"https:\/\/emailchef.com\/cs\/","name":"Emailchef","description":"Chutn\u00e9 recepty pro email marketing","publisher":{"@id":"https:\/\/emailchef.com\/cs\/#organization"},"potentialAction":[{"@type":"SearchAction","target":{"@type":"EntryPoint","urlTemplate":"https:\/\/emailchef.com\/cs\/?s={search_term_string}"},"query-input":{"@type":"PropertyValueSpecification","valueRequired":true,"valueName":"search_term_string"}}],"inLanguage":"cs"},{"@type":"Organization","@id":"https:\/\/emailchef.com\/cs\/#organization","name":"Delivery Tech Corp.","url":"https:\/\/emailchef.com\/cs\/","logo":{"@type":"ImageObject","inLanguage":"cs","@id":"https:\/\/emailchef.com\/cs\/#\/schema\/logo\/image\/","url":"https:\/\/emailchef.com\/wp-content\/uploads\/2022\/04\/logo-sama.png","contentUrl":"https:\/\/emailchef.com\/wp-content\/uploads\/2022\/04\/logo-sama.png","width":237,"height":80,"caption":"Delivery Tech Corp."},"image":{"@id":"https:\/\/emailchef.com\/cs\/#\/schema\/logo\/image\/"}}]}},"_links":{"self":[{"href":"https:\/\/emailchef.com\/cs\/wp-json\/wp\/v2\/pages\/4233"}],"collection":[{"href":"https:\/\/emailchef.com\/cs\/wp-json\/wp\/v2\/pages"}],"about":[{"href":"https:\/\/emailchef.com\/cs\/wp-json\/wp\/v2\/types\/page"}],"author":[{"embeddable":true,"href":"https:\/\/emailchef.com\/cs\/wp-json\/wp\/v2\/users\/3"}],"replies":[{"embeddable":true,"href":"https:\/\/emailchef.com\/cs\/wp-json\/wp\/v2\/comments?post=4233"}],"version-history":[{"count":18,"href":"https:\/\/emailchef.com\/cs\/wp-json\/wp\/v2\/pages\/4233\/revisions"}],"predecessor-version":[{"id":74468,"href":"https:\/\/emailchef.com\/cs\/wp-json\/wp\/v2\/pages\/4233\/revisions\/74468"}],"wp:attachment":[{"href":"https:\/\/emailchef.com\/cs\/wp-json\/wp\/v2\/media?parent=4233"}],"wp:term":[{"taxonomy":"g1_relation_tag","embeddable":true,"href":"https:\/\/emailchef.com\/cs\/wp-json\/wp\/v2\/g1_relation_tag?post=4233"}],"curies":[{"name":"wp","href":"https:\/\/api.w.org\/{rel}","templated":true}]}}