{"id":4217,"date":"2014-09-30T10:35:56","date_gmt":"2014-09-30T10:35:56","guid":{"rendered":"http:\/\/emailchef.com\/cs\/?page_id=4217"},"modified":"2022-07-13T08:35:56","modified_gmt":"2022-07-13T08:35:56","slug":"ucet-zdarma-bezplatne-a-dozivotne","status":"publish","type":"page","link":"https:\/\/emailchef.com\/cs\/ucet-zdarma-bezplatne-a-dozivotne\/","title":{"rendered":"Celo\u017eivotn\u00ed bezplatn\u00e1 slu\u017eba pro neziskov\u00e9 \u00fa\u010dely"},"content":{"rendered":"\t\t<div data-elementor-type=\"wp-page\" data-elementor-id=\"4217\" class=\"elementor elementor-4217 elementor-834\" data-elementor-post-type=\"page\">\n\t\t\t\t\t\t<section class=\"elementor-section elementor-top-section elementor-element elementor-element-c215630 elementor-section-boxed elementor-section-height-default elementor-section-height-default\" data-id=\"c215630\" data-element_type=\"section\">\n\t\t\t\t\t\t<div class=\"elementor-container elementor-column-gap-default\">\n\t\t\t\t\t<div class=\"elementor-column elementor-col-100 elementor-top-column elementor-element elementor-element-e14b953\" data-id=\"e14b953\" data-element_type=\"column\">\n\t\t\t<div class=\"elementor-widget-wrap elementor-element-populated\">\n\t\t\t\t\t\t<div class=\"elementor-element elementor-element-7a0263d elementor-widget elementor-widget-image\" data-id=\"7a0263d\" data-element_type=\"widget\" data-widget_type=\"image.default\">\n\t\t\t\t\t\t\t\t\t\t\t\t\t\t\t<img fetchpriority=\"high\" decoding=\"async\" width=\"954\" height=\"600\" src=\"https:\/\/emailchef.com\/wp-content\/uploads\/2022\/07\/non-profit.png\" class=\"attachment-full size-full wp-image-58730\" alt=\"Celo\u017eivotn\u00ed bezplatn\u00e1 slu\u017eba pro neziskov\u00e9 \u00fa\u010dely\" \/>\t\t\t\t\t\t\t\t\t\t\t\t\t\t\t<\/div>\n\t\t\t\t\t<\/div>\n\t\t<\/div>\n\t\t\t\t\t<\/div>\n\t\t<\/section>\n\t\t\t\t<section class=\"elementor-section elementor-top-section elementor-element elementor-element-77474b9f elementor-section-boxed elementor-section-height-default elementor-section-height-default\" data-id=\"77474b9f\" data-element_type=\"section\">\n\t\t\t\t\t\t<div class=\"elementor-container elementor-column-gap-default\">\n\t\t\t\t\t<div class=\"elementor-column elementor-col-100 elementor-top-column elementor-element elementor-element-2ef5742c\" data-id=\"2ef5742c\" data-element_type=\"column\">\n\t\t\t<div class=\"elementor-widget-wrap elementor-element-populated\">\n\t\t\t\t\t\t<div class=\"elementor-element elementor-element-2634ea55 elementor-widget elementor-widget-text-editor\" data-id=\"2634ea55\" data-element_type=\"widget\" data-widget_type=\"text-editor.default\">\n\t\t\t\t\t\t\t\t\t<p>T\u00fdm Emailchef je pevn\u011b odd\u00e1n my\u0161lence spl\u00e1cat dluh komunit\u011b. Proto jsme vytvo\u0159ili ad hoc program pro neziskov\u00e9 organizace, kter\u00fdm r\u00e1di poskytneme bezplatn\u00e9 licence.<\/p>\n\n<p>\u0158\u00e1dn\u00fd bulletin je st\u00e1le nejjednodu\u0161\u0161\u00edm a nejv\u00fdnosn\u011bj\u0161\u00edm digit\u00e1ln\u00edm marketingov\u00fdm n\u00e1strojem. A proto\u017ee n\u00e1sleduj\u00edc\u00ed strategie funguj\u00ed v podnik\u00e1n\u00ed, v\u011b\u0159\u00edme, \u017ee m\u016f\u017eou b\u00fdt nesm\u00edrn\u011b cenn\u00e9 i pro neziskov\u00e9 organizace: v\u00fdsledky reklamn\u00edch akc\u00ed, informov\u00e1n\u00ed p\u0159\u00edznivc\u016f a p\u0159\u00e1tel, propagace ud\u00e1lost\u00ed, n\u00e1bor dobrovoln\u00edk\u016f&#8230;<\/p>\n\n<p>Proto r\u00e1di ud\u011bl\u00edme licenci Emailchef v\u0161em kvalifikovan\u00fdm sekul\u00e1rn\u00edm neziskov\u00fdm organizac\u00edm souvisej\u00edc\u00edm se zdravotn\u00ed p\u00e9\u010d\u00ed (jako je p\u00e9\u010de o d\u00edt\u011b, slu\u017eby pro zdravotn\u011b posti\u017een\u00e9, rodinn\u00e1 podpora atd.).<\/p>\n\n<div class=\"g1-space\" style=\"height: 25px;\"><\/div>\n\n<h2><b>Po\u0161lete a\u017e 12000 email\u016f\/m\u011bs\u00edc na a\u017e 500 kontakt\u016f a to \u00fapln\u011b zdarma. Nav\u017edy.<\/b><\/h2>\n\n<div class=\"g1-space\" style=\"height: 10px;\"><\/div>\n\n<h3 style=\"font-weight: 400 !important;\">Nejlep\u0161\u00ed bezplatn\u00e1 slu\u017eba pro zas\u00edl\u00e1n\u00ed hromadn\u00fdch zpr\u00e1v a newsletter\u016f<\/h3>\n<p>Pokud po\u0161lete do 12000 zpr\u00e1v\/m\u011bs\u00edc na seznam \u010d\u00edtaj\u00edc\u00ed maxim\u00e1ln\u011b 500 kontakt\u016f, je Emailchef \u00fapln\u011b zdarma. Do\u017eivotn\u011b garantov\u00e1no a bez jak\u00fdchkoli skryt\u00fdch poplatk\u016f.<\/p>\n\n<div class=\"g1-space\" style=\"height: 15px;\"><\/div>\n\n<h3 style=\"font-weight: 400 !important;\">V\u0161echny hlavn\u00ed a d\u016fle\u017eit\u00e9 funkce jsou p\u0159\u00edstupn\u00e9.<\/h3>\n<p>Bezplatn\u00e1 verze programu Emailchef obsahuje kompletn\u00ed sadu funkc\u00ed \u2013 s v\u00fdjimkou autorespond\u00e9r\u016f \u2013 jako nap\u0159. spr\u00e1va neomezen\u00fdch kontaktn\u00edch seznam\u016f, vytv\u00e1\u0159en\u00ed a \u00fapravy emailov\u00fdch zpr\u00e1v, odes\u00edl\u00e1n\u00ed email\u016f p\u0159i zachov\u00e1n\u00ed vysok\u00e9ho pom\u011bru doru\u010den\u00ed a pokro\u010dil\u00e9 statistiky o v\u0161ech kampan\u00edch.<\/p>\n\n<div class=\"g1-space\" style=\"height: 35px;\"><\/div>\n\n<p><strong>Jste jen kr\u016f\u010dek od va\u0161\u00ed prvn\u00ed skv\u011bl\u00e9 emailov\u00e9 kampan\u011b:<\/strong><\/p>\n\n<div class=\"g1-space\" style=\"height: 15px;\"><\/div>\n\n\n<ol id=\"\" class=\"g1-list g1-list--icon g1-list--simple \">\n \t<li><i class=\"fa fa-arrow-right g1-list__icon\"><\/i>P\u0159ihlaste se <a href=\"\/user-signup\">zdarma do Emailchef \u00fa\u010dtu<\/a>.<\/li>\n \t<li><i class=\"fa fa-arrow-right g1-list__icon\"><\/i>Zjist\u011bte sami jak jednoduch\u00e9 je vytvo\u0159it newsletter s na\u0161im drag&amp;drop <a href=\"https:\/\/emailchef.com\/cs\/funkce\/nejrychlejsi-tvurce-sablon\/\">Tv\u016frcem \u0161ablon<\/a>.<\/li>\n \t<li><i class=\"fa fa-arrow-right g1-list__icon\"><\/i>Vytvo\u0159te nebo nahrajte seznam kontakt\u016f.<\/li>\n \t<li><i class=\"fa fa-arrow-right g1-list__icon\"><\/i>Kontaktujte n\u00e1\u0161 t\u00fdm podpory a po\u017e\u00e1dejte o bezplatn\u00fd \u00fa\u010det pro neziskov\u00e9 organizace.<\/li>\n \t<li><i class=\"fa fa-arrow-right g1-list__icon\"><\/i>Po\u0161lete a doru\u010dte v\u0161echny sv\u00e9 emaily.<\/li>\n<\/ol>\n\n\n<div class=\"g1-space\" style=\"height: 20px;\"><\/div>\n\n<p>Je to opravdu tak jednoduch\u00e9. A jsme na to py\u0161n\u00ed.<\/p>\n\n<p style=\"text-align: center;\"><a id=\"\" class=\"g1-button g1-button--medium g1-button--solid g1-button-- \" href=\"\/user-signup&amp;lang=cs\" title=\"\" >P\u0158IHLASTE SE ZDRAMA<\/a><\/p>\n<p style=\"text-align: center;\"><small>Va\u0161i p\u0159ihl\u00e1\u0161ku co nejd\u0159\u00edve zkontrolujeme a v\u010das ozn\u00e1m\u00edme, zda m\u00e1te na n\u00e1\u0161 program n\u00e1rok. Pokud ano, aktivujeme v\u00e1m bezplatn\u00fd \u00fa\u010det.\nVezm\u011bte pros\u00edm na v\u011bdom\u00ed, \u017ee si vyhrazujeme pr\u00e1vo schv\u00e1lit nebo zam\u00edtnout va\u0161i \u017e\u00e1dost podle vlastn\u00edho uv\u00e1\u017een\u00ed.<\/small><\/p>\t\t\t\t\t\t\t\t<\/div>\n\t\t\t\t\t<\/div>\n\t\t<\/div>\n\t\t\t\t\t<\/div>\n\t\t<\/section>\n\t\t\t\t<\/div>\n\t\t","protected":false},"excerpt":{"rendered":"<p>T\u00fdm Emailchef je pevn\u011b odd\u00e1n my\u0161lence spl\u00e1cat dluh komunit\u011b. Proto jsme vytvo\u0159ili ad hoc program pro neziskov\u00e9 organizace, kter\u00fdm r\u00e1di poskytneme bezplatn\u00e9 licence. \u0158\u00e1dn\u00fd bulletin je st\u00e1le nejjednodu\u0161\u0161\u00edm a nejv\u00fdnosn\u011bj\u0161\u00edm digit\u00e1ln\u00edm marketingov\u00fdm n\u00e1strojem. A proto\u017ee n\u00e1sleduj\u00edc\u00ed strategie funguj\u00ed v podnik\u00e1n\u00ed, v\u011b\u0159\u00edme, \u017ee m\u016f\u017eou b\u00fdt nesm\u00edrn\u011b cenn\u00e9 i pro neziskov\u00e9 organizace: v\u00fdsledky reklamn\u00edch akc\u00ed, informov\u00e1n\u00ed p\u0159\u00edznivc\u016f [&hellip;]<\/p>\n","protected":false},"author":1,"featured_media":0,"parent":0,"menu_order":175,"comment_status":"closed","ping_status":"closed","template":"","meta":{"_acf_changed":false,"inline_featured_image":false,"footnotes":""},"g1_relation_tag":[],"class_list":["post-4217","page","type-page","status-publish","hentry"],"acf":[],"yoast_head":"<!-- This site is optimized with the Yoast SEO plugin v24.8.1 - https:\/\/yoast.com\/wordpress\/plugins\/seo\/ -->\n<title>Celo\u017eivotn\u00ed bezplatn\u00e1 slu\u017eba pro neziskov\u00e9 \u00fa\u010dely - Emailchef<\/title>\n<meta name=\"robots\" content=\"index, follow, max-snippet:-1, max-image-preview:large, max-video-preview:-1\" \/>\n<link rel=\"canonical\" href=\"https:\/\/emailchef.com\/cs\/ucet-zdarma-bezplatne-a-dozivotne\/\" \/>\n<meta name=\"twitter:label1\" content=\"Odhadovan\u00e1 doba \u010dten\u00ed\" \/>\n\t<meta name=\"twitter:data1\" content=\"2 minuty\" \/>\n<!-- \/ Yoast SEO plugin. -->","yoast_head_json":{"title":"Celo\u017eivotn\u00ed bezplatn\u00e1 slu\u017eba pro neziskov\u00e9 \u00fa\u010dely - Emailchef","robots":{"index":"index","follow":"follow","max-snippet":"max-snippet:-1","max-image-preview":"max-image-preview:large","max-video-preview":"max-video-preview:-1"},"canonical":"https:\/\/emailchef.com\/cs\/ucet-zdarma-bezplatne-a-dozivotne\/","twitter_misc":{"Odhadovan\u00e1 doba \u010dten\u00ed":"2 minuty"},"schema":{"@context":"https:\/\/schema.org","@graph":[{"@type":"WebPage","@id":"https:\/\/emailchef.com\/cs\/ucet-zdarma-bezplatne-a-dozivotne\/","url":"https:\/\/emailchef.com\/cs\/ucet-zdarma-bezplatne-a-dozivotne\/","name":"Celo\u017eivotn\u00ed bezplatn\u00e1 slu\u017eba pro neziskov\u00e9 \u00fa\u010dely - Emailchef","isPartOf":{"@id":"https:\/\/emailchef.com\/cs\/#website"},"primaryImageOfPage":{"@id":"https:\/\/emailchef.com\/cs\/ucet-zdarma-bezplatne-a-dozivotne\/#primaryimage"},"image":{"@id":"https:\/\/emailchef.com\/cs\/ucet-zdarma-bezplatne-a-dozivotne\/#primaryimage"},"thumbnailUrl":"https:\/\/emailchef.com\/wp-content\/uploads\/2022\/07\/non-profit.png","datePublished":"2014-09-30T10:35:56+00:00","dateModified":"2022-07-13T08:35:56+00:00","breadcrumb":{"@id":"https:\/\/emailchef.com\/cs\/ucet-zdarma-bezplatne-a-dozivotne\/#breadcrumb"},"inLanguage":"cs","potentialAction":[{"@type":"ReadAction","target":["https:\/\/emailchef.com\/cs\/ucet-zdarma-bezplatne-a-dozivotne\/"]}]},{"@type":"ImageObject","inLanguage":"cs","@id":"https:\/\/emailchef.com\/cs\/ucet-zdarma-bezplatne-a-dozivotne\/#primaryimage","url":"https:\/\/emailchef.com\/wp-content\/uploads\/2022\/07\/non-profit.png","contentUrl":"https:\/\/emailchef.com\/wp-content\/uploads\/2022\/07\/non-profit.png"},{"@type":"BreadcrumbList","@id":"https:\/\/emailchef.com\/cs\/ucet-zdarma-bezplatne-a-dozivotne\/#breadcrumb","itemListElement":[{"@type":"ListItem","position":1,"name":"Home","item":"https:\/\/emailchef.com\/cs\/emailchef-sluzby-email-marketingu\/"},{"@type":"ListItem","position":2,"name":"Celo\u017eivotn\u00ed bezplatn\u00e1 slu\u017eba pro neziskov\u00e9 \u00fa\u010dely"}]},{"@type":"WebSite","@id":"https:\/\/emailchef.com\/cs\/#website","url":"https:\/\/emailchef.com\/cs\/","name":"Emailchef","description":"Chutn\u00e9 recepty pro email marketing","publisher":{"@id":"https:\/\/emailchef.com\/cs\/#organization"},"potentialAction":[{"@type":"SearchAction","target":{"@type":"EntryPoint","urlTemplate":"https:\/\/emailchef.com\/cs\/?s={search_term_string}"},"query-input":{"@type":"PropertyValueSpecification","valueRequired":true,"valueName":"search_term_string"}}],"inLanguage":"cs"},{"@type":"Organization","@id":"https:\/\/emailchef.com\/cs\/#organization","name":"Delivery Tech Corp.","url":"https:\/\/emailchef.com\/cs\/","logo":{"@type":"ImageObject","inLanguage":"cs","@id":"https:\/\/emailchef.com\/cs\/#\/schema\/logo\/image\/","url":"https:\/\/emailchef.com\/wp-content\/uploads\/2022\/04\/logo-sama.png","contentUrl":"https:\/\/emailchef.com\/wp-content\/uploads\/2022\/04\/logo-sama.png","width":237,"height":80,"caption":"Delivery Tech Corp."},"image":{"@id":"https:\/\/emailchef.com\/cs\/#\/schema\/logo\/image\/"}}]}},"_links":{"self":[{"href":"https:\/\/emailchef.com\/cs\/wp-json\/wp\/v2\/pages\/4217"}],"collection":[{"href":"https:\/\/emailchef.com\/cs\/wp-json\/wp\/v2\/pages"}],"about":[{"href":"https:\/\/emailchef.com\/cs\/wp-json\/wp\/v2\/types\/page"}],"author":[{"embeddable":true,"href":"https:\/\/emailchef.com\/cs\/wp-json\/wp\/v2\/users\/1"}],"replies":[{"embeddable":true,"href":"https:\/\/emailchef.com\/cs\/wp-json\/wp\/v2\/comments?post=4217"}],"version-history":[{"count":5,"href":"https:\/\/emailchef.com\/cs\/wp-json\/wp\/v2\/pages\/4217\/revisions"}],"predecessor-version":[{"id":58864,"href":"https:\/\/emailchef.com\/cs\/wp-json\/wp\/v2\/pages\/4217\/revisions\/58864"}],"wp:attachment":[{"href":"https:\/\/emailchef.com\/cs\/wp-json\/wp\/v2\/media?parent=4217"}],"wp:term":[{"taxonomy":"g1_relation_tag","embeddable":true,"href":"https:\/\/emailchef.com\/cs\/wp-json\/wp\/v2\/g1_relation_tag?post=4217"}],"curies":[{"name":"wp","href":"https:\/\/api.w.org\/{rel}","templated":true}]}}