{"id":4205,"date":"2014-09-04T10:43:45","date_gmt":"2014-09-04T10:43:45","guid":{"rendered":"http:\/\/emailchef.com\/cs\/?page_id=4205"},"modified":"2022-07-11T12:22:49","modified_gmt":"2022-07-11T12:22:49","slug":"nejvyssi-miry-doruceni-emailu","status":"publish","type":"page","link":"https:\/\/emailchef.com\/cs\/funkce\/nejvyssi-miry-doruceni-emailu\/","title":{"rendered":"Nejvy\u0161\u0161\u00ed m\u00edry doru\u010den\u00ed email\u016f"},"content":{"rendered":"\t\t<div data-elementor-type=\"wp-page\" data-elementor-id=\"4205\" class=\"elementor elementor-4205 elementor-145\" data-elementor-post-type=\"page\">\n\t\t\t\t\t\t<section class=\"elementor-section elementor-top-section elementor-element elementor-element-e6481cd elementor-section-boxed elementor-section-height-default elementor-section-height-default\" data-id=\"e6481cd\" data-element_type=\"section\">\n\t\t\t\t\t\t<div class=\"elementor-container elementor-column-gap-default\">\n\t\t\t\t\t<div class=\"elementor-column elementor-col-100 elementor-top-column elementor-element elementor-element-0a27164\" data-id=\"0a27164\" data-element_type=\"column\">\n\t\t\t<div class=\"elementor-widget-wrap elementor-element-populated\">\n\t\t\t\t\t\t<div class=\"elementor-element elementor-element-70cbe22 elementor-widget elementor-widget-image\" data-id=\"70cbe22\" data-element_type=\"widget\" data-widget_type=\"image.default\">\n\t\t\t\t<div class=\"elementor-widget-container\">\n\t\t\t\t\t\t\t\t\t\t\t\t\t\t\t<img fetchpriority=\"high\" decoding=\"async\" width=\"974\" height=\"600\" src=\"https:\/\/emailchef.com\/wp-content\/uploads\/2022\/06\/high-delivery-rates.png\" class=\"attachment-full size-full wp-image-57298\" alt=\"Nejvy\u0161\u0161\u00ed m\u00edry doru\u010den\u00ed email\u016f\" \/>\t\t\t\t\t\t\t\t\t\t\t\t\t\t\t<\/div>\n\t\t\t\t<\/div>\n\t\t\t\t\t<\/div>\n\t\t<\/div>\n\t\t\t\t\t<\/div>\n\t\t<\/section>\n\t\t\t\t<section class=\"elementor-section elementor-top-section elementor-element elementor-element-b5748cd elementor-section-boxed elementor-section-height-default elementor-section-height-default\" data-id=\"b5748cd\" data-element_type=\"section\">\n\t\t\t\t\t\t<div class=\"elementor-container elementor-column-gap-default\">\n\t\t\t\t\t<div class=\"elementor-column elementor-col-100 elementor-top-column elementor-element elementor-element-541cd125\" data-id=\"541cd125\" data-element_type=\"column\">\n\t\t\t<div class=\"elementor-widget-wrap elementor-element-populated\">\n\t\t\t\t\t\t<div class=\"elementor-element elementor-element-3338103a elementor-widget elementor-widget-text-editor\" data-id=\"3338103a\" data-element_type=\"widget\" data-widget_type=\"text-editor.default\">\n\t\t\t\t<div class=\"elementor-widget-container\">\n\t\t\t\t\t\t\t\t\t<p>Emailchef vynakl\u00e1d\u00e1 nejv\u00edce p\u00e9\u010de na doru\u010den\u00ed va\u0161ich email\u016f. Nehled\u011b na to, jak dobr\u00fd m\u016f\u017ee newsletter b\u00fdt, pokud nedojde do zam\u00fd\u0161len\u00fdch emailov\u00fdch schr\u00e1nek, pak je k ni\u010demu: proto je tak d\u016fle\u017eit\u00e9 zajistit nejvy\u0161\u0161\u00ed doru\u010ditelnost email\u016f pro ka\u017edou kampa\u0148.<\/p>\n\n<p>Ve zkratce: ne v\u0161echny odeslan\u00e9 emaily jsou automaticky doru\u010deny. Pokud pou\u017eijete SMTP server s chabou reputac\u00ed (nebo prost\u011b bezplatn\u00fd SMTP server spojen\u00fd s b\u011b\u017en\u00fdmi email poskytovateli), m\u016f\u017eete si b\u00fdt jisti, \u017ee velk\u00e1 \u010d\u00e1st va\u0161ich hromadn\u00fdch email\u016f bude vyfiltrov\u00e1na antispamovou ochranou a ISP filtry, ani\u017e o tom budete v\u011bd\u011bt. Nez\u00e1le\u017e\u00ed na tom, \u017ee jsou legitimn\u00ed, v\u00fdborn\u011b vytvo\u0159en\u00e9 a sm\u011b\u0159ovan\u00e9 na seznam potvrzen\u00fdch kontakt\u016f (jak by tak\u00e9 m\u011bli!): zde m\u016f\u017ee profesion\u00e1ln\u00ed technologie u\u010dinit z\u00e1sadn\u00ed rozd\u00edl.<\/p>\n\n<p>Proto Emailchef spol\u00e9h\u00e1 na v\u00fdkonn\u00fd a samostatn\u00fd odchoz\u00ed mail server, (zalo\u017een\u00fd na d\u016fv\u011bryhodn\u00fdch a povolen\u00fdch &#8211; white-listed \u2013 IP adres\u00e1ch) a udr\u017euje neust\u00e1lou spolupr\u00e1ci s nejv\u011bt\u0161\u00edmi ISP provozovateli na sv\u011bt\u011b.<\/p>\n\n<p>S na\u0161\u00ed slu\u017ebou m\u016f\u017eete pos\u00edlat hromadn\u00e9 emaily neomezen\u00e9mu mno\u017estv\u00ed p\u0159\u00edjemc\u016f s jistotou, \u017ee ka\u017ed\u00e1 zpr\u00e1va bude doru\u010dena pl\u00e1novan\u00e9mu adres\u00e1tovi. Rychle a bezpe\u010dn\u011b.<\/p>\n\n<p>Ohledn\u011b v\u0161ech doporu\u010den\u00fdch postup\u016f jak zlep\u0161it doru\u010ditelnost, pod\u00edvejte se pros\u00edm na na\u0161eho pr\u016fvodce: pomozte n\u00e1m pomoci v\u00e1m!<\/p>\t\t\t\t\t\t\t\t<\/div>\n\t\t\t\t<\/div>\n\t\t\t\t\t<\/div>\n\t\t<\/div>\n\t\t\t\t\t<\/div>\n\t\t<\/section>\n\t\t\t\t<\/div>\n\t\t","protected":false},"excerpt":{"rendered":"<p>Emailchef vynakl\u00e1d\u00e1 nejv\u00edce p\u00e9\u010de na doru\u010den\u00ed va\u0161ich email\u016f. Nehled\u011b na to, jak dobr\u00fd m\u016f\u017ee newsletter b\u00fdt, pokud nedojde do zam\u00fd\u0161len\u00fdch emailov\u00fdch schr\u00e1nek, pak je k ni\u010demu: proto je tak d\u016fle\u017eit\u00e9 zajistit nejvy\u0161\u0161\u00ed doru\u010ditelnost email\u016f pro ka\u017edou kampa\u0148. Ve zkratce: ne v\u0161echny odeslan\u00e9 emaily jsou automaticky doru\u010deny. Pokud pou\u017eijete SMTP server s chabou reputac\u00ed (nebo prost\u011b [&hellip;]<\/p>\n","protected":false},"author":1,"featured_media":0,"parent":4209,"menu_order":9,"comment_status":"closed","ping_status":"closed","template":"","meta":{"_acf_changed":false,"inline_featured_image":false,"footnotes":""},"g1_relation_tag":[],"class_list":["post-4205","page","type-page","status-publish","hentry"],"acf":[],"yoast_head":"<!-- This site is optimized with the Yoast SEO plugin v24.8.1 - https:\/\/yoast.com\/wordpress\/plugins\/seo\/ -->\n<title>Nejvy\u0161\u0161\u00ed m\u00edry doru\u010den\u00ed email\u016f - Emailchef<\/title>\n<meta name=\"robots\" content=\"index, follow, max-snippet:-1, max-image-preview:large, max-video-preview:-1\" \/>\n<link rel=\"canonical\" href=\"https:\/\/emailchef.com\/cs\/funkce\/nejvyssi-miry-doruceni-emailu\/\" \/>\n<meta name=\"twitter:label1\" content=\"Odhadovan\u00e1 doba \u010dten\u00ed\" \/>\n\t<meta name=\"twitter:data1\" content=\"2 minuty\" \/>\n<!-- \/ Yoast SEO plugin. -->","yoast_head_json":{"title":"Nejvy\u0161\u0161\u00ed m\u00edry doru\u010den\u00ed email\u016f - Emailchef","robots":{"index":"index","follow":"follow","max-snippet":"max-snippet:-1","max-image-preview":"max-image-preview:large","max-video-preview":"max-video-preview:-1"},"canonical":"https:\/\/emailchef.com\/cs\/funkce\/nejvyssi-miry-doruceni-emailu\/","twitter_misc":{"Odhadovan\u00e1 doba \u010dten\u00ed":"2 minuty"},"schema":{"@context":"https:\/\/schema.org","@graph":[{"@type":"WebPage","@id":"https:\/\/emailchef.com\/cs\/funkce\/nejvyssi-miry-doruceni-emailu\/","url":"https:\/\/emailchef.com\/cs\/funkce\/nejvyssi-miry-doruceni-emailu\/","name":"Nejvy\u0161\u0161\u00ed m\u00edry doru\u010den\u00ed email\u016f - Emailchef","isPartOf":{"@id":"https:\/\/emailchef.com\/cs\/#website"},"primaryImageOfPage":{"@id":"https:\/\/emailchef.com\/cs\/funkce\/nejvyssi-miry-doruceni-emailu\/#primaryimage"},"image":{"@id":"https:\/\/emailchef.com\/cs\/funkce\/nejvyssi-miry-doruceni-emailu\/#primaryimage"},"thumbnailUrl":"https:\/\/emailchef.com\/wp-content\/uploads\/2022\/06\/high-delivery-rates.png","datePublished":"2014-09-04T10:43:45+00:00","dateModified":"2022-07-11T12:22:49+00:00","breadcrumb":{"@id":"https:\/\/emailchef.com\/cs\/funkce\/nejvyssi-miry-doruceni-emailu\/#breadcrumb"},"inLanguage":"cs","potentialAction":[{"@type":"ReadAction","target":["https:\/\/emailchef.com\/cs\/funkce\/nejvyssi-miry-doruceni-emailu\/"]}]},{"@type":"ImageObject","inLanguage":"cs","@id":"https:\/\/emailchef.com\/cs\/funkce\/nejvyssi-miry-doruceni-emailu\/#primaryimage","url":"https:\/\/emailchef.com\/wp-content\/uploads\/2022\/06\/high-delivery-rates.png","contentUrl":"https:\/\/emailchef.com\/wp-content\/uploads\/2022\/06\/high-delivery-rates.png"},{"@type":"BreadcrumbList","@id":"https:\/\/emailchef.com\/cs\/funkce\/nejvyssi-miry-doruceni-emailu\/#breadcrumb","itemListElement":[{"@type":"ListItem","position":1,"name":"Home","item":"https:\/\/emailchef.com\/cs\/emailchef-sluzby-email-marketingu\/"},{"@type":"ListItem","position":2,"name":"Funkce","item":"https:\/\/emailchef.com\/cs\/funkce\/"},{"@type":"ListItem","position":3,"name":"Nejvy\u0161\u0161\u00ed m\u00edry doru\u010den\u00ed email\u016f"}]},{"@type":"WebSite","@id":"https:\/\/emailchef.com\/cs\/#website","url":"https:\/\/emailchef.com\/cs\/","name":"Emailchef","description":"Chutn\u00e9 recepty pro email marketing","publisher":{"@id":"https:\/\/emailchef.com\/cs\/#organization"},"potentialAction":[{"@type":"SearchAction","target":{"@type":"EntryPoint","urlTemplate":"https:\/\/emailchef.com\/cs\/?s={search_term_string}"},"query-input":{"@type":"PropertyValueSpecification","valueRequired":true,"valueName":"search_term_string"}}],"inLanguage":"cs"},{"@type":"Organization","@id":"https:\/\/emailchef.com\/cs\/#organization","name":"Delivery Tech Corp.","url":"https:\/\/emailchef.com\/cs\/","logo":{"@type":"ImageObject","inLanguage":"cs","@id":"https:\/\/emailchef.com\/cs\/#\/schema\/logo\/image\/","url":"https:\/\/emailchef.com\/wp-content\/uploads\/2022\/04\/logo-sama.png","contentUrl":"https:\/\/emailchef.com\/wp-content\/uploads\/2022\/04\/logo-sama.png","width":237,"height":80,"caption":"Delivery Tech Corp."},"image":{"@id":"https:\/\/emailchef.com\/cs\/#\/schema\/logo\/image\/"}}]}},"_links":{"self":[{"href":"https:\/\/emailchef.com\/cs\/wp-json\/wp\/v2\/pages\/4205"}],"collection":[{"href":"https:\/\/emailchef.com\/cs\/wp-json\/wp\/v2\/pages"}],"about":[{"href":"https:\/\/emailchef.com\/cs\/wp-json\/wp\/v2\/types\/page"}],"author":[{"embeddable":true,"href":"https:\/\/emailchef.com\/cs\/wp-json\/wp\/v2\/users\/1"}],"replies":[{"embeddable":true,"href":"https:\/\/emailchef.com\/cs\/wp-json\/wp\/v2\/comments?post=4205"}],"version-history":[{"count":5,"href":"https:\/\/emailchef.com\/cs\/wp-json\/wp\/v2\/pages\/4205\/revisions"}],"predecessor-version":[{"id":58446,"href":"https:\/\/emailchef.com\/cs\/wp-json\/wp\/v2\/pages\/4205\/revisions\/58446"}],"up":[{"embeddable":true,"href":"https:\/\/emailchef.com\/cs\/wp-json\/wp\/v2\/pages\/4209"}],"wp:attachment":[{"href":"https:\/\/emailchef.com\/cs\/wp-json\/wp\/v2\/media?parent=4205"}],"wp:term":[{"taxonomy":"g1_relation_tag","embeddable":true,"href":"https:\/\/emailchef.com\/cs\/wp-json\/wp\/v2\/g1_relation_tag?post=4205"}],"curies":[{"name":"wp","href":"https:\/\/api.w.org\/{rel}","templated":true}]}}