{"id":4203,"date":"2014-09-04T10:41:04","date_gmt":"2014-09-04T10:41:04","guid":{"rendered":"http:\/\/emailchef.com\/cs\/?page_id=4203"},"modified":"2022-07-11T12:20:17","modified_gmt":"2022-07-11T12:20:17","slug":"automatizace-email-marketingu","status":"publish","type":"page","link":"https:\/\/emailchef.com\/cs\/funkce\/automatizace-email-marketingu\/","title":{"rendered":"Automatizace email marketingu"},"content":{"rendered":"\t\t<div data-elementor-type=\"wp-page\" data-elementor-id=\"4203\" class=\"elementor elementor-4203 elementor-143\" data-elementor-post-type=\"page\">\n\t\t\t\t\t\t<section class=\"elementor-section elementor-top-section elementor-element elementor-element-35e44a8 elementor-section-boxed elementor-section-height-default elementor-section-height-default\" data-id=\"35e44a8\" data-element_type=\"section\">\n\t\t\t\t\t\t<div class=\"elementor-container elementor-column-gap-default\">\n\t\t\t\t\t<div class=\"elementor-column elementor-col-100 elementor-top-column elementor-element elementor-element-8a226cd\" data-id=\"8a226cd\" data-element_type=\"column\">\n\t\t\t<div class=\"elementor-widget-wrap elementor-element-populated\">\n\t\t\t\t\t\t<div class=\"elementor-element elementor-element-9a7b295 elementor-widget elementor-widget-image\" data-id=\"9a7b295\" data-element_type=\"widget\" data-widget_type=\"image.default\">\n\t\t\t\t\t\t\t\t\t\t\t\t\t\t\t<img fetchpriority=\"high\" decoding=\"async\" width=\"892\" height=\"600\" src=\"https:\/\/emailchef.com\/wp-content\/uploads\/2022\/06\/automations.png\" class=\"attachment-full size-full wp-image-57268\" alt=\"Automatizace email marketingu\" \/>\t\t\t\t\t\t\t\t\t\t\t\t\t\t\t<\/div>\n\t\t\t\t\t<\/div>\n\t\t<\/div>\n\t\t\t\t\t<\/div>\n\t\t<\/section>\n\t\t\t\t<section class=\"elementor-section elementor-top-section elementor-element elementor-element-4ce2d89e elementor-section-boxed elementor-section-height-default elementor-section-height-default\" data-id=\"4ce2d89e\" data-element_type=\"section\">\n\t\t\t\t\t\t<div class=\"elementor-container elementor-column-gap-default\">\n\t\t\t\t\t<div class=\"elementor-column elementor-col-100 elementor-top-column elementor-element elementor-element-3e20b6d8\" data-id=\"3e20b6d8\" data-element_type=\"column\">\n\t\t\t<div class=\"elementor-widget-wrap elementor-element-populated\">\n\t\t\t\t\t\t<div class=\"elementor-element elementor-element-57d47fe7 elementor-widget elementor-widget-text-editor\" data-id=\"57d47fe7\" data-element_type=\"widget\" data-widget_type=\"text-editor.default\">\n\t\t\t\t\t\t\t\t\t<p><strong>K dispozici pouze na placen\u00fdch PL\u00c1NY<\/strong><\/p>\n\n<p>Nastaven\u00ed autorespond\u00e9r\u016f a transak\u010dn\u00edch email\u016f je u\u017eite\u010dnou v\u011bc\u00ed pro zefektivn\u011bn\u00ed va\u0161ich email marketingov\u00fdch kampan\u00ed.<\/p>\n\n<p>Emailchef v\u00e1m umo\u017e\u0148uje automaticky nastavit odeslan\u00e9 emaily podle ur\u010dit\u00e9ho spou\u0161t\u011b\u010de. Po vytvo\u0159en\u00ed emailu stejn\u011b jako jin\u00fd newsletter, m\u016f\u017eete zde nastavit odesl\u00e1n\u00ed a\u017e na moment, kdy se stane jist\u00e1 akce nebo ud\u00e1lost.<\/p>\n\n<div class=\"g1-space\" style=\"height: 35px;\"><\/div>\n<a href=\"http:\/\/emailchef.com\/wp-content\/uploads\/2014\/09\/emailchef-screenshot-020.jpg\"><img decoding=\"async\" class=\"aligncenter\" title=\"Automatizace email marketingu\" src=\"http:\/\/emailchef.com\/wp-content\/uploads\/2014\/09\/emailchef-screenshot-020.jpg\" alt=\"\" width=\"1191\" height=\"685\" \/><\/a>\n<div class=\"g1-space\" style=\"height: 35px;\"><\/div>\n\n<p>M\u016f\u017eete si zvolit mezi t\u011bmito mo\u017enostmi:<\/p>\n\n<div class=\"g1-space\" style=\"height: 20px;\"><\/div>\n\n\n<ul id=\"\" class=\"g1-list g1-list--icon g1-list--simple \">\n \t<li><i class=\"fa fa-arrow-right g1-list__icon\"><\/i>momentem p\u0159ihl\u00e1\u0161en\u00ed<\/li>\n \t<li><i class=\"fa fa-arrow-right g1-list__icon\"><\/i>datum v\u00fdro\u010d\u00ed u\u017eivatele<\/li>\n \t<li><i class=\"fa fa-arrow-right g1-list__icon\"><\/i>kdy\u017e n\u011bkdo klikne na jak\u00fdkoli odkaz v kampani<\/li>\n \t<li><i class=\"fa fa-arrow-right g1-list__icon\"><\/i>posledn\u00ed klik v kampani<\/li>\n \t<li><i class=\"fa fa-arrow-right g1-list__icon\"><\/i>otev\u0159en\u00ed kampan\u011b<\/li>\n \t<li><i class=\"fa fa-arrow-right g1-list__icon\"><\/i>kdy\u017e n\u011bkdo klikne na specifick\u00fd odkaz v kampani<\/li>\n<\/ul>\n\n\n<div class=\"g1-space\" style=\"height: 20px;\"><\/div>\n\n<p>Pak jedin\u00e9 co mus\u00edte ud\u011blat je vybrat seznam p\u0159\u00edjemc\u016f, kte\u0159\u00ed dostanou v\u00e1\u0161 email, a nastavit \u010das odesl\u00e1n\u00ed (nap\u0159. ihned po spu\u0161t\u011bn\u00ed ud\u00e1losti, nebo pozd\u011bji). Posledn\u00ed detaily jsou identick\u00e9 norm\u00e1ln\u00edmu newsletteru.<\/p>\n\n<p>Po nastaven\u00ed autorespond\u00e9ru, Emailchef se postar\u00e1 o cel\u00fd proces doru\u010den\u00ed. Jakmile vybran\u00e1 ud\u00e1lost nastane, na\u0161e slu\u017eba po\u0161le email a vytvo\u0159\u00ed okam\u017eit\u011b spojen\u00fd report. Nen\u00ed t\u0159eba to znovu kontrolovat.<\/p>\t\t\t\t\t\t\t\t<\/div>\n\t\t\t\t\t<\/div>\n\t\t<\/div>\n\t\t\t\t\t<\/div>\n\t\t<\/section>\n\t\t\t\t<\/div>\n\t\t","protected":false},"excerpt":{"rendered":"<p>K dispozici pouze na placen\u00fdch PL\u00c1NY Nastaven\u00ed autorespond\u00e9r\u016f a transak\u010dn\u00edch email\u016f je u\u017eite\u010dnou v\u011bc\u00ed pro zefektivn\u011bn\u00ed va\u0161ich email marketingov\u00fdch kampan\u00ed. Emailchef v\u00e1m umo\u017e\u0148uje automaticky nastavit odeslan\u00e9 emaily podle ur\u010dit\u00e9ho spou\u0161t\u011b\u010de. Po vytvo\u0159en\u00ed emailu stejn\u011b jako jin\u00fd newsletter, m\u016f\u017eete zde nastavit odesl\u00e1n\u00ed a\u017e na moment, kdy se stane jist\u00e1 akce nebo ud\u00e1lost. M\u016f\u017eete si zvolit mezi [&hellip;]<\/p>\n","protected":false},"author":1,"featured_media":0,"parent":4209,"menu_order":7,"comment_status":"closed","ping_status":"closed","template":"","meta":{"_acf_changed":false,"inline_featured_image":false,"footnotes":""},"g1_relation_tag":[],"class_list":["post-4203","page","type-page","status-publish","hentry"],"acf":[],"yoast_head":"<!-- This site is optimized with the Yoast SEO plugin v24.8.1 - https:\/\/yoast.com\/wordpress\/plugins\/seo\/ -->\n<title>Automatizace email marketingu - Emailchef<\/title>\n<meta name=\"robots\" content=\"index, follow, max-snippet:-1, max-image-preview:large, max-video-preview:-1\" \/>\n<link rel=\"canonical\" href=\"https:\/\/emailchef.com\/cs\/funkce\/automatizace-email-marketingu\/\" \/>\n<meta name=\"twitter:label1\" content=\"Odhadovan\u00e1 doba \u010dten\u00ed\" \/>\n\t<meta name=\"twitter:data1\" content=\"2 minuty\" \/>\n<!-- \/ Yoast SEO plugin. -->","yoast_head_json":{"title":"Automatizace email marketingu - Emailchef","robots":{"index":"index","follow":"follow","max-snippet":"max-snippet:-1","max-image-preview":"max-image-preview:large","max-video-preview":"max-video-preview:-1"},"canonical":"https:\/\/emailchef.com\/cs\/funkce\/automatizace-email-marketingu\/","twitter_misc":{"Odhadovan\u00e1 doba \u010dten\u00ed":"2 minuty"},"schema":{"@context":"https:\/\/schema.org","@graph":[{"@type":"WebPage","@id":"https:\/\/emailchef.com\/cs\/funkce\/automatizace-email-marketingu\/","url":"https:\/\/emailchef.com\/cs\/funkce\/automatizace-email-marketingu\/","name":"Automatizace email marketingu - Emailchef","isPartOf":{"@id":"https:\/\/emailchef.com\/cs\/#website"},"primaryImageOfPage":{"@id":"https:\/\/emailchef.com\/cs\/funkce\/automatizace-email-marketingu\/#primaryimage"},"image":{"@id":"https:\/\/emailchef.com\/cs\/funkce\/automatizace-email-marketingu\/#primaryimage"},"thumbnailUrl":"https:\/\/emailchef.com\/wp-content\/uploads\/2022\/06\/automations.png","datePublished":"2014-09-04T10:41:04+00:00","dateModified":"2022-07-11T12:20:17+00:00","breadcrumb":{"@id":"https:\/\/emailchef.com\/cs\/funkce\/automatizace-email-marketingu\/#breadcrumb"},"inLanguage":"cs","potentialAction":[{"@type":"ReadAction","target":["https:\/\/emailchef.com\/cs\/funkce\/automatizace-email-marketingu\/"]}]},{"@type":"ImageObject","inLanguage":"cs","@id":"https:\/\/emailchef.com\/cs\/funkce\/automatizace-email-marketingu\/#primaryimage","url":"https:\/\/emailchef.com\/wp-content\/uploads\/2022\/06\/automations.png","contentUrl":"https:\/\/emailchef.com\/wp-content\/uploads\/2022\/06\/automations.png"},{"@type":"BreadcrumbList","@id":"https:\/\/emailchef.com\/cs\/funkce\/automatizace-email-marketingu\/#breadcrumb","itemListElement":[{"@type":"ListItem","position":1,"name":"Home","item":"https:\/\/emailchef.com\/cs\/emailchef-sluzby-email-marketingu\/"},{"@type":"ListItem","position":2,"name":"Funkce","item":"https:\/\/emailchef.com\/cs\/funkce\/"},{"@type":"ListItem","position":3,"name":"Automatizace email marketingu"}]},{"@type":"WebSite","@id":"https:\/\/emailchef.com\/cs\/#website","url":"https:\/\/emailchef.com\/cs\/","name":"Emailchef","description":"Chutn\u00e9 recepty pro email marketing","publisher":{"@id":"https:\/\/emailchef.com\/cs\/#organization"},"potentialAction":[{"@type":"SearchAction","target":{"@type":"EntryPoint","urlTemplate":"https:\/\/emailchef.com\/cs\/?s={search_term_string}"},"query-input":{"@type":"PropertyValueSpecification","valueRequired":true,"valueName":"search_term_string"}}],"inLanguage":"cs"},{"@type":"Organization","@id":"https:\/\/emailchef.com\/cs\/#organization","name":"Delivery Tech Corp.","url":"https:\/\/emailchef.com\/cs\/","logo":{"@type":"ImageObject","inLanguage":"cs","@id":"https:\/\/emailchef.com\/cs\/#\/schema\/logo\/image\/","url":"https:\/\/emailchef.com\/wp-content\/uploads\/2022\/04\/logo-sama.png","contentUrl":"https:\/\/emailchef.com\/wp-content\/uploads\/2022\/04\/logo-sama.png","width":237,"height":80,"caption":"Delivery Tech Corp."},"image":{"@id":"https:\/\/emailchef.com\/cs\/#\/schema\/logo\/image\/"}}]}},"_links":{"self":[{"href":"https:\/\/emailchef.com\/cs\/wp-json\/wp\/v2\/pages\/4203"}],"collection":[{"href":"https:\/\/emailchef.com\/cs\/wp-json\/wp\/v2\/pages"}],"about":[{"href":"https:\/\/emailchef.com\/cs\/wp-json\/wp\/v2\/types\/page"}],"author":[{"embeddable":true,"href":"https:\/\/emailchef.com\/cs\/wp-json\/wp\/v2\/users\/1"}],"replies":[{"embeddable":true,"href":"https:\/\/emailchef.com\/cs\/wp-json\/wp\/v2\/comments?post=4203"}],"version-history":[{"count":5,"href":"https:\/\/emailchef.com\/cs\/wp-json\/wp\/v2\/pages\/4203\/revisions"}],"predecessor-version":[{"id":58440,"href":"https:\/\/emailchef.com\/cs\/wp-json\/wp\/v2\/pages\/4203\/revisions\/58440"}],"up":[{"embeddable":true,"href":"https:\/\/emailchef.com\/cs\/wp-json\/wp\/v2\/pages\/4209"}],"wp:attachment":[{"href":"https:\/\/emailchef.com\/cs\/wp-json\/wp\/v2\/media?parent=4203"}],"wp:term":[{"taxonomy":"g1_relation_tag","embeddable":true,"href":"https:\/\/emailchef.com\/cs\/wp-json\/wp\/v2\/g1_relation_tag?post=4203"}],"curies":[{"name":"wp","href":"https:\/\/api.w.org\/{rel}","templated":true}]}}