{"id":4201,"date":"2014-09-04T10:28:22","date_gmt":"2014-09-04T10:28:22","guid":{"rendered":"http:\/\/emailchef.com\/cs\/?page_id=4201"},"modified":"2022-07-11T12:17:17","modified_gmt":"2022-07-11T12:17:17","slug":"pokrocile-reporty-v-realnem-case","status":"publish","type":"page","link":"https:\/\/emailchef.com\/cs\/funkce\/pokrocile-reporty-v-realnem-case\/","title":{"rendered":"Pokro\u010dil\u00e9 reporty v re\u00e1ln\u00e9m \u010dase"},"content":{"rendered":"\t\t<div data-elementor-type=\"wp-page\" data-elementor-id=\"4201\" class=\"elementor elementor-4201 elementor-138\" data-elementor-post-type=\"page\">\n\t\t\t\t\t\t<section class=\"elementor-section elementor-top-section elementor-element elementor-element-c36c614 elementor-section-boxed elementor-section-height-default elementor-section-height-default\" data-id=\"c36c614\" data-element_type=\"section\">\n\t\t\t\t\t\t<div class=\"elementor-container elementor-column-gap-default\">\n\t\t\t\t\t<div class=\"elementor-column elementor-col-100 elementor-top-column elementor-element elementor-element-c5f7e13\" data-id=\"c5f7e13\" data-element_type=\"column\">\n\t\t\t<div class=\"elementor-widget-wrap elementor-element-populated\">\n\t\t\t\t\t\t<div class=\"elementor-element elementor-element-8806b2f elementor-widget elementor-widget-image\" data-id=\"8806b2f\" data-element_type=\"widget\" data-widget_type=\"image.default\">\n\t\t\t\t<div class=\"elementor-widget-container\">\n\t\t\t\t\t\t\t\t\t\t\t\t\t\t\t<img fetchpriority=\"high\" decoding=\"async\" width=\"867\" height=\"600\" src=\"https:\/\/emailchef.com\/wp-content\/uploads\/2022\/06\/realtime-reports.png\" class=\"attachment-full size-full wp-image-57242\" alt=\"Pokro\u010dil\u00e9 reporty v re\u00e1ln\u00e9m \u010dase\" \/>\t\t\t\t\t\t\t\t\t\t\t\t\t\t\t<\/div>\n\t\t\t\t<\/div>\n\t\t\t\t\t<\/div>\n\t\t<\/div>\n\t\t\t\t\t<\/div>\n\t\t<\/section>\n\t\t\t\t<section class=\"elementor-section elementor-top-section elementor-element elementor-element-4690457e elementor-section-boxed elementor-section-height-default elementor-section-height-default\" data-id=\"4690457e\" data-element_type=\"section\">\n\t\t\t\t\t\t<div class=\"elementor-container elementor-column-gap-default\">\n\t\t\t\t\t<div class=\"elementor-column elementor-col-100 elementor-top-column elementor-element elementor-element-480fcf3\" data-id=\"480fcf3\" data-element_type=\"column\">\n\t\t\t<div class=\"elementor-widget-wrap elementor-element-populated\">\n\t\t\t\t\t\t<div class=\"elementor-element elementor-element-2a5f9aa6 elementor-widget elementor-widget-text-editor\" data-id=\"2a5f9aa6\" data-element_type=\"widget\" data-widget_type=\"text-editor.default\">\n\t\t\t\t<div class=\"elementor-widget-container\">\n\t\t\t\t\t\t\t\t\t<p>Email marketing je hodn\u011b o neust\u00e1l\u00e9m vylep\u0161ov\u00e1n\u00ed: zkus\u00edte n\u011bco a zjist\u00edte, kde to m\u016f\u017eete vylep\u0161it (nebo \u00fapln\u011b zm\u011bnit), otestujete to, a nakonec dos\u00e1hnete lep\u0161\u00edho v\u00fdsledku. Abyste toho v\u0161ak dos\u00e1hli, je naprosto z\u00e1sadn\u00ed m\u00edt p\u0159esn\u00e9 statistiky o sledovan\u00fdch metrik\u00e1ch ka\u017ed\u00e9 emailov\u00e9 kampan\u011b. A p\u0159esn\u011b to v\u00e1m Emailchef dod\u00e1v\u00e1.<\/p>\n\n<p>Na\u0161e pokro\u010dil\u00e9 reportovac\u00ed n\u00e1stroje jsou zde pro to, aby v\u00e1m pomohli porozum\u011bt jak si v\u011b\u0161e newslettery pr\u00e1v\u011b vedou a jak je p\u0159\u00edpadn\u011b vylep\u0161it. Ihned po odesl\u00e1n\u00ed kampan\u011b za\u010dnete dost\u00e1vat data o:<\/p>\n\n<div class=\"g1-space\" style=\"height: 20px;\"><\/div>\n\n\n<ul id=\"\" class=\"g1-list g1-list--icon g1-list--simple \">\n \t<li><i class=\"fa fa-arrow-right g1-list__icon\"><\/i>m\u00ed\u0159e doru\u010den\u00ed<\/li>\n \t<li><i class=\"fa fa-arrow-right g1-list__icon\"><\/i>m\u00ed\u0159e otev\u0159en\u00ed<\/li>\n \t<li><i class=\"fa fa-arrow-right g1-list__icon\"><\/i>m\u00ed\u0159e prokliku<\/li>\n \t<li><i class=\"fa fa-arrow-right g1-list__icon\"><\/i>m\u00ed\u0159e odhl\u00e1\u0161en\u00ed<\/li>\n \t<li><i class=\"fa fa-arrow-right g1-list__icon\"><\/i>m\u00ed\u0159e nedoru\u010den\u00ed<\/li>\n \t<li><i class=\"fa fa-arrow-right g1-list__icon\"><\/i>m\u00ed\u0159e spamov\u00fdch st\u00ed\u017enost\u00ed<\/li>\n<\/ul>\n\n\n<div class=\"g1-space\" style=\"height: 20px;\"><\/div>\n\n<p>V\u0161echny v\u00fdsledky jsou zobrazeny v podob\u011b praktick\u00fdch kol\u00e1\u010dov\u00fdch graf\u016f, abyste je mohli ihned vyu\u017e\u00edt k lep\u0161\u00edm v\u00fdsledk\u016fm. M\u016f\u017eete ale tak\u00e9 zkontrolovat v\u0161echny jednotliv\u00e9 adresy jednu po druh\u00e9, a pod\u00edvat se nap\u0159. kdo p\u0159esn\u011b otev\u0159el va\u0161i zpr\u00e1vu a kdy. Ve zkratce: v\u0161echny interakce, kter\u00e9 u\u017eivatel ud\u011bl\u00e1, se pe\u010dliv\u011b sleduj\u00ed, aby v\u00e1m poskytli kompletn\u00ed kontrolu nad va\u0161imi mailingy.<\/p>\t\t\t\t\t\t\t\t<\/div>\n\t\t\t\t<\/div>\n\t\t\t\t\t<\/div>\n\t\t<\/div>\n\t\t\t\t\t<\/div>\n\t\t<\/section>\n\t\t\t\t<\/div>\n\t\t","protected":false},"excerpt":{"rendered":"<p>Email marketing je hodn\u011b o neust\u00e1l\u00e9m vylep\u0161ov\u00e1n\u00ed: zkus\u00edte n\u011bco a zjist\u00edte, kde to m\u016f\u017eete vylep\u0161it (nebo \u00fapln\u011b zm\u011bnit), otestujete to, a nakonec dos\u00e1hnete lep\u0161\u00edho v\u00fdsledku. Abyste toho v\u0161ak dos\u00e1hli, je naprosto z\u00e1sadn\u00ed m\u00edt p\u0159esn\u00e9 statistiky o sledovan\u00fdch metrik\u00e1ch ka\u017ed\u00e9 emailov\u00e9 kampan\u011b. A p\u0159esn\u011b to v\u00e1m Emailchef dod\u00e1v\u00e1. Na\u0161e pokro\u010dil\u00e9 reportovac\u00ed n\u00e1stroje jsou zde pro to, [&hellip;]<\/p>\n","protected":false},"author":1,"featured_media":0,"parent":4209,"menu_order":5,"comment_status":"closed","ping_status":"closed","template":"","meta":{"_acf_changed":false,"inline_featured_image":false,"footnotes":""},"g1_relation_tag":[],"class_list":["post-4201","page","type-page","status-publish","hentry"],"acf":[],"yoast_head":"<!-- This site is optimized with the Yoast SEO plugin v24.8.1 - https:\/\/yoast.com\/wordpress\/plugins\/seo\/ -->\n<title>Pokro\u010dil\u00e9 reporty v re\u00e1ln\u00e9m \u010dase - Emailchef<\/title>\n<meta name=\"robots\" content=\"index, follow, max-snippet:-1, max-image-preview:large, max-video-preview:-1\" \/>\n<link rel=\"canonical\" href=\"https:\/\/emailchef.com\/cs\/funkce\/pokrocile-reporty-v-realnem-case\/\" \/>\n<meta name=\"twitter:label1\" content=\"Odhadovan\u00e1 doba \u010dten\u00ed\" \/>\n\t<meta name=\"twitter:data1\" content=\"2 minuty\" \/>\n<!-- \/ Yoast SEO plugin. -->","yoast_head_json":{"title":"Pokro\u010dil\u00e9 reporty v re\u00e1ln\u00e9m \u010dase - Emailchef","robots":{"index":"index","follow":"follow","max-snippet":"max-snippet:-1","max-image-preview":"max-image-preview:large","max-video-preview":"max-video-preview:-1"},"canonical":"https:\/\/emailchef.com\/cs\/funkce\/pokrocile-reporty-v-realnem-case\/","twitter_misc":{"Odhadovan\u00e1 doba \u010dten\u00ed":"2 minuty"},"schema":{"@context":"https:\/\/schema.org","@graph":[{"@type":"WebPage","@id":"https:\/\/emailchef.com\/cs\/funkce\/pokrocile-reporty-v-realnem-case\/","url":"https:\/\/emailchef.com\/cs\/funkce\/pokrocile-reporty-v-realnem-case\/","name":"Pokro\u010dil\u00e9 reporty v re\u00e1ln\u00e9m \u010dase - Emailchef","isPartOf":{"@id":"https:\/\/emailchef.com\/cs\/#website"},"primaryImageOfPage":{"@id":"https:\/\/emailchef.com\/cs\/funkce\/pokrocile-reporty-v-realnem-case\/#primaryimage"},"image":{"@id":"https:\/\/emailchef.com\/cs\/funkce\/pokrocile-reporty-v-realnem-case\/#primaryimage"},"thumbnailUrl":"https:\/\/emailchef.com\/wp-content\/uploads\/2022\/06\/realtime-reports.png","datePublished":"2014-09-04T10:28:22+00:00","dateModified":"2022-07-11T12:17:17+00:00","breadcrumb":{"@id":"https:\/\/emailchef.com\/cs\/funkce\/pokrocile-reporty-v-realnem-case\/#breadcrumb"},"inLanguage":"cs","potentialAction":[{"@type":"ReadAction","target":["https:\/\/emailchef.com\/cs\/funkce\/pokrocile-reporty-v-realnem-case\/"]}]},{"@type":"ImageObject","inLanguage":"cs","@id":"https:\/\/emailchef.com\/cs\/funkce\/pokrocile-reporty-v-realnem-case\/#primaryimage","url":"https:\/\/emailchef.com\/wp-content\/uploads\/2022\/06\/realtime-reports.png","contentUrl":"https:\/\/emailchef.com\/wp-content\/uploads\/2022\/06\/realtime-reports.png"},{"@type":"BreadcrumbList","@id":"https:\/\/emailchef.com\/cs\/funkce\/pokrocile-reporty-v-realnem-case\/#breadcrumb","itemListElement":[{"@type":"ListItem","position":1,"name":"Home","item":"https:\/\/emailchef.com\/cs\/emailchef-sluzby-email-marketingu\/"},{"@type":"ListItem","position":2,"name":"Funkce","item":"https:\/\/emailchef.com\/cs\/funkce\/"},{"@type":"ListItem","position":3,"name":"Pokro\u010dil\u00e9 reporty v re\u00e1ln\u00e9m \u010dase"}]},{"@type":"WebSite","@id":"https:\/\/emailchef.com\/cs\/#website","url":"https:\/\/emailchef.com\/cs\/","name":"Emailchef","description":"Chutn\u00e9 recepty pro email marketing","publisher":{"@id":"https:\/\/emailchef.com\/cs\/#organization"},"potentialAction":[{"@type":"SearchAction","target":{"@type":"EntryPoint","urlTemplate":"https:\/\/emailchef.com\/cs\/?s={search_term_string}"},"query-input":{"@type":"PropertyValueSpecification","valueRequired":true,"valueName":"search_term_string"}}],"inLanguage":"cs"},{"@type":"Organization","@id":"https:\/\/emailchef.com\/cs\/#organization","name":"Delivery Tech Corp.","url":"https:\/\/emailchef.com\/cs\/","logo":{"@type":"ImageObject","inLanguage":"cs","@id":"https:\/\/emailchef.com\/cs\/#\/schema\/logo\/image\/","url":"https:\/\/emailchef.com\/wp-content\/uploads\/2022\/04\/logo-sama.png","contentUrl":"https:\/\/emailchef.com\/wp-content\/uploads\/2022\/04\/logo-sama.png","width":237,"height":80,"caption":"Delivery Tech Corp."},"image":{"@id":"https:\/\/emailchef.com\/cs\/#\/schema\/logo\/image\/"}}]}},"_links":{"self":[{"href":"https:\/\/emailchef.com\/cs\/wp-json\/wp\/v2\/pages\/4201"}],"collection":[{"href":"https:\/\/emailchef.com\/cs\/wp-json\/wp\/v2\/pages"}],"about":[{"href":"https:\/\/emailchef.com\/cs\/wp-json\/wp\/v2\/types\/page"}],"author":[{"embeddable":true,"href":"https:\/\/emailchef.com\/cs\/wp-json\/wp\/v2\/users\/1"}],"replies":[{"embeddable":true,"href":"https:\/\/emailchef.com\/cs\/wp-json\/wp\/v2\/comments?post=4201"}],"version-history":[{"count":6,"href":"https:\/\/emailchef.com\/cs\/wp-json\/wp\/v2\/pages\/4201\/revisions"}],"predecessor-version":[{"id":58432,"href":"https:\/\/emailchef.com\/cs\/wp-json\/wp\/v2\/pages\/4201\/revisions\/58432"}],"up":[{"embeddable":true,"href":"https:\/\/emailchef.com\/cs\/wp-json\/wp\/v2\/pages\/4209"}],"wp:attachment":[{"href":"https:\/\/emailchef.com\/cs\/wp-json\/wp\/v2\/media?parent=4201"}],"wp:term":[{"taxonomy":"g1_relation_tag","embeddable":true,"href":"https:\/\/emailchef.com\/cs\/wp-json\/wp\/v2\/g1_relation_tag?post=4201"}],"curies":[{"name":"wp","href":"https:\/\/api.w.org\/{rel}","templated":true}]}}