{"id":4196,"date":"2014-09-04T10:26:34","date_gmt":"2014-09-04T10:26:34","guid":{"rendered":"http:\/\/emailchef.com\/cs\/?page_id=4196"},"modified":"2022-07-11T12:08:51","modified_gmt":"2022-07-11T12:08:51","slug":"editor-prihlasovacich-formularu","status":"publish","type":"page","link":"https:\/\/emailchef.com\/cs\/funkce\/editor-prihlasovacich-formularu\/","title":{"rendered":"Editor p\u0159ihla\u0161ovac\u00edch formul\u00e1\u0159\u016f"},"content":{"rendered":"\t\t<div data-elementor-type=\"wp-page\" data-elementor-id=\"4196\" class=\"elementor elementor-4196 elementor-134\" data-elementor-post-type=\"page\">\n\t\t\t\t\t\t<section class=\"elementor-section elementor-top-section elementor-element elementor-element-2e0f181 elementor-section-boxed elementor-section-height-default elementor-section-height-default\" data-id=\"2e0f181\" data-element_type=\"section\">\n\t\t\t\t\t\t<div class=\"elementor-container elementor-column-gap-default\">\n\t\t\t\t\t<div class=\"elementor-column elementor-col-100 elementor-top-column elementor-element elementor-element-fa09c5a\" data-id=\"fa09c5a\" data-element_type=\"column\">\n\t\t\t<div class=\"elementor-widget-wrap elementor-element-populated\">\n\t\t\t\t\t\t<div class=\"elementor-element elementor-element-50a9ef2 elementor-widget elementor-widget-image\" data-id=\"50a9ef2\" data-element_type=\"widget\" data-widget_type=\"image.default\">\n\t\t\t\t<div class=\"elementor-widget-container\">\n\t\t\t\t\t\t\t\t\t\t\t\t\t\t\t<img fetchpriority=\"high\" decoding=\"async\" width=\"1161\" height=\"600\" src=\"https:\/\/emailchef.com\/wp-content\/uploads\/2022\/06\/form-editor.png\" class=\"attachment-full size-full wp-image-57210\" alt=\"Editor p\u0159ihla\u0161ovac\u00edch formul\u00e1\u0159\u016f\" \/>\t\t\t\t\t\t\t\t\t\t\t\t\t\t\t<\/div>\n\t\t\t\t<\/div>\n\t\t\t\t\t<\/div>\n\t\t<\/div>\n\t\t\t\t\t<\/div>\n\t\t<\/section>\n\t\t\t\t<section class=\"elementor-section elementor-top-section elementor-element elementor-element-2447fe0c elementor-section-boxed elementor-section-height-default elementor-section-height-default\" data-id=\"2447fe0c\" data-element_type=\"section\">\n\t\t\t\t\t\t<div class=\"elementor-container elementor-column-gap-default\">\n\t\t\t\t\t<div class=\"elementor-column elementor-col-100 elementor-top-column elementor-element elementor-element-72f39d0f\" data-id=\"72f39d0f\" data-element_type=\"column\">\n\t\t\t<div class=\"elementor-widget-wrap elementor-element-populated\">\n\t\t\t\t\t\t<div class=\"elementor-element elementor-element-7825fdb3 elementor-widget elementor-widget-text-editor\" data-id=\"7825fdb3\" data-element_type=\"widget\" data-widget_type=\"text-editor.default\">\n\t\t\t\t<div class=\"elementor-widget-container\">\n\t\t\t\t\t\t\t\t\t<p>Nejlep\u0161\u00edm zp\u016fsobem, jak shroma\u017e\u010fovat nov\u00e9 zaj\u00edmav\u00e9 kontakty pro sv\u00e9 newslettery, je v\u017edy nab\u00eddnout kvalitn\u00ed p\u0159ihla\u0161ovac\u00ed formul\u00e1\u0159 na sv\u00fdch webov\u00fdch str\u00e1nk\u00e1ch. Proto Emailchef nab\u00edz\u00ed drag&amp;drop editor pro vytv\u00e1\u0159en\u00ed jednoduch\u00fdch nebo dvakr\u00e1t potvrzen\u00fdch formul\u00e1\u0159\u016f, a to b\u011bhem vte\u0159in.<\/p>\n\n<p>V\u0161e co pot\u0159ebujete je vybrat si p\u0159edem p\u0159ipraven\u00fd formul\u00e1\u0159 podle sv\u00fdch p\u0159edstav a pak si jej jak chcete upravit, zm\u011bnit si barvu (aby sed\u011bla na v\u00e1\u0161 web a logo), p\u0159idat z\u00e1pat\u00ed, v\u00edce pol\u00ed s informacemi a ud\u011blat si p\u0159eklady a v\u00edce jazykov\u00fdch verz\u00ed.<\/p>\n\n<p>D\u00e1le m\u016f\u017eete nastavit preference pro p\u0159ihl\u00e1\u0161en\u00ed, nastavit uv\u00edtac\u00ed zpr\u00e1vu a pod\u011bkov\u00e1n\u00ed emailem. Ka\u017ed\u00fd seznam kontakt\u016f m\u016f\u017ee b\u00fdt napojen\u00fd na n\u011bkolik p\u0159ihla\u0161ovac\u00edch formul\u00e1\u0159\u016f. Je to v\u0161e opravdu jednoduch\u00e9!<\/p>\n\n<p>Fin\u00e1ln\u00ed k\u00f3d m\u016f\u017ee b\u00fdt pou\u017eit p\u0159\u00edmo na v\u00e1\u0161 web: doporu\u010dujeme d\u00e1t jej na dobr\u00e9 m\u00edsto, aby se co nejv\u00edce zv\u00fd\u0161ila va\u0161e \u0161ance na p\u0159eveden\u00ed n\u00e1v\u0161t\u011bvn\u00edk\u016f na z\u00e1kazn\u00edky.<\/p>\t\t\t\t\t\t\t\t<\/div>\n\t\t\t\t<\/div>\n\t\t\t\t\t<\/div>\n\t\t<\/div>\n\t\t\t\t\t<\/div>\n\t\t<\/section>\n\t\t\t\t<\/div>\n\t\t","protected":false},"excerpt":{"rendered":"<p>Nejlep\u0161\u00edm zp\u016fsobem, jak shroma\u017e\u010fovat nov\u00e9 zaj\u00edmav\u00e9 kontakty pro sv\u00e9 newslettery, je v\u017edy nab\u00eddnout kvalitn\u00ed p\u0159ihla\u0161ovac\u00ed formul\u00e1\u0159 na sv\u00fdch webov\u00fdch str\u00e1nk\u00e1ch. Proto Emailchef nab\u00edz\u00ed drag&amp;drop editor pro vytv\u00e1\u0159en\u00ed jednoduch\u00fdch nebo dvakr\u00e1t potvrzen\u00fdch formul\u00e1\u0159\u016f, a to b\u011bhem vte\u0159in. V\u0161e co pot\u0159ebujete je vybrat si p\u0159edem p\u0159ipraven\u00fd formul\u00e1\u0159 podle sv\u00fdch p\u0159edstav a pak si jej jak chcete upravit, [&hellip;]<\/p>\n","protected":false},"author":1,"featured_media":0,"parent":4209,"menu_order":4,"comment_status":"closed","ping_status":"closed","template":"","meta":{"_acf_changed":false,"inline_featured_image":false,"footnotes":""},"g1_relation_tag":[],"class_list":["post-4196","page","type-page","status-publish","hentry"],"acf":[],"yoast_head":"<!-- This site is optimized with the Yoast SEO plugin v24.8.1 - https:\/\/yoast.com\/wordpress\/plugins\/seo\/ -->\n<title>Editor p\u0159ihla\u0161ovac\u00edch formul\u00e1\u0159\u016f - Emailchef<\/title>\n<meta name=\"robots\" content=\"index, follow, max-snippet:-1, max-image-preview:large, max-video-preview:-1\" \/>\n<link rel=\"canonical\" href=\"https:\/\/emailchef.com\/cs\/funkce\/editor-prihlasovacich-formularu\/\" \/>\n<meta name=\"twitter:label1\" content=\"Odhadovan\u00e1 doba \u010dten\u00ed\" \/>\n\t<meta name=\"twitter:data1\" content=\"1 minuta\" \/>\n<!-- \/ Yoast SEO plugin. -->","yoast_head_json":{"title":"Editor p\u0159ihla\u0161ovac\u00edch formul\u00e1\u0159\u016f - Emailchef","robots":{"index":"index","follow":"follow","max-snippet":"max-snippet:-1","max-image-preview":"max-image-preview:large","max-video-preview":"max-video-preview:-1"},"canonical":"https:\/\/emailchef.com\/cs\/funkce\/editor-prihlasovacich-formularu\/","twitter_misc":{"Odhadovan\u00e1 doba \u010dten\u00ed":"1 minuta"},"schema":{"@context":"https:\/\/schema.org","@graph":[{"@type":"WebPage","@id":"https:\/\/emailchef.com\/cs\/funkce\/editor-prihlasovacich-formularu\/","url":"https:\/\/emailchef.com\/cs\/funkce\/editor-prihlasovacich-formularu\/","name":"Editor p\u0159ihla\u0161ovac\u00edch formul\u00e1\u0159\u016f - Emailchef","isPartOf":{"@id":"https:\/\/emailchef.com\/cs\/#website"},"primaryImageOfPage":{"@id":"https:\/\/emailchef.com\/cs\/funkce\/editor-prihlasovacich-formularu\/#primaryimage"},"image":{"@id":"https:\/\/emailchef.com\/cs\/funkce\/editor-prihlasovacich-formularu\/#primaryimage"},"thumbnailUrl":"https:\/\/emailchef.com\/wp-content\/uploads\/2022\/06\/form-editor.png","datePublished":"2014-09-04T10:26:34+00:00","dateModified":"2022-07-11T12:08:51+00:00","breadcrumb":{"@id":"https:\/\/emailchef.com\/cs\/funkce\/editor-prihlasovacich-formularu\/#breadcrumb"},"inLanguage":"cs","potentialAction":[{"@type":"ReadAction","target":["https:\/\/emailchef.com\/cs\/funkce\/editor-prihlasovacich-formularu\/"]}]},{"@type":"ImageObject","inLanguage":"cs","@id":"https:\/\/emailchef.com\/cs\/funkce\/editor-prihlasovacich-formularu\/#primaryimage","url":"https:\/\/emailchef.com\/wp-content\/uploads\/2022\/06\/form-editor.png","contentUrl":"https:\/\/emailchef.com\/wp-content\/uploads\/2022\/06\/form-editor.png"},{"@type":"BreadcrumbList","@id":"https:\/\/emailchef.com\/cs\/funkce\/editor-prihlasovacich-formularu\/#breadcrumb","itemListElement":[{"@type":"ListItem","position":1,"name":"Home","item":"https:\/\/emailchef.com\/cs\/emailchef-sluzby-email-marketingu\/"},{"@type":"ListItem","position":2,"name":"Funkce","item":"https:\/\/emailchef.com\/cs\/funkce\/"},{"@type":"ListItem","position":3,"name":"Editor p\u0159ihla\u0161ovac\u00edch formul\u00e1\u0159\u016f"}]},{"@type":"WebSite","@id":"https:\/\/emailchef.com\/cs\/#website","url":"https:\/\/emailchef.com\/cs\/","name":"Emailchef","description":"Chutn\u00e9 recepty pro email marketing","publisher":{"@id":"https:\/\/emailchef.com\/cs\/#organization"},"potentialAction":[{"@type":"SearchAction","target":{"@type":"EntryPoint","urlTemplate":"https:\/\/emailchef.com\/cs\/?s={search_term_string}"},"query-input":{"@type":"PropertyValueSpecification","valueRequired":true,"valueName":"search_term_string"}}],"inLanguage":"cs"},{"@type":"Organization","@id":"https:\/\/emailchef.com\/cs\/#organization","name":"Delivery Tech Corp.","url":"https:\/\/emailchef.com\/cs\/","logo":{"@type":"ImageObject","inLanguage":"cs","@id":"https:\/\/emailchef.com\/cs\/#\/schema\/logo\/image\/","url":"https:\/\/emailchef.com\/wp-content\/uploads\/2022\/04\/logo-sama.png","contentUrl":"https:\/\/emailchef.com\/wp-content\/uploads\/2022\/04\/logo-sama.png","width":237,"height":80,"caption":"Delivery Tech Corp."},"image":{"@id":"https:\/\/emailchef.com\/cs\/#\/schema\/logo\/image\/"}}]}},"_links":{"self":[{"href":"https:\/\/emailchef.com\/cs\/wp-json\/wp\/v2\/pages\/4196"}],"collection":[{"href":"https:\/\/emailchef.com\/cs\/wp-json\/wp\/v2\/pages"}],"about":[{"href":"https:\/\/emailchef.com\/cs\/wp-json\/wp\/v2\/types\/page"}],"author":[{"embeddable":true,"href":"https:\/\/emailchef.com\/cs\/wp-json\/wp\/v2\/users\/1"}],"replies":[{"embeddable":true,"href":"https:\/\/emailchef.com\/cs\/wp-json\/wp\/v2\/comments?post=4196"}],"version-history":[{"count":7,"href":"https:\/\/emailchef.com\/cs\/wp-json\/wp\/v2\/pages\/4196\/revisions"}],"predecessor-version":[{"id":58406,"href":"https:\/\/emailchef.com\/cs\/wp-json\/wp\/v2\/pages\/4196\/revisions\/58406"}],"up":[{"embeddable":true,"href":"https:\/\/emailchef.com\/cs\/wp-json\/wp\/v2\/pages\/4209"}],"wp:attachment":[{"href":"https:\/\/emailchef.com\/cs\/wp-json\/wp\/v2\/media?parent=4196"}],"wp:term":[{"taxonomy":"g1_relation_tag","embeddable":true,"href":"https:\/\/emailchef.com\/cs\/wp-json\/wp\/v2\/g1_relation_tag?post=4196"}],"curies":[{"name":"wp","href":"https:\/\/api.w.org\/{rel}","templated":true}]}}