{"id":4193,"date":"2014-09-04T10:10:54","date_gmt":"2014-09-04T10:10:54","guid":{"rendered":"http:\/\/emailchef.com\/cs\/?page_id=4193"},"modified":"2022-07-11T12:14:42","modified_gmt":"2022-07-11T12:14:42","slug":"upravujte-odesilejte-svoji-kampan","status":"publish","type":"page","link":"https:\/\/emailchef.com\/cs\/funkce\/upravujte-odesilejte-svoji-kampan\/","title":{"rendered":"Upravujte a odes\u00edlejte svoji kampa\u0148"},"content":{"rendered":"\t\t<div data-elementor-type=\"wp-page\" data-elementor-id=\"4193\" class=\"elementor elementor-4193 elementor-128\" data-elementor-post-type=\"page\">\n\t\t\t\t\t\t<section class=\"elementor-section elementor-top-section elementor-element elementor-element-2996bb4 elementor-section-boxed elementor-section-height-default elementor-section-height-default\" data-id=\"2996bb4\" data-element_type=\"section\">\n\t\t\t\t\t\t<div class=\"elementor-container elementor-column-gap-default\">\n\t\t\t\t\t<div class=\"elementor-column elementor-col-100 elementor-top-column elementor-element elementor-element-aadbdee\" data-id=\"aadbdee\" data-element_type=\"column\">\n\t\t\t<div class=\"elementor-widget-wrap elementor-element-populated\">\n\t\t\t\t\t\t<div class=\"elementor-element elementor-element-cc53029 elementor-widget elementor-widget-image\" data-id=\"cc53029\" data-element_type=\"widget\" data-widget_type=\"image.default\">\n\t\t\t\t<div class=\"elementor-widget-container\">\n\t\t\t\t\t\t\t\t\t\t\t\t\t\t\t<img fetchpriority=\"high\" decoding=\"async\" width=\"744\" height=\"600\" src=\"https:\/\/emailchef.com\/wp-content\/uploads\/2022\/06\/send-campaign.png\" class=\"attachment-full size-full wp-image-57152\" alt=\"Upravujte a odes\u00edlejte svoji kampa\u0148\" \/>\t\t\t\t\t\t\t\t\t\t\t\t\t\t\t<\/div>\n\t\t\t\t<\/div>\n\t\t\t\t\t<\/div>\n\t\t<\/div>\n\t\t\t\t\t<\/div>\n\t\t<\/section>\n\t\t\t\t<section class=\"elementor-section elementor-top-section elementor-element elementor-element-238b2c45 elementor-section-boxed elementor-section-height-default elementor-section-height-default\" data-id=\"238b2c45\" data-element_type=\"section\">\n\t\t\t\t\t\t<div class=\"elementor-container elementor-column-gap-default\">\n\t\t\t\t\t<div class=\"elementor-column elementor-col-100 elementor-top-column elementor-element elementor-element-1fc8bcb8\" data-id=\"1fc8bcb8\" data-element_type=\"column\">\n\t\t\t<div class=\"elementor-widget-wrap elementor-element-populated\">\n\t\t\t\t\t\t<div class=\"elementor-element elementor-element-63970af1 elementor-widget elementor-widget-text-editor\" data-id=\"63970af1\" data-element_type=\"widget\" data-widget_type=\"text-editor.default\">\n\t\t\t\t<div class=\"elementor-widget-container\">\n\t\t\t\t\t\t\t\t\t<p>Vytvo\u0159en\u00edm a editac\u00ed hromadn\u00e9ho emailu nebo newsletteru \u2013 ve zkratce kampa\u0148 \u2013 je v Emailchef velmi jednoduch\u00e9. M\u016f\u017eete si vybrat ze 4 r\u016fzn\u00fdch designov\u00fdch mo\u017enost\u00ed:<\/p>\n\n<div class=\"g1-space\" style=\"height: 20px;\"><\/div>\n\n\n<ul id=\"\" class=\"g1-list g1-list--icon g1-list--simple \">\n \t<li><i class=\"fa fa-arrow-right g1-list__icon\"><\/i>CVybrat si z p\u0159edem p\u0159ipraven\u00e9 \u0161ablony z na\u0161\u00ed kolekce\nNab\u00edz\u00edme velk\u00fd v\u00fdb\u011br emailov\u00fdch n\u00e1vrh\u016f \u2013 voln\u011b k \u00faprav\u011b \u2013 abychom v\u00e1m pomohli vybrat tu nejlep\u0161\u00ed \u0161ablonu pro va\u0161i kampa\u0148.<\/li>\n \t<li><i class=\"fa fa-arrow-right g1-list__icon\"><\/i>Za\u010dn\u011bte nov\u00fd design \u00fapln\u011b od za\u010d\u00e1tku..\nEmailchef nab\u00edz\u00ed tak\u00e9 klasick\u00fd vizu\u00e1ln\u00ed editor, jen textov\u00fd editor, a HTML editor.<\/li>\n \t<li><i class=\"fa fa-arrow-right g1-list__icon\"><\/i>Nahrajte ji\u017e existuj\u00edc\u00ed \u0161ablonu z va\u0161eho po\u010d\u00edta\u010de nebo webov\u00e9 str\u00e1nky.\nM\u016f\u017eete importovat bu\u010f HTML, nebo ZIP soubory.<\/li>\n \t<li><i class=\"fa fa-arrow-right g1-list__icon\"><\/i><a href=\"http:\/\/emailchef.com\/cs\/funkce\/nejrychlejsi-tvurce-sablon\/\"><strong>St\u00e1hn\u011bte si na\u0161eho Tv\u016frce \u0161ablon<\/strong><\/a>, \u00fa\u017easn\u00fd software kter\u00fd se specializuje na tvorbu newsletter\u016f.\nM\u016f\u017eete si poskl\u00e1dat \u00fa\u017easn\u00fd vzhled b\u011bhem vte\u0159in, pouze jednoduchou s\u00e9ri\u00ed pohyb\u016f, p\u0159esouv\u00e1n\u00edm a pak jej nahr\u00e1t p\u0159\u00edmo do na\u0161eho vizu\u00e1ln\u00edho editoru.<\/li>\n<\/ul>\n\n\n<div class=\"g1-space\" style=\"height: 20px;\"><\/div>\n\n<p>Pot\u00e9, co jste vytvo\u0159ili \u0161ablonu (n\u00e1vrh vzhledu), m\u016f\u017eete ji nyn\u00ed p\u0159izp\u016fsobovat p\u0159id\u00e1n\u00edm obsahu a obr\u00e1zk\u016f, volbou siln\u00e9ho textu do p\u0159edm\u011btu zpr\u00e1vy, a nastaven\u00edm jm\u00e9na odes\u00edlatele a adresy. Pak i budete muset vybrat seznam nebo segment seznam, kte\u0159\u00ed dostanou va\u0161i kampa\u0148, p\u0159ekontrolujete cel\u00fd newsletter a kliknete na odesl\u00e1n\u00ed (nebo si nastav\u00edte datum a \u010das, kdy se kampa\u0148 ode\u0161le).<\/p>\n\n<p>Proces v\u00e1s provede krok za krokem a je na\u0161\u00ed povinnost\u00ed v\u00e1s upozornit, pokud byste vynechali n\u011bco d\u016fle\u017eit\u00e9ho: nap\u0159\u00edklad odkaz pro odhl\u00e1\u0161en\u00ed, nebo p\u0159edm\u011bt zpr\u00e1vy. V\u0161echny dokon\u010den\u00e9 kampan\u011b mohou b\u00fdt odesl\u00e1ny jako test na vybran\u00e9 emailov\u00e9 adresy p\u0159ed samotn\u00fdm odesl\u00e1n\u00edm kampan\u011b. Tak\u00e9 v\u017edy doporu\u010dujeme spustit spam test a p\u0159esv\u011bd\u010dit se, zda nen\u00ed mo\u017eno va\u0161i kampa\u0148 je\u0161t\u011b n\u011bkde upravit a vyhnout se tak antispamov\u00fdm filtr\u016fm.<\/p>\t\t\t\t\t\t\t\t<\/div>\n\t\t\t\t<\/div>\n\t\t\t\t\t<\/div>\n\t\t<\/div>\n\t\t\t\t\t<\/div>\n\t\t<\/section>\n\t\t\t\t<\/div>\n\t\t","protected":false},"excerpt":{"rendered":"<p>Vytvo\u0159en\u00edm a editac\u00ed hromadn\u00e9ho emailu nebo newsletteru \u2013 ve zkratce kampa\u0148 \u2013 je v Emailchef velmi jednoduch\u00e9. M\u016f\u017eete si vybrat ze 4 r\u016fzn\u00fdch designov\u00fdch mo\u017enost\u00ed: Pot\u00e9, co jste vytvo\u0159ili \u0161ablonu (n\u00e1vrh vzhledu), m\u016f\u017eete ji nyn\u00ed p\u0159izp\u016fsobovat p\u0159id\u00e1n\u00edm obsahu a obr\u00e1zk\u016f, volbou siln\u00e9ho textu do p\u0159edm\u011btu zpr\u00e1vy, a nastaven\u00edm jm\u00e9na odes\u00edlatele a adresy. Pak i budete [&hellip;]<\/p>\n","protected":false},"author":1,"featured_media":0,"parent":4209,"menu_order":2,"comment_status":"closed","ping_status":"closed","template":"","meta":{"_acf_changed":false,"inline_featured_image":false,"footnotes":""},"g1_relation_tag":[],"class_list":["post-4193","page","type-page","status-publish","hentry"],"acf":[],"yoast_head":"<!-- This site is optimized with the Yoast SEO plugin v24.8.1 - https:\/\/yoast.com\/wordpress\/plugins\/seo\/ -->\n<title>Upravujte a odes\u00edlejte svoji kampa\u0148 - Emailchef<\/title>\n<meta name=\"robots\" content=\"index, follow, max-snippet:-1, max-image-preview:large, max-video-preview:-1\" \/>\n<link rel=\"canonical\" href=\"https:\/\/emailchef.com\/cs\/funkce\/upravujte-odesilejte-svoji-kampan\/\" \/>\n<meta name=\"twitter:label1\" content=\"Odhadovan\u00e1 doba \u010dten\u00ed\" \/>\n\t<meta name=\"twitter:data1\" content=\"2 minuty\" \/>\n<!-- \/ Yoast SEO plugin. -->","yoast_head_json":{"title":"Upravujte a odes\u00edlejte svoji kampa\u0148 - Emailchef","robots":{"index":"index","follow":"follow","max-snippet":"max-snippet:-1","max-image-preview":"max-image-preview:large","max-video-preview":"max-video-preview:-1"},"canonical":"https:\/\/emailchef.com\/cs\/funkce\/upravujte-odesilejte-svoji-kampan\/","twitter_misc":{"Odhadovan\u00e1 doba \u010dten\u00ed":"2 minuty"},"schema":{"@context":"https:\/\/schema.org","@graph":[{"@type":"WebPage","@id":"https:\/\/emailchef.com\/cs\/funkce\/upravujte-odesilejte-svoji-kampan\/","url":"https:\/\/emailchef.com\/cs\/funkce\/upravujte-odesilejte-svoji-kampan\/","name":"Upravujte a odes\u00edlejte svoji kampa\u0148 - Emailchef","isPartOf":{"@id":"https:\/\/emailchef.com\/cs\/#website"},"primaryImageOfPage":{"@id":"https:\/\/emailchef.com\/cs\/funkce\/upravujte-odesilejte-svoji-kampan\/#primaryimage"},"image":{"@id":"https:\/\/emailchef.com\/cs\/funkce\/upravujte-odesilejte-svoji-kampan\/#primaryimage"},"thumbnailUrl":"https:\/\/emailchef.com\/wp-content\/uploads\/2022\/06\/send-campaign.png","datePublished":"2014-09-04T10:10:54+00:00","dateModified":"2022-07-11T12:14:42+00:00","breadcrumb":{"@id":"https:\/\/emailchef.com\/cs\/funkce\/upravujte-odesilejte-svoji-kampan\/#breadcrumb"},"inLanguage":"cs","potentialAction":[{"@type":"ReadAction","target":["https:\/\/emailchef.com\/cs\/funkce\/upravujte-odesilejte-svoji-kampan\/"]}]},{"@type":"ImageObject","inLanguage":"cs","@id":"https:\/\/emailchef.com\/cs\/funkce\/upravujte-odesilejte-svoji-kampan\/#primaryimage","url":"https:\/\/emailchef.com\/wp-content\/uploads\/2022\/06\/send-campaign.png","contentUrl":"https:\/\/emailchef.com\/wp-content\/uploads\/2022\/06\/send-campaign.png"},{"@type":"BreadcrumbList","@id":"https:\/\/emailchef.com\/cs\/funkce\/upravujte-odesilejte-svoji-kampan\/#breadcrumb","itemListElement":[{"@type":"ListItem","position":1,"name":"Home","item":"https:\/\/emailchef.com\/cs\/emailchef-sluzby-email-marketingu\/"},{"@type":"ListItem","position":2,"name":"Funkce","item":"https:\/\/emailchef.com\/cs\/funkce\/"},{"@type":"ListItem","position":3,"name":"Upravujte a odes\u00edlejte svoji kampa\u0148"}]},{"@type":"WebSite","@id":"https:\/\/emailchef.com\/cs\/#website","url":"https:\/\/emailchef.com\/cs\/","name":"Emailchef","description":"Chutn\u00e9 recepty pro email marketing","publisher":{"@id":"https:\/\/emailchef.com\/cs\/#organization"},"potentialAction":[{"@type":"SearchAction","target":{"@type":"EntryPoint","urlTemplate":"https:\/\/emailchef.com\/cs\/?s={search_term_string}"},"query-input":{"@type":"PropertyValueSpecification","valueRequired":true,"valueName":"search_term_string"}}],"inLanguage":"cs"},{"@type":"Organization","@id":"https:\/\/emailchef.com\/cs\/#organization","name":"Delivery Tech Corp.","url":"https:\/\/emailchef.com\/cs\/","logo":{"@type":"ImageObject","inLanguage":"cs","@id":"https:\/\/emailchef.com\/cs\/#\/schema\/logo\/image\/","url":"https:\/\/emailchef.com\/wp-content\/uploads\/2022\/04\/logo-sama.png","contentUrl":"https:\/\/emailchef.com\/wp-content\/uploads\/2022\/04\/logo-sama.png","width":237,"height":80,"caption":"Delivery Tech Corp."},"image":{"@id":"https:\/\/emailchef.com\/cs\/#\/schema\/logo\/image\/"}}]}},"_links":{"self":[{"href":"https:\/\/emailchef.com\/cs\/wp-json\/wp\/v2\/pages\/4193"}],"collection":[{"href":"https:\/\/emailchef.com\/cs\/wp-json\/wp\/v2\/pages"}],"about":[{"href":"https:\/\/emailchef.com\/cs\/wp-json\/wp\/v2\/types\/page"}],"author":[{"embeddable":true,"href":"https:\/\/emailchef.com\/cs\/wp-json\/wp\/v2\/users\/1"}],"replies":[{"embeddable":true,"href":"https:\/\/emailchef.com\/cs\/wp-json\/wp\/v2\/comments?post=4193"}],"version-history":[{"count":10,"href":"https:\/\/emailchef.com\/cs\/wp-json\/wp\/v2\/pages\/4193\/revisions"}],"predecessor-version":[{"id":58426,"href":"https:\/\/emailchef.com\/cs\/wp-json\/wp\/v2\/pages\/4193\/revisions\/58426"}],"up":[{"embeddable":true,"href":"https:\/\/emailchef.com\/cs\/wp-json\/wp\/v2\/pages\/4209"}],"wp:attachment":[{"href":"https:\/\/emailchef.com\/cs\/wp-json\/wp\/v2\/media?parent=4193"}],"wp:term":[{"taxonomy":"g1_relation_tag","embeddable":true,"href":"https:\/\/emailchef.com\/cs\/wp-json\/wp\/v2\/g1_relation_tag?post=4193"}],"curies":[{"name":"wp","href":"https:\/\/api.w.org\/{rel}","templated":true}]}}