{"id":4191,"date":"2014-09-04T10:46:01","date_gmt":"2014-09-04T10:46:01","guid":{"rendered":"http:\/\/emailchef.com\/cs\/?page_id=4191"},"modified":"2022-07-11T12:13:41","modified_gmt":"2022-07-11T12:13:41","slug":"nejrychlejsi-tvurce-sablon","status":"publish","type":"page","link":"https:\/\/emailchef.com\/cs\/funkce\/nejrychlejsi-tvurce-sablon\/","title":{"rendered":"Nejrychlej\u0161\u00ed Tv\u016frce \u0161ablon"},"content":{"rendered":"\t\t<div data-elementor-type=\"wp-page\" data-elementor-id=\"4191\" class=\"elementor elementor-4191 elementor-149\" data-elementor-post-type=\"page\">\n\t\t\t\t\t\t<section class=\"elementor-section elementor-top-section elementor-element elementor-element-a0540b4 elementor-section-boxed elementor-section-height-default elementor-section-height-default\" data-id=\"a0540b4\" data-element_type=\"section\">\n\t\t\t\t\t\t<div class=\"elementor-container elementor-column-gap-default\">\n\t\t\t\t\t<div class=\"elementor-column elementor-col-100 elementor-top-column elementor-element elementor-element-cf6a84f\" data-id=\"cf6a84f\" data-element_type=\"column\">\n\t\t\t<div class=\"elementor-widget-wrap elementor-element-populated\">\n\t\t\t\t\t\t<div class=\"elementor-element elementor-element-82d0f26 elementor-widget elementor-widget-image\" data-id=\"82d0f26\" data-element_type=\"widget\" data-widget_type=\"image.default\">\n\t\t\t\t<div class=\"elementor-widget-container\">\n\t\t\t\t\t\t\t\t\t\t\t\t\t\t\t<img fetchpriority=\"high\" decoding=\"async\" width=\"800\" height=\"600\" src=\"https:\/\/emailchef.com\/wp-content\/uploads\/2022\/06\/templates-creator.png\" class=\"attachment-full size-full wp-image-57098\" alt=\"Nejrychlej\u0161\u00ed Tv\u016frce \u0161ablon\" \/>\t\t\t\t\t\t\t\t\t\t\t\t\t\t\t<\/div>\n\t\t\t\t<\/div>\n\t\t\t\t\t<\/div>\n\t\t<\/div>\n\t\t\t\t\t<\/div>\n\t\t<\/section>\n\t\t\t\t<section class=\"elementor-section elementor-top-section elementor-element elementor-element-387e8068 elementor-section-boxed elementor-section-height-default elementor-section-height-default\" data-id=\"387e8068\" data-element_type=\"section\">\n\t\t\t\t\t\t<div class=\"elementor-container elementor-column-gap-default\">\n\t\t\t\t\t<div class=\"elementor-column elementor-col-100 elementor-top-column elementor-element elementor-element-147d852d\" data-id=\"147d852d\" data-element_type=\"column\">\n\t\t\t<div class=\"elementor-widget-wrap elementor-element-populated\">\n\t\t\t\t\t\t<div class=\"elementor-element elementor-element-4f2da03b elementor-widget elementor-widget-text-editor\" data-id=\"4f2da03b\" data-element_type=\"widget\" data-widget_type=\"text-editor.default\">\n\t\t\t\t<div class=\"elementor-widget-container\">\n\t\t\t\t\t\t\t\t\t<p>Tou\u017eili jste v\u017edy po tom p\u0159ipravit si sv\u016fj vlastn\u00ed a jedine\u010dnou \u0161ablonu pro svoji kampa\u0148, ale o HTML nev\u00edte v\u016fbec nic? Pak byste m\u011bli ur\u010dit\u011b vyzkou\u0161et n\u00e1\u0161 software na tvorbu \u0161ablon: MailStyler.\nJakmile budete m\u00edt zaregistrovan\u00fd a aktivn\u00ed Emailchef \u00fa\u010det, budete schopni exportovat sv\u00e9 \u0161ablony p\u0159\u00edmo do va\u0161eho \u00fa\u010dtu a vyu\u017e\u00edt tak v\u0161echny funkce co nab\u00edz\u00ed program MailStyler ve verzi Basic.<\/p>\n\n<p>S t\u00edmto skv\u011bl\u00fdm softwarem na tvorbu \u0161ablon m\u016f\u017eete komponovat nepr\u016fst\u0159eln\u00e9 emailov\u00e9 \u0161ablony bez znalosti \u010dehokoli kolem HTML a technologie. V\u0161e co pot\u0159ebujete je rychle t\u00e1hnout a pustit jednotliv\u00e9 bloky (drag&amp;drop).\nKa\u017ed\u00fd obr\u00e1zek, kter\u00fd vlo\u017e\u00edte do va\u0161\u00ed \u0161ablony, bude nahr\u00e1n p\u0159\u00edmo na cloud, pouze jedn\u00edm klikem. M\u016f\u017eete si tak\u00e9 vybrat ze \u0161irok\u00e9 \u0161k\u00e1ly obr\u00e1zk\u016f v na\u0161\u00ed obr\u00e1zkov\u00e9 galerii.<\/p>\n\n<p>P\u0159ihlaste se k ovl\u00e1dac\u00edmu panelu Emailchef a <a href=\"http:\/\/emailchef.com\/user-signup\"><strong>vyzkou\u0161ejte to zdarma<\/strong><\/a>!<\/p>\n\n<div class=\"g1-space\" style=\"height: 25px;\"><\/div>\n<p style=\"text-align: center;\"><a id=\"\" class=\"g1-button g1-button--big g1-button--solid g1-button--standard \" href=\"http:\/\/www.newslettercreator.com\/download-data\/MailStyler1Setup.exe\" title=\"St\u00e1hn\u011bte si MailStyler hned te\u010f\" ><i class=\"fas fa-download\"><\/i> St\u00e1hn\u011bte si MailStyler hned te\u010f<\/a><\/p>\n\n<p style=\"text-align: center;\"><small>Nemus\u00edte se nikomu upisovat: software zdarma se st\u00e1hne okam\u017eit\u011b.<\/small><\/p>\n<div class=\"g1-space\" style=\"height: 25px;\"><\/div>\n\n<p>Na rozd\u00edl od b\u011b\u017en\u00fdch online tv\u016frc\u016f \u0161ablon, my jsme se rozhodli, \u017ee v\u00e1m nab\u00eddneme speci\u00e1ln\u00ed software, abychom zaru\u010dili v\u011bt\u0161\u00ed stabilitu (bez p\u0159\u00edm\u00e9 z\u00e1vislosti na internetov\u00e9m p\u0159ipojen\u00ed) a mnohem v\u00edce funkc\u00ed. Nav\u00edc, jeliko\u017e se jedn\u00e1 o desktop aplikaci, je rychlej\u0161\u00ed ne\u017e v\u0161echny ostatn\u00ed n\u00e1stroje v pr\u00e1ci s obr\u00e1zky a jednotliv\u00fdmi prvky.<\/p>\t\t\t\t\t\t\t\t<\/div>\n\t\t\t\t<\/div>\n\t\t\t\t\t<\/div>\n\t\t<\/div>\n\t\t\t\t\t<\/div>\n\t\t<\/section>\n\t\t\t\t<\/div>\n\t\t","protected":false},"excerpt":{"rendered":"<p>Tou\u017eili jste v\u017edy po tom p\u0159ipravit si sv\u016fj vlastn\u00ed a jedine\u010dnou \u0161ablonu pro svoji kampa\u0148, ale o HTML nev\u00edte v\u016fbec nic? Pak byste m\u011bli ur\u010dit\u011b vyzkou\u0161et n\u00e1\u0161 software na tvorbu \u0161ablon: MailStyler. Jakmile budete m\u00edt zaregistrovan\u00fd a aktivn\u00ed Emailchef \u00fa\u010det, budete schopni exportovat sv\u00e9 \u0161ablony p\u0159\u00edmo do va\u0161eho \u00fa\u010dtu a vyu\u017e\u00edt tak v\u0161echny funkce co [&hellip;]<\/p>\n","protected":false},"author":1,"featured_media":0,"parent":4209,"menu_order":3,"comment_status":"closed","ping_status":"closed","template":"","meta":{"_acf_changed":false,"inline_featured_image":false,"footnotes":""},"g1_relation_tag":[],"class_list":["post-4191","page","type-page","status-publish","hentry"],"acf":[],"yoast_head":"<!-- This site is optimized with the Yoast SEO plugin v24.8.1 - https:\/\/yoast.com\/wordpress\/plugins\/seo\/ -->\n<title>Nejrychlej\u0161\u00ed Tv\u016frce \u0161ablon - Emailchef<\/title>\n<meta name=\"robots\" content=\"index, follow, max-snippet:-1, max-image-preview:large, max-video-preview:-1\" \/>\n<link rel=\"canonical\" href=\"https:\/\/emailchef.com\/cs\/funkce\/nejrychlejsi-tvurce-sablon\/\" \/>\n<meta name=\"twitter:label1\" content=\"Odhadovan\u00e1 doba \u010dten\u00ed\" \/>\n\t<meta name=\"twitter:data1\" content=\"2 minuty\" \/>\n<!-- \/ Yoast SEO plugin. -->","yoast_head_json":{"title":"Nejrychlej\u0161\u00ed Tv\u016frce \u0161ablon - Emailchef","robots":{"index":"index","follow":"follow","max-snippet":"max-snippet:-1","max-image-preview":"max-image-preview:large","max-video-preview":"max-video-preview:-1"},"canonical":"https:\/\/emailchef.com\/cs\/funkce\/nejrychlejsi-tvurce-sablon\/","twitter_misc":{"Odhadovan\u00e1 doba \u010dten\u00ed":"2 minuty"},"schema":{"@context":"https:\/\/schema.org","@graph":[{"@type":"WebPage","@id":"https:\/\/emailchef.com\/cs\/funkce\/nejrychlejsi-tvurce-sablon\/","url":"https:\/\/emailchef.com\/cs\/funkce\/nejrychlejsi-tvurce-sablon\/","name":"Nejrychlej\u0161\u00ed Tv\u016frce \u0161ablon - Emailchef","isPartOf":{"@id":"https:\/\/emailchef.com\/cs\/#website"},"primaryImageOfPage":{"@id":"https:\/\/emailchef.com\/cs\/funkce\/nejrychlejsi-tvurce-sablon\/#primaryimage"},"image":{"@id":"https:\/\/emailchef.com\/cs\/funkce\/nejrychlejsi-tvurce-sablon\/#primaryimage"},"thumbnailUrl":"https:\/\/emailchef.com\/wp-content\/uploads\/2022\/06\/templates-creator.png","datePublished":"2014-09-04T10:46:01+00:00","dateModified":"2022-07-11T12:13:41+00:00","breadcrumb":{"@id":"https:\/\/emailchef.com\/cs\/funkce\/nejrychlejsi-tvurce-sablon\/#breadcrumb"},"inLanguage":"cs","potentialAction":[{"@type":"ReadAction","target":["https:\/\/emailchef.com\/cs\/funkce\/nejrychlejsi-tvurce-sablon\/"]}]},{"@type":"ImageObject","inLanguage":"cs","@id":"https:\/\/emailchef.com\/cs\/funkce\/nejrychlejsi-tvurce-sablon\/#primaryimage","url":"https:\/\/emailchef.com\/wp-content\/uploads\/2022\/06\/templates-creator.png","contentUrl":"https:\/\/emailchef.com\/wp-content\/uploads\/2022\/06\/templates-creator.png"},{"@type":"BreadcrumbList","@id":"https:\/\/emailchef.com\/cs\/funkce\/nejrychlejsi-tvurce-sablon\/#breadcrumb","itemListElement":[{"@type":"ListItem","position":1,"name":"Home","item":"https:\/\/emailchef.com\/cs\/emailchef-sluzby-email-marketingu\/"},{"@type":"ListItem","position":2,"name":"Funkce","item":"https:\/\/emailchef.com\/cs\/funkce\/"},{"@type":"ListItem","position":3,"name":"Nejrychlej\u0161\u00ed Tv\u016frce \u0161ablon"}]},{"@type":"WebSite","@id":"https:\/\/emailchef.com\/cs\/#website","url":"https:\/\/emailchef.com\/cs\/","name":"Emailchef","description":"Chutn\u00e9 recepty pro email marketing","publisher":{"@id":"https:\/\/emailchef.com\/cs\/#organization"},"potentialAction":[{"@type":"SearchAction","target":{"@type":"EntryPoint","urlTemplate":"https:\/\/emailchef.com\/cs\/?s={search_term_string}"},"query-input":{"@type":"PropertyValueSpecification","valueRequired":true,"valueName":"search_term_string"}}],"inLanguage":"cs"},{"@type":"Organization","@id":"https:\/\/emailchef.com\/cs\/#organization","name":"Delivery Tech Corp.","url":"https:\/\/emailchef.com\/cs\/","logo":{"@type":"ImageObject","inLanguage":"cs","@id":"https:\/\/emailchef.com\/cs\/#\/schema\/logo\/image\/","url":"https:\/\/emailchef.com\/wp-content\/uploads\/2022\/04\/logo-sama.png","contentUrl":"https:\/\/emailchef.com\/wp-content\/uploads\/2022\/04\/logo-sama.png","width":237,"height":80,"caption":"Delivery Tech Corp."},"image":{"@id":"https:\/\/emailchef.com\/cs\/#\/schema\/logo\/image\/"}}]}},"_links":{"self":[{"href":"https:\/\/emailchef.com\/cs\/wp-json\/wp\/v2\/pages\/4191"}],"collection":[{"href":"https:\/\/emailchef.com\/cs\/wp-json\/wp\/v2\/pages"}],"about":[{"href":"https:\/\/emailchef.com\/cs\/wp-json\/wp\/v2\/types\/page"}],"author":[{"embeddable":true,"href":"https:\/\/emailchef.com\/cs\/wp-json\/wp\/v2\/users\/1"}],"replies":[{"embeddable":true,"href":"https:\/\/emailchef.com\/cs\/wp-json\/wp\/v2\/comments?post=4191"}],"version-history":[{"count":9,"href":"https:\/\/emailchef.com\/cs\/wp-json\/wp\/v2\/pages\/4191\/revisions"}],"predecessor-version":[{"id":58420,"href":"https:\/\/emailchef.com\/cs\/wp-json\/wp\/v2\/pages\/4191\/revisions\/58420"}],"up":[{"embeddable":true,"href":"https:\/\/emailchef.com\/cs\/wp-json\/wp\/v2\/pages\/4209"}],"wp:attachment":[{"href":"https:\/\/emailchef.com\/cs\/wp-json\/wp\/v2\/media?parent=4191"}],"wp:term":[{"taxonomy":"g1_relation_tag","embeddable":true,"href":"https:\/\/emailchef.com\/cs\/wp-json\/wp\/v2\/g1_relation_tag?post=4191"}],"curies":[{"name":"wp","href":"https:\/\/api.w.org\/{rel}","templated":true}]}}