{"id":4189,"date":"2014-09-04T09:55:03","date_gmt":"2014-09-04T09:55:03","guid":{"rendered":"http:\/\/emailchef.com\/cs\/?page_id=4189"},"modified":"2022-07-11T12:02:19","modified_gmt":"2022-07-11T12:02:19","slug":"jednoducha-sprava-kontaktu","status":"publish","type":"page","link":"https:\/\/emailchef.com\/cs\/funkce\/jednoducha-sprava-kontaktu\/","title":{"rendered":"Jednoduch\u00e1 spr\u00e1va kontakt\u016f"},"content":{"rendered":"\t\t<div data-elementor-type=\"wp-page\" data-elementor-id=\"4189\" class=\"elementor elementor-4189 elementor-117\" data-elementor-post-type=\"page\">\n\t\t\t\t\t\t<section class=\"elementor-section elementor-top-section elementor-element elementor-element-103b042 elementor-section-boxed elementor-section-height-default elementor-section-height-default\" data-id=\"103b042\" data-element_type=\"section\">\n\t\t\t\t\t\t<div class=\"elementor-container elementor-column-gap-default\">\n\t\t\t\t\t<div class=\"elementor-column elementor-col-100 elementor-top-column elementor-element elementor-element-5f130a4\" data-id=\"5f130a4\" data-element_type=\"column\">\n\t\t\t<div class=\"elementor-widget-wrap elementor-element-populated\">\n\t\t\t\t\t\t<div class=\"elementor-element elementor-element-8e06670 elementor-widget elementor-widget-image\" data-id=\"8e06670\" data-element_type=\"widget\" data-widget_type=\"image.default\">\n\t\t\t\t<div class=\"elementor-widget-container\">\n\t\t\t\t\t\t\t\t\t\t\t\t\t\t\t<img fetchpriority=\"high\" decoding=\"async\" width=\"670\" height=\"600\" src=\"https:\/\/emailchef.com\/wp-content\/uploads\/2022\/06\/contacts-managment.png\" class=\"attachment-full size-full wp-image-57044\" alt=\"Jednoduch\u00e1 spr\u00e1va kontakt\u016f\" \/>\t\t\t\t\t\t\t\t\t\t\t\t\t\t\t<\/div>\n\t\t\t\t<\/div>\n\t\t\t\t\t<\/div>\n\t\t<\/div>\n\t\t\t\t\t<\/div>\n\t\t<\/section>\n\t\t\t\t<section class=\"elementor-section elementor-top-section elementor-element elementor-element-5113ad68 elementor-section-boxed elementor-section-height-default elementor-section-height-default\" data-id=\"5113ad68\" data-element_type=\"section\">\n\t\t\t\t\t\t<div class=\"elementor-container elementor-column-gap-default\">\n\t\t\t\t\t<div class=\"elementor-column elementor-col-100 elementor-top-column elementor-element elementor-element-53983f05\" data-id=\"53983f05\" data-element_type=\"column\">\n\t\t\t<div class=\"elementor-widget-wrap elementor-element-populated\">\n\t\t\t\t\t\t<div class=\"elementor-element elementor-element-377c5d91 elementor-widget elementor-widget-text-editor\" data-id=\"377c5d91\" data-element_type=\"widget\" data-widget_type=\"text-editor.default\">\n\t\t\t\t<div class=\"elementor-widget-container\">\n\t\t\t\t\t\t\t\t\t<p>\u00dasp\u011b\u0161n\u00e1 emailov\u00e1 kampa\u0148 striktn\u011b z\u00e1vis\u00ed na kvalit\u011b emailov\u00fdch seznam\u016f: tak\u017ee prvn\u00edm \u00fakolem ka\u017ed\u00e9ho marke\u0165\u00e1ka je vybudovat a spravovat potvrzenou skupinu kontakt\u016f. Emailchef v\u00e1m pom\u016f\u017ee, aby to bylo snadn\u00e9, s pomoc\u00ed n\u00e1stroj\u016f, s kter\u00fdmi snadno p\u0159il\u00e1k\u00e1te nov\u00e9 p\u0159ihl\u00e1\u0161en\u00e9, vytvo\u0159\u00edte neomezen\u00e9 emailov\u00e9 seznamy, segmentujete jak budete pot\u0159ebovat, p\u0159izp\u016fsob\u00edte pole, a mnohem v\u00edce.<\/p>\n<div class=\"g1-space\" style=\"height: 25px;\"><\/div>\n\n<h3>Vytvo\u0159en\u00ed nov\u00e9ho seznamu<\/h3>\n<p>Vytvo\u0159en\u00ed seznamu kontakt\u016f od nuly je s Emailchef pohodi\u010dka. M\u016f\u017eete:<\/p>\n\n<div class=\"g1-space\" style=\"height: 20px;\"><\/div>\n\n\n<ul id=\"\" class=\"g1-list g1-list--icon g1-list--simple \">\n \t<li><i class=\"fa fa-arrow-right g1-list__icon\"><\/i>importovat (a exportovat) kontakty z a do .xls, .csv nebo .ods souboru<\/li>\n \t<li><i class=\"fa fa-arrow-right g1-list__icon\"><\/i>importovat adres\u00e1\u0159e z Gmail, Hotmail, atd.<\/li>\n \t<li><i class=\"fa fa-arrow-right g1-list__icon\"><\/i>p\u0159idat adresy manu\u00e1ln\u011b jeden po druh\u00e9m<\/li>\n \t<li><i class=\"fa fa-arrow-right g1-list__icon\"><\/i>kop\u00edrovat a vkl\u00e1dat ji\u017e exituj\u00edc\u00ed seznamy<\/li>\n<\/ul>\n\n\n<div class=\"g1-space\" style=\"height: 20px;\"><\/div>\n\n<p>Je to opravdu tak jednoduch\u00e9, a m\u016f\u017eete si takto vytvo\u0159it neomezen\u00fd po\u010det seznam\u016f. Nezapome\u0148te p\u0159id\u00e1vat jen kontakty, kter\u00e9 v\u00e1m potvrdili sami z\u00e1kazn\u00edci (tzv. opt-in). Koupen\u00e9 a zap\u016fj\u010den\u00e9 seznamy nejsou v Emailchef dovoleny, a nakonec pokaz\u00ed jak doru\u010den\u00ed email\u016f, tak dobr\u00e9 jm\u00e9no va\u0161\u00ed zna\u010dky.<\/p>\n\n<div class=\"g1-space\" style=\"height: 25px;\"><\/div>\n<div style=\"text-align: center;\"><div class=\"lyte-wrapper\" title=\"[EN] How to create a list and add or import contacts\" style=\"width:640px;max-width:100%;margin:5px;\"><div class=\"lyMe\" id=\"WYL_iJR4YCwXHH0\"><div id=\"lyte_iJR4YCwXHH0\" data-src=\"https:\/\/emailchef.com\/wp-content\/plugins\/wp-youtube-lyte\/lyteCache.php?origThumbUrl=https%3A%2F%2Fi.ytimg.com%2Fvi%2FiJR4YCwXHH0%2Fhqdefault.jpg\" class=\"pL\"><div class=\"tC\"><div class=\"tT\">[EN] How to create a list and add or import contacts<\/div><\/div><div class=\"play\"><\/div><div class=\"ctrl\"><div class=\"Lctrl\"><\/div><div class=\"Rctrl\"><\/div><\/div><\/div><noscript><a href=\"https:\/\/youtu.be\/iJR4YCwXHH0\" rel=\"nofollow\"><img decoding=\"async\" src=\"https:\/\/emailchef.com\/wp-content\/plugins\/wp-youtube-lyte\/lyteCache.php?origThumbUrl=https%3A%2F%2Fi.ytimg.com%2Fvi%2FiJR4YCwXHH0%2F0.jpg\" alt=\"[EN] How to create a list and add or import contacts\" width=\"640\" height=\"340\" \/><br \/>Watch this video on YouTube<\/a><\/noscript><\/div><\/div><div class=\"lL\" style=\"max-width:100%;width:640px;margin:5px;\"><\/div>\n<div class=\"ec-video-button hide centered\">\n\t<a href=\"https:\/\/youtu.be\/iJR4YCwXHH0\" rel=\"prettyPhoto\" title=\"Play video\">Play video <i class=\"fa fa-play-circle fa-2x\"><\/i><\/a>\n<\/div><\/div>\n<div class=\"g1-space\" style=\"height: 25px;\"><\/div>\n\n<h3>Upravujte a spravujte sv\u00e9 kontakty<\/h3>\n<p>Spr\u00e1va seznam\u016f je z\u00e1kladn\u00edm kamenem pro kvalitu va\u0161\u00ed marketingov\u00e9 strategie a prohlouben\u00ed znalosti o va\u0161\u00ed z\u00e1kaznick\u00e9 b\u00e1zi.<\/p>\n\n<p>Proto v\u00e1m Emailchef umo\u017e\u0148uje p\u0159id\u00e1vat vlastn\u00ed pole do datab\u00e1ze (nap\u0159. zemi, zam\u011bstn\u00e1n\u00ed nebo v\u011bk pro ka\u017ed\u00fd kontakt \u2013 s r\u016fzn\u00fdmi datov\u00fdmi typy), m\u016f\u017eete jasn\u011b vid\u011bt, kter\u00fd kontakt se odhl\u00e1sil nebo kter\u00e9 adresy selh\u00e1vaj\u00ed v doru\u010den\u00ed. M\u016f\u017eete upravovat a aktualizovat informace pro ka\u017ed\u00e9ho p\u0159ihl\u00e1\u0161en\u00e9ho u\u017eivatele (nebo jej tak\u00e9 p\u0159\u00edmo odhl\u00e1sit), nastavit glob\u00e1ln\u00ed blacklist (\u010dern\u00e1 listina \u2013 adresy, kter\u00e9 nedostanou \u017e\u00e1dn\u00e9 emaily, nehled\u011b na jejich status nebo um\u00edst\u011bn\u00ed v seznamu; m\u016f\u017eete p\u0159idat individu\u00e1ln\u00ed kontakty nebo cel\u00e9 DNS dom\u00e9ny).<\/p>\n<div class=\"g1-space\" style=\"height: 25px;\"><\/div>\n\n<h3>Segmentujte svoji datab\u00e1zi<\/h3>\n<p>Email marketing je lep\u0161\u00ed, kdy\u017e je d\u011blan\u00fd na m\u00edru: ten spr\u00e1vn\u00fd newsletter pro ty spr\u00e1vn\u00e9 p\u0159\u00edjemce. Proto doporu\u010dujeme segmentovat v\u00e1\u0161 seznam na r\u016fzn\u00e9 d\u00edly a pak pos\u00edlat p\u0159izp\u016fsobenou nab\u00eddku.<\/p>\n\n<p>S platformou Emailchef m\u016f\u017eete vytvo\u0159it men\u0161\u00ed podseznamy podle n\u011bkolika krit\u00e9ri\u00ed a mo\u017enost\u00ed; nap\u0159\u00edklad izolovat pole kategorie (nap\u0159. v\u0161echny kontakty se stejn\u00fdm zam\u011bstn\u00e1n\u00edm) nebo podle data p\u0159ihl\u00e1\u0161en\u00ed; nebo tak\u00e9 podle posledn\u00edho data newsletteru, podle posledn\u00edho data kliknut\u00ed nebo otev\u0159en\u00ed, nebo zda byl posledn\u00ed email otev\u0159en nebo se na n\u011bj kliklo.<\/p>\n\n<p>M\u016f\u017eete tak\u00e9 sb\u00edrat nov\u00e9 kontakty t\u00edm, \u017ee si <a title=\"signup form editor\" href=\"http:\/\/emailchef.com\/cs\/funkce\/editor-prihlasovacich-formularu\/\">vytvo\u0159\u00edte p\u0159ihla\u0161ovac\u00ed formul\u00e1\u0159<\/a> a um\u00edst\u00edte jej na va\u0161i webovou str\u00e1nku na v\u00fdhodn\u00e9 m\u00edsto.<\/p>\t\t\t\t\t\t\t\t<\/div>\n\t\t\t\t<\/div>\n\t\t\t\t\t<\/div>\n\t\t<\/div>\n\t\t\t\t\t<\/div>\n\t\t<\/section>\n\t\t\t\t<\/div>\n\t\t","protected":false},"excerpt":{"rendered":"<p>\u00dasp\u011b\u0161n\u00e1 emailov\u00e1 kampa\u0148 striktn\u011b z\u00e1vis\u00ed na kvalit\u011b emailov\u00fdch seznam\u016f: tak\u017ee prvn\u00edm \u00fakolem ka\u017ed\u00e9ho marke\u0165\u00e1ka je vybudovat a spravovat potvrzenou skupinu kontakt\u016f. Emailchef v\u00e1m pom\u016f\u017ee, aby to bylo snadn\u00e9, s pomoc\u00ed n\u00e1stroj\u016f, s kter\u00fdmi snadno p\u0159il\u00e1k\u00e1te nov\u00e9 p\u0159ihl\u00e1\u0161en\u00e9, vytvo\u0159\u00edte neomezen\u00e9 emailov\u00e9 seznamy, segmentujete jak budete pot\u0159ebovat, p\u0159izp\u016fsob\u00edte pole, a mnohem v\u00edce. Vytvo\u0159en\u00ed nov\u00e9ho seznamu Vytvo\u0159en\u00ed seznamu [&hellip;]<\/p>\n","protected":false},"author":1,"featured_media":0,"parent":4209,"menu_order":1,"comment_status":"closed","ping_status":"closed","template":"","meta":{"_acf_changed":false,"inline_featured_image":false,"footnotes":""},"g1_relation_tag":[],"class_list":["post-4189","page","type-page","status-publish","hentry"],"acf":[],"yoast_head":"<!-- This site is optimized with the Yoast SEO plugin v24.8.1 - https:\/\/yoast.com\/wordpress\/plugins\/seo\/ -->\n<title>Jednoduch\u00e1 spr\u00e1va kontakt\u016f - Emailchef<\/title>\n<meta name=\"robots\" content=\"index, follow, max-snippet:-1, max-image-preview:large, max-video-preview:-1\" \/>\n<link rel=\"canonical\" href=\"https:\/\/emailchef.com\/cs\/funkce\/jednoducha-sprava-kontaktu\/\" \/>\n<meta name=\"twitter:label1\" content=\"Odhadovan\u00e1 doba \u010dten\u00ed\" \/>\n\t<meta name=\"twitter:data1\" content=\"3 minuty\" \/>\n<!-- \/ Yoast SEO plugin. -->","yoast_head_json":{"title":"Jednoduch\u00e1 spr\u00e1va kontakt\u016f - Emailchef","robots":{"index":"index","follow":"follow","max-snippet":"max-snippet:-1","max-image-preview":"max-image-preview:large","max-video-preview":"max-video-preview:-1"},"canonical":"https:\/\/emailchef.com\/cs\/funkce\/jednoducha-sprava-kontaktu\/","twitter_misc":{"Odhadovan\u00e1 doba \u010dten\u00ed":"3 minuty"},"schema":{"@context":"https:\/\/schema.org","@graph":[{"@type":"WebPage","@id":"https:\/\/emailchef.com\/cs\/funkce\/jednoducha-sprava-kontaktu\/","url":"https:\/\/emailchef.com\/cs\/funkce\/jednoducha-sprava-kontaktu\/","name":"Jednoduch\u00e1 spr\u00e1va kontakt\u016f - Emailchef","isPartOf":{"@id":"https:\/\/emailchef.com\/cs\/#website"},"primaryImageOfPage":{"@id":"https:\/\/emailchef.com\/cs\/funkce\/jednoducha-sprava-kontaktu\/#primaryimage"},"image":{"@id":"https:\/\/emailchef.com\/cs\/funkce\/jednoducha-sprava-kontaktu\/#primaryimage"},"thumbnailUrl":"https:\/\/emailchef.com\/wp-content\/uploads\/2022\/06\/contacts-managment.png","datePublished":"2014-09-04T09:55:03+00:00","dateModified":"2022-07-11T12:02:19+00:00","breadcrumb":{"@id":"https:\/\/emailchef.com\/cs\/funkce\/jednoducha-sprava-kontaktu\/#breadcrumb"},"inLanguage":"cs","potentialAction":[{"@type":"ReadAction","target":["https:\/\/emailchef.com\/cs\/funkce\/jednoducha-sprava-kontaktu\/"]}]},{"@type":"ImageObject","inLanguage":"cs","@id":"https:\/\/emailchef.com\/cs\/funkce\/jednoducha-sprava-kontaktu\/#primaryimage","url":"https:\/\/emailchef.com\/wp-content\/uploads\/2022\/06\/contacts-managment.png","contentUrl":"https:\/\/emailchef.com\/wp-content\/uploads\/2022\/06\/contacts-managment.png"},{"@type":"BreadcrumbList","@id":"https:\/\/emailchef.com\/cs\/funkce\/jednoducha-sprava-kontaktu\/#breadcrumb","itemListElement":[{"@type":"ListItem","position":1,"name":"Home","item":"https:\/\/emailchef.com\/cs\/emailchef-sluzby-email-marketingu\/"},{"@type":"ListItem","position":2,"name":"Funkce","item":"https:\/\/emailchef.com\/cs\/funkce\/"},{"@type":"ListItem","position":3,"name":"Jednoduch\u00e1 spr\u00e1va kontakt\u016f"}]},{"@type":"WebSite","@id":"https:\/\/emailchef.com\/cs\/#website","url":"https:\/\/emailchef.com\/cs\/","name":"Emailchef","description":"Chutn\u00e9 recepty pro email marketing","publisher":{"@id":"https:\/\/emailchef.com\/cs\/#organization"},"potentialAction":[{"@type":"SearchAction","target":{"@type":"EntryPoint","urlTemplate":"https:\/\/emailchef.com\/cs\/?s={search_term_string}"},"query-input":{"@type":"PropertyValueSpecification","valueRequired":true,"valueName":"search_term_string"}}],"inLanguage":"cs"},{"@type":"Organization","@id":"https:\/\/emailchef.com\/cs\/#organization","name":"Delivery Tech Corp.","url":"https:\/\/emailchef.com\/cs\/","logo":{"@type":"ImageObject","inLanguage":"cs","@id":"https:\/\/emailchef.com\/cs\/#\/schema\/logo\/image\/","url":"https:\/\/emailchef.com\/wp-content\/uploads\/2022\/04\/logo-sama.png","contentUrl":"https:\/\/emailchef.com\/wp-content\/uploads\/2022\/04\/logo-sama.png","width":237,"height":80,"caption":"Delivery Tech Corp."},"image":{"@id":"https:\/\/emailchef.com\/cs\/#\/schema\/logo\/image\/"}}]}},"_links":{"self":[{"href":"https:\/\/emailchef.com\/cs\/wp-json\/wp\/v2\/pages\/4189"}],"collection":[{"href":"https:\/\/emailchef.com\/cs\/wp-json\/wp\/v2\/pages"}],"about":[{"href":"https:\/\/emailchef.com\/cs\/wp-json\/wp\/v2\/types\/page"}],"author":[{"embeddable":true,"href":"https:\/\/emailchef.com\/cs\/wp-json\/wp\/v2\/users\/1"}],"replies":[{"embeddable":true,"href":"https:\/\/emailchef.com\/cs\/wp-json\/wp\/v2\/comments?post=4189"}],"version-history":[{"count":9,"href":"https:\/\/emailchef.com\/cs\/wp-json\/wp\/v2\/pages\/4189\/revisions"}],"predecessor-version":[{"id":58394,"href":"https:\/\/emailchef.com\/cs\/wp-json\/wp\/v2\/pages\/4189\/revisions\/58394"}],"up":[{"embeddable":true,"href":"https:\/\/emailchef.com\/cs\/wp-json\/wp\/v2\/pages\/4209"}],"wp:attachment":[{"href":"https:\/\/emailchef.com\/cs\/wp-json\/wp\/v2\/media?parent=4189"}],"wp:term":[{"taxonomy":"g1_relation_tag","embeddable":true,"href":"https:\/\/emailchef.com\/cs\/wp-json\/wp\/v2\/g1_relation_tag?post=4189"}],"curies":[{"name":"wp","href":"https:\/\/api.w.org\/{rel}","templated":true}]}}