{"id":28126,"date":"2020-07-16T13:36:17","date_gmt":"2020-07-16T13:36:17","guid":{"rendered":"https:\/\/emailchef.com\/prezzi-restore\/"},"modified":"2022-06-13T09:16:55","modified_gmt":"2022-06-13T09:16:55","slug":"templates","status":"publish","type":"page","link":"https:\/\/emailchef.com\/cs\/templates\/","title":{"rendered":"Templates"},"content":{"rendered":"\t\t<div data-elementor-type=\"wp-page\" data-elementor-id=\"28126\" class=\"elementor elementor-28126 elementor-21622\" data-elementor-post-type=\"page\">\n\t\t\t\t\t\t<section class=\"elementor-section elementor-top-section elementor-element elementor-element-6cbbaa73 elementor-section-boxed elementor-section-height-default elementor-section-height-default\" data-id=\"6cbbaa73\" data-element_type=\"section\">\n\t\t\t\t\t\t<div class=\"elementor-container elementor-column-gap-default\">\n\t\t\t\t\t<div class=\"elementor-column elementor-col-100 elementor-top-column elementor-element elementor-element-5aa9d2d0\" data-id=\"5aa9d2d0\" data-element_type=\"column\">\n\t\t\t<div class=\"elementor-widget-wrap elementor-element-populated\">\n\t\t\t\t\t\t<div class=\"elementor-element elementor-element-204d5b58 elementor-widget elementor-widget-text-editor\" data-id=\"204d5b58\" data-element_type=\"widget\" data-widget_type=\"text-editor.default\">\n\t\t\t\t<div class=\"elementor-widget-container\">\n\t\t\t\t\t\t\t\t\t<style>\r\n\t.ec_templates div.gallery {\r\n\t  border: 1px solid #ccc;\r\n\t\tposition: relative;\r\n\t\toverflow: hidden;\r\n\t\tmargin-bottom: 20px;\r\n\t}\r\n\t.ec_templates div.gallery:hover {\r\n\t  border: 1px solid #777;\r\n\t}\r\n\t.ec_templates div.gallery img {\r\n\t\ttransition: .5s;\r\n\t  width: 100%;\r\n\t  height: auto;\r\n\t\tdisplay: block;\r\n\t}\r\n\t.ec_templates div.gallery:hover img{\r\n\t  transform: scale(1.1);\r\n\t}\r\n\t.ec_templates div.desc {\r\n\t\twidth: 100%;\r\n\t\tbottom: -150px;\r\n\t\tposition: absolute;\r\n\t\tpadding: 15px 10px;\r\n\t\ttext-align: center;\r\n\t\tleft: 0;\r\n\t\tcolor: #FFFFFF;\r\n\t\tbackground-color: #899399;\r\n\t\ttransition: .5s;\r\n\t\t-webkit-box-shadow: 0px 0px 16px 0px rgba(0,0,0,0.33); \r\n\t\tbox-shadow: 0px 0px 16px 0px rgba(0,0,0,0.33);\r\n\t}\r\n\t.ec_templates .gallery:hover div.desc {\r\n\t\tbottom: 0;\r\n\t}\r\n\t.ec_templates * {\r\n\t  box-sizing: border-box;\r\n\t}\r\n\t.ec_templates-button{\r\n\t\tposition: absolute;\r\n\t\twidth: 100%;\r\n\t\theight: 100%;\r\n\t\tdisplay: flex;\r\n\t\ttop: 0;\r\n\t\tleft: 0;\r\n\t\talign-items: center;\r\n\t\tjustify-content: center;\r\n\t}\r\n\t.ec_templates a{\r\n\t\ttransition: .5s;\r\n\t\tdisplay: flex;\r\n\t\twidth: 100%;\r\n\t\theight: 100%;\r\n\t\tposition: relative;\r\n\t\ttop: 0;\r\n\t\tbottom: 0;\r\n\t\tleft: 0;\r\n\t\talign-items: center;\r\n\t\tjustify-content: center;\r\n\t}\r\n\t.ec_templates .responsive {\r\n\t  padding: 0 10px;\r\n\t  float: left;\r\n\t  width: 24.99999%;\r\n\t}\r\n\t.ec_templates .elementor-button-content-wrapper{\r\n\t\tdisplay: -webkit-box;\r\n\t\tdisplay: -ms-flexbox;\r\n\t\tdisplay: flex;\r\n\t\t-webkit-box-pack: center;\r\n\t\t-ms-flex-pack: center;\r\n\t\tjustify-content: center;\r\n\t\twidth: 100%;\r\n\t\theight: 100%;\r\n\t\tposition: absolute;\r\n\t\ttop: 0;\r\n\t\talign-items: center;\r\n\t}\r\n\t.ec_templates .elementor-button{\r\n\t\tbackground-color: #23244E;\r\n\t}\r\n\t@media only screen and (max-width: 1024px) {\r\n\t  .ec_templates .responsive {\r\n\t\twidth: 32.99999%;\r\n\t\tmargin: 6px 0;\r\n\t  }\r\n\t}\r\n\t@media only screen and (max-width: 600px) {\r\n\t  .ec_templates .responsive {\r\n\t\twidth: 100%;\r\n\t  }\r\n\t}\r\n\t\r\n<\/style>\r\n<div class=\"ec_templates clearfix\">\r\n\t<div class=\"responsive\">\r\n\t  <div class=\"gallery\">\r\n\t\t  <a href=\"https:\/\/www.emailchef.com\/editor?id=1245&#038;lang=cs\" class=\"\" role=\"button\">\r\n\t\t\t<img decoding=\"async\" src=\"https:\/\/mailstyler.s3.amazonaws.com\/templates\/2\/1245_1710947392.png\">\r\n\t\t\t<span class=\"elementor-button-content-wrapper\">\r\n\t\t\t\t<span class=\"elementor-button-link elementor-button elementor-size-md\">Pou\u017eijte v editoru<\/span>\r\n\t\t\t<\/span>\r\n\t\t<\/a>\r\n\t\t<div class=\"desc\">Spring &#8211; perfumery<\/div>\r\n\t  <\/div>\r\n\t<\/div>\r\n\t\t<div class=\"responsive\">\r\n\t  <div class=\"gallery\">\r\n\t\t  <a href=\"https:\/\/www.emailchef.com\/editor?id=1044&#038;lang=cs\" class=\"\" role=\"button\">\r\n\t\t\t<img decoding=\"async\" src=\"https:\/\/mailstyler.s3.amazonaws.com\/templates\/2\/1044_1658830850.png\">\r\n\t\t\t<span class=\"elementor-button-content-wrapper\">\r\n\t\t\t\t<span class=\"elementor-button-link elementor-button elementor-size-md\">Pou\u017eijte v editoru<\/span>\r\n\t\t\t<\/span>\r\n\t\t<\/a>\r\n\t\t<div class=\"desc\">Webinar invitation<\/div>\r\n\t  <\/div>\r\n\t<\/div>\r\n\t\t<div class=\"responsive\">\r\n\t  <div class=\"gallery\">\r\n\t\t  <a href=\"https:\/\/www.emailchef.com\/editor?id=1063&#038;lang=cs\" class=\"\" role=\"button\">\r\n\t\t\t<img decoding=\"async\" src=\"https:\/\/mailstyler.s3.amazonaws.com\/templates\/2\/1063_1726048982.png\">\r\n\t\t\t<span class=\"elementor-button-content-wrapper\">\r\n\t\t\t\t<span class=\"elementor-button-link elementor-button elementor-size-md\">Pou\u017eijte v editoru<\/span>\r\n\t\t\t<\/span>\r\n\t\t<\/a>\r\n\t\t<div class=\"desc\">Online course<\/div>\r\n\t  <\/div>\r\n\t<\/div>\r\n\t\t<div class=\"responsive\">\r\n\t  <div class=\"gallery\">\r\n\t\t  <a href=\"https:\/\/www.emailchef.com\/editor?id=1221&#038;lang=cs\" class=\"\" role=\"button\">\r\n\t\t\t<img decoding=\"async\" src=\"https:\/\/mailstyler.s3.amazonaws.com\/templates\/2\/1221_1675071482.png\">\r\n\t\t\t<span class=\"elementor-button-content-wrapper\">\r\n\t\t\t\t<span class=\"elementor-button-link elementor-button elementor-size-md\">Pou\u017eijte v editoru<\/span>\r\n\t\t\t<\/span>\r\n\t\t<\/a>\r\n\t\t<div class=\"desc\">Welcome email<\/div>\r\n\t  <\/div>\r\n\t<\/div>\r\n\t\t<div class=\"responsive\">\r\n\t  <div class=\"gallery\">\r\n\t\t  <a href=\"https:\/\/www.emailchef.com\/editor?id=1033&#038;lang=cs\" class=\"\" role=\"button\">\r\n\t\t\t<img decoding=\"async\" src=\"https:\/\/mailstyler.s3.amazonaws.com\/templates\/2\/1033_1652794147.png\">\r\n\t\t\t<span class=\"elementor-button-content-wrapper\">\r\n\t\t\t\t<span class=\"elementor-button-link elementor-button elementor-size-md\">Pou\u017eijte v editoru<\/span>\r\n\t\t\t<\/span>\r\n\t\t<\/a>\r\n\t\t<div class=\"desc\">Crazy for sport<\/div>\r\n\t  <\/div>\r\n\t<\/div>\r\n\t\t<div class=\"responsive\">\r\n\t  <div class=\"gallery\">\r\n\t\t  <a href=\"https:\/\/www.emailchef.com\/editor?id=1311&#038;lang=cs\" class=\"\" role=\"button\">\r\n\t\t\t<img decoding=\"async\" src=\"https:\/\/mailstyler.s3.amazonaws.com\/templates\/2\/1311_1658762125.png\">\r\n\t\t\t<span class=\"elementor-button-content-wrapper\">\r\n\t\t\t\t<span class=\"elementor-button-link elementor-button elementor-size-md\">Pou\u017eijte v editoru<\/span>\r\n\t\t\t<\/span>\r\n\t\t<\/a>\r\n\t\t<div class=\"desc\">Charity &#8211; elderly care<\/div>\r\n\t  <\/div>\r\n\t<\/div>\r\n\t\t<div class=\"responsive\">\r\n\t  <div class=\"gallery\">\r\n\t\t  <a href=\"https:\/\/www.emailchef.com\/editor?id=1304&#038;lang=cs\" class=\"\" role=\"button\">\r\n\t\t\t<img decoding=\"async\" src=\"https:\/\/mailstyler.s3.amazonaws.com\/templates\/2\/1304_1654252509.png\">\r\n\t\t\t<span class=\"elementor-button-content-wrapper\">\r\n\t\t\t\t<span class=\"elementor-button-link elementor-button elementor-size-md\">Pou\u017eijte v editoru<\/span>\r\n\t\t\t<\/span>\r\n\t\t<\/a>\r\n\t\t<div class=\"desc\">Delivery food<\/div>\r\n\t  <\/div>\r\n\t<\/div>\r\n\t\t<div class=\"responsive\">\r\n\t  <div class=\"gallery\">\r\n\t\t  <a href=\"https:\/\/www.emailchef.com\/editor?id=1296&#038;lang=cs\" class=\"\" role=\"button\">\r\n\t\t\t<img decoding=\"async\" src=\"https:\/\/mailstyler.s3.amazonaws.com\/templates\/2\/1296_1658828609.png\">\r\n\t\t\t<span class=\"elementor-button-content-wrapper\">\r\n\t\t\t\t<span class=\"elementor-button-link elementor-button elementor-size-md\">Pou\u017eijte v editoru<\/span>\r\n\t\t\t<\/span>\r\n\t\t<\/a>\r\n\t\t<div class=\"desc\">Happy birthday &#8211; cake<\/div>\r\n\t  <\/div>\r\n\t<\/div>\r\n\t\t<div class=\"responsive\">\r\n\t  <div class=\"gallery\">\r\n\t\t  <a href=\"https:\/\/www.emailchef.com\/editor?id=1383&#038;lang=cs\" class=\"\" role=\"button\">\r\n\t\t\t<img decoding=\"async\" src=\"https:\/\/mailstyler.s3.amazonaws.com\/templates\/2\/1383_1654248841.png\">\r\n\t\t\t<span class=\"elementor-button-content-wrapper\">\r\n\t\t\t\t<span class=\"elementor-button-link elementor-button elementor-size-md\">Pou\u017eijte v editoru<\/span>\r\n\t\t\t<\/span>\r\n\t\t<\/a>\r\n\t\t<div class=\"desc\">Website creator &#8211; welcome email<\/div>\r\n\t  <\/div>\r\n\t<\/div>\r\n\t\t<div class=\"responsive\">\r\n\t  <div class=\"gallery\">\r\n\t\t  <a href=\"https:\/\/www.emailchef.com\/editor?id=1405&#038;lang=cs\" class=\"\" role=\"button\">\r\n\t\t\t<img decoding=\"async\" src=\"https:\/\/mailstyler.s3.amazonaws.com\/templates\/2\/1405_1654251942.png\">\r\n\t\t\t<span class=\"elementor-button-content-wrapper\">\r\n\t\t\t\t<span class=\"elementor-button-link elementor-button elementor-size-md\">Pou\u017eijte v editoru<\/span>\r\n\t\t\t<\/span>\r\n\t\t<\/a>\r\n\t\t<div class=\"desc\">Clothing &#8211; abandoned cart<\/div>\r\n\t  <\/div>\r\n\t<\/div>\r\n\t\t<div class=\"responsive\">\r\n\t  <div class=\"gallery\">\r\n\t\t  <a href=\"https:\/\/www.emailchef.com\/editor?id=1655&#038;lang=cs\" class=\"\" role=\"button\">\r\n\t\t\t<img decoding=\"async\" src=\"https:\/\/mailstyler.s3.amazonaws.com\/templates\/2\/1655_1654252174.png\">\r\n\t\t\t<span class=\"elementor-button-content-wrapper\">\r\n\t\t\t\t<span class=\"elementor-button-link elementor-button elementor-size-md\">Pou\u017eijte v editoru<\/span>\r\n\t\t\t<\/span>\r\n\t\t<\/a>\r\n\t\t<div class=\"desc\">European restaurant<\/div>\r\n\t  <\/div>\r\n\t<\/div>\r\n\t\t<div class=\"responsive\">\r\n\t  <div class=\"gallery\">\r\n\t\t  <a href=\"https:\/\/www.emailchef.com\/editor?id=1267&#038;lang=cs\" class=\"\" role=\"button\">\r\n\t\t\t<img decoding=\"async\" src=\"https:\/\/mailstyler.s3.amazonaws.com\/templates\/2\/1267_1658850209.png\">\r\n\t\t\t<span class=\"elementor-button-content-wrapper\">\r\n\t\t\t\t<span class=\"elementor-button-link elementor-button elementor-size-md\">Pou\u017eijte v editoru<\/span>\r\n\t\t\t<\/span>\r\n\t\t<\/a>\r\n\t\t<div class=\"desc\">HC &#8211; welcome email<\/div>\r\n\t  <\/div>\r\n\t<\/div>\r\n\t<\/div>\r\n\t\t\t\t\t\t\t\t<\/div>\n\t\t\t\t<\/div>\n\t\t\t\t\t<\/div>\n\t\t<\/div>\n\t\t\t\t\t<\/div>\n\t\t<\/section>\n\t\t\t\t<section class=\"elementor-section elementor-top-section elementor-element elementor-element-7c2b3a86 elementor-section-boxed elementor-section-height-default elementor-section-height-default\" data-id=\"7c2b3a86\" data-element_type=\"section\">\n\t\t\t\t\t\t<div class=\"elementor-container elementor-column-gap-default\">\n\t\t\t\t\t<div class=\"elementor-column elementor-col-100 elementor-top-column elementor-element elementor-element-35f8a193\" data-id=\"35f8a193\" data-element_type=\"column\">\n\t\t\t<div class=\"elementor-widget-wrap elementor-element-populated\">\n\t\t\t\t\t\t<div class=\"elementor-element elementor-element-657944c4 elementor-widget elementor-widget-text-editor\" data-id=\"657944c4\" data-element_type=\"widget\" data-widget_type=\"text-editor.default\">\n\t\t\t\t<div class=\"elementor-widget-container\">\n\t\t\t\t\t\t\t\t\t<p>Z v\u00edce <strong>ne\u017e  \u0161ablon<\/strong> byly v\u0161echny d\u016fkladn\u011b otestov\u00e1ny a se\u0159azeny podle kategori\u00ed, tak\u017ee ur\u010dit\u011b najdete spr\u00e1vnou \u0161ablonu, kter\u00e1 bude vyhovovat va\u0161im po\u017eadavk\u016fm\u2026 ale to nen\u00ed zdaleka v\u0161e!<\/p>\t\t\t\t\t\t\t\t<\/div>\n\t\t\t\t<\/div>\n\t\t\t\t\t<\/div>\n\t\t<\/div>\n\t\t\t\t\t<\/div>\n\t\t<\/section>\n\t\t\t\t<section class=\"elementor-section elementor-top-section elementor-element elementor-element-42ed15dd elementor-section-boxed elementor-section-height-default elementor-section-height-default\" data-id=\"42ed15dd\" data-element_type=\"section\">\n\t\t\t\t\t\t<div class=\"elementor-container elementor-column-gap-default\">\n\t\t\t\t\t<div class=\"elementor-column elementor-col-100 elementor-top-column elementor-element elementor-element-5cff26bb\" data-id=\"5cff26bb\" data-element_type=\"column\">\n\t\t\t<div class=\"elementor-widget-wrap elementor-element-populated\">\n\t\t\t\t\t\t<div class=\"elementor-element elementor-element-31e5acc1 elementor-widget elementor-widget-text-editor\" data-id=\"31e5acc1\" data-element_type=\"widget\" data-widget_type=\"text-editor.default\">\n\t\t\t\t<div class=\"elementor-widget-container\">\n\t\t\t\t\t\t\t\t\t<p>A voil\u00e0&#8230; newsletter se doru\u010duje!<\/p>\t\t\t\t\t\t\t\t<\/div>\n\t\t\t\t<\/div>\n\t\t\t\t\t<\/div>\n\t\t<\/div>\n\t\t\t\t\t<\/div>\n\t\t<\/section>\n\t\t\t\t<\/div>\n\t\t","protected":false},"excerpt":{"rendered":"Z v\u00edce ne\u017e \u0161ablon byly v\u0161echny d\u016fkladn\u011b otestov\u00e1ny a se\u0159azeny podle kategori\u00ed, tak\u017ee ur\u010dit\u011b najdete spr\u00e1vnou \u0161ablonu, kter\u00e1 bude vyhovovat va\u0161im po\u017eadavk\u016fm\u2026 ale to nen\u00ed zdaleka v\u0161e! A voil\u00e0&#8230; newsletter se doru\u010duje!","protected":false},"author":2,"featured_media":0,"parent":0,"menu_order":0,"comment_status":"closed","ping_status":"closed","template":"","meta":{"_acf_changed":false,"inline_featured_image":false,"footnotes":""},"g1_relation_tag":[],"class_list":["post-28126","page","type-page","status-publish","hentry"],"acf":[],"yoast_head":"<!-- This site is optimized with the Yoast SEO plugin v24.8.1 - https:\/\/yoast.com\/wordpress\/plugins\/seo\/ -->\n<title>Templates - Emailchef<\/title>\n<meta name=\"robots\" content=\"noindex, nofollow\" \/>\n<meta name=\"twitter:label1\" content=\"Odhadovan\u00e1 doba \u010dten\u00ed\" \/>\n\t<meta name=\"twitter:data1\" content=\"1 minuta\" \/>\n<!-- \/ Yoast SEO plugin. -->","yoast_head_json":{"title":"Templates - Emailchef","robots":{"index":"noindex","follow":"nofollow"},"twitter_misc":{"Odhadovan\u00e1 doba \u010dten\u00ed":"1 minuta"},"schema":{"@context":"https:\/\/schema.org","@graph":[{"@type":"WebPage","@id":"https:\/\/emailchef.com\/cs\/templates\/","url":"https:\/\/emailchef.com\/cs\/templates\/","name":"Templates - Emailchef","isPartOf":{"@id":"https:\/\/emailchef.com\/cs\/#website"},"datePublished":"2020-07-16T13:36:17+00:00","dateModified":"2022-06-13T09:16:55+00:00","breadcrumb":{"@id":"https:\/\/emailchef.com\/cs\/templates\/#breadcrumb"},"inLanguage":"cs","potentialAction":[{"@type":"ReadAction","target":["https:\/\/emailchef.com\/cs\/templates\/"]}]},{"@type":"BreadcrumbList","@id":"https:\/\/emailchef.com\/cs\/templates\/#breadcrumb","itemListElement":[{"@type":"ListItem","position":1,"name":"Home","item":"https:\/\/emailchef.com\/cs\/emailchef-sluzby-email-marketingu\/"},{"@type":"ListItem","position":2,"name":"Templates"}]},{"@type":"WebSite","@id":"https:\/\/emailchef.com\/cs\/#website","url":"https:\/\/emailchef.com\/cs\/","name":"Emailchef","description":"Chutn\u00e9 recepty pro email marketing","publisher":{"@id":"https:\/\/emailchef.com\/cs\/#organization"},"potentialAction":[{"@type":"SearchAction","target":{"@type":"EntryPoint","urlTemplate":"https:\/\/emailchef.com\/cs\/?s={search_term_string}"},"query-input":{"@type":"PropertyValueSpecification","valueRequired":true,"valueName":"search_term_string"}}],"inLanguage":"cs"},{"@type":"Organization","@id":"https:\/\/emailchef.com\/cs\/#organization","name":"Delivery Tech Corp.","url":"https:\/\/emailchef.com\/cs\/","logo":{"@type":"ImageObject","inLanguage":"cs","@id":"https:\/\/emailchef.com\/cs\/#\/schema\/logo\/image\/","url":"https:\/\/emailchef.com\/wp-content\/uploads\/2022\/04\/logo-sama.png","contentUrl":"https:\/\/emailchef.com\/wp-content\/uploads\/2022\/04\/logo-sama.png","width":237,"height":80,"caption":"Delivery Tech Corp."},"image":{"@id":"https:\/\/emailchef.com\/cs\/#\/schema\/logo\/image\/"}}]}},"_links":{"self":[{"href":"https:\/\/emailchef.com\/cs\/wp-json\/wp\/v2\/pages\/28126"}],"collection":[{"href":"https:\/\/emailchef.com\/cs\/wp-json\/wp\/v2\/pages"}],"about":[{"href":"https:\/\/emailchef.com\/cs\/wp-json\/wp\/v2\/types\/page"}],"author":[{"embeddable":true,"href":"https:\/\/emailchef.com\/cs\/wp-json\/wp\/v2\/users\/2"}],"replies":[{"embeddable":true,"href":"https:\/\/emailchef.com\/cs\/wp-json\/wp\/v2\/comments?post=28126"}],"version-history":[{"count":21,"href":"https:\/\/emailchef.com\/cs\/wp-json\/wp\/v2\/pages\/28126\/revisions"}],"predecessor-version":[{"id":54195,"href":"https:\/\/emailchef.com\/cs\/wp-json\/wp\/v2\/pages\/28126\/revisions\/54195"}],"wp:attachment":[{"href":"https:\/\/emailchef.com\/cs\/wp-json\/wp\/v2\/media?parent=28126"}],"wp:term":[{"taxonomy":"g1_relation_tag","embeddable":true,"href":"https:\/\/emailchef.com\/cs\/wp-json\/wp\/v2\/g1_relation_tag?post=28126"}],"curies":[{"name":"wp","href":"https:\/\/api.w.org\/{rel}","templated":true}]}}